{"id":1788,"date":"2016-07-15T14:19:20","date_gmt":"2016-07-15T11:19:20","guid":{"rendered":"https:\/\/devgedent.com\/uber-uns\/"},"modified":"2023-09-12T13:43:06","modified_gmt":"2023-09-12T10:43:06","slug":"uber-uns","status":"publish","type":"page","link":"https:\/\/devgedent.com\/de\/unternehmen\/uber-uns\/","title":{"rendered":"\u00dcber uns"},"content":{"rendered":"<div id='av-layout-grid-1'  class='av-layout-grid-container entry-content-wrapper main_color av-flex-cells     avia-builder-el-0  el_before_av_section  avia-builder-el-first  container_wrap fullsize' style=' '  >\n<div class=\"flex_cell no_margin av_one_half  avia-builder-el-1  el_before_av_cell_one_half  avia-builder-el-first   avia-full-stretch \"  style='height:500px; min-height:500px;background: #f6f6f6; vertical-align:middle; padding:80px; background-color:#f6f6f6; ' ><div class='flex_cell_inner' ><p><div  style='padding-bottom:25px; color:#444444;font-size:34px;' class='av-special-heading av-special-heading-h1 custom-color-heading blockquote modern-quote  avia-builder-el-2  el_before_av_textblock  avia-builder-el-first  av-inherit-size '><div class ='av-subheading av-subheading_above av_custom_color ' style='font-size:15px;'><p>Von gestern auf heute<\/p>\n<\/div><h1 class='av-special-heading-tag '  itemprop=\"headline\"  >\u00dcber uns<\/h1><div class='special-heading-border'><div class='special-heading-inner-border' style='border-color:#444444'><\/div><\/div><\/div><br \/>\n<section class=\"av_textblock_section \"  itemscope=\"itemscope\" itemtype=\"https:\/\/schema.org\/CreativeWork\" ><div class='avia_textblock  av_inherit_color '  style='color:#444444; '  itemprop=\"text\" ><p>Als Devgedent ist der Schutz der Mund- und Zahngesundheit unserer Gesellschaft mit moderner Technologie immer unsere Priorit\u00e4t. Wir legen stets Wert auf nachhaltige Beziehungen f\u00fcr einen hochwertigen Behandlungsservice.<\/p>\n<\/div><\/section><\/p>\n<\/div><\/div><div class=\"flex_cell no_margin av_one_half  avia-builder-el-4  el_after_av_cell_one_half  avia-builder-el-last   avia-full-stretch \"  style='height:500px; min-height:500px;background:url(https:\/\/devgedent.com\/wp-content\/uploads\/2021\/02\/devgedent-splash-00-1030x579.jpg) center center no-repeat scroll #22689e; vertical-align:middle; padding:80px; background-color:#22689e; ' ><div class='flex_cell_inner' ><\/div><\/div><\/div><div id='av_section_1'  class='avia-section main_color avia-section-huge avia-no-border-styling  avia-bg-style-scroll  avia-builder-el-5  el_after_av_layout_row  avia-builder-el-last   container_wrap fullsize' style=' '  ><div class='container' ><div class='template-page content  av-content-full alpha units'><div class='post-entry post-entry-type-page post-entry-1788'><div class='entry-content-wrapper clearfix'>\n<div class=\"flex_column av_one_half  av-animated-generic bottom-to-top  flex_column_div av-zero-column-padding first  avia-builder-el-6  el_before_av_one_half  avia-builder-el-first  \" style='border-radius:0px; '><p><div  style='padding-bottom:20px; font-size:34px;' class='av-special-heading av-special-heading-h3  blockquote modern-quote  avia-builder-el-7  el_before_av_textblock  avia-builder-el-first  av-inherit-size '><div class ='av-subheading av-subheading_above  ' style='font-size:15px;'><p>Unser Gr\u00fcnder<\/p>\n<\/div><h3 class='av-special-heading-tag '  itemprop=\"headline\"  >\u00dcber Serdar Devge<\/h3><div class='special-heading-border'><div class='special-heading-inner-border' ><\/div><\/div><\/div><br \/>\n<section class=\"av_textblock_section \"  itemscope=\"itemscope\" itemtype=\"https:\/\/schema.org\/CreativeWork\" ><div class='avia_textblock  '   itemprop=\"text\" ><p>Serdar Devge wurde am 16.11.1954 geboren und machte 1978 seinen Abschluss an der zahnmedizinischen Fakult\u00e4t der Marmara Universit\u00e4t.<\/p>\n<p>Im Jahr 1982 er\u00f6ffnete er seine erste Klinik im Bezirk Kad\u0131k\u00f6y in Istanbul. Danach zog er in den Bezirk \u00dcmraniye.<\/p>\n<p>Serdar Devge begann 1991 gleichzeitig als Zahnarzt im Haydarpa\u015fa Numune Krankenhaus, Poliklinik Bezirk \u00dcmraniye, zu arbeiten. Er ist 2017 in den Ruhestand gegangen.<\/p>\n<\/div><\/section><br \/>\n<div  style='padding-bottom:20px; font-size:34px;' class='av-special-heading av-special-heading-h3  blockquote modern-quote  avia-builder-el-9  el_after_av_textblock  el_before_av_textblock  av-inherit-size '><div class ='av-subheading av-subheading_above  ' style='font-size:15px;'><p>und heute<\/p>\n<\/div><h3 class='av-special-heading-tag '  itemprop=\"headline\"  >\u00dcber DEVGEDENT<\/h3><div class='special-heading-border'><div class='special-heading-inner-border' ><\/div><\/div><\/div><br \/>\n<section class=\"av_textblock_section \"  itemscope=\"itemscope\" itemtype=\"https:\/\/schema.org\/CreativeWork\" ><div class='avia_textblock  '   itemprop=\"text\" ><p>Zwischen 1982 und 2020 hat er allein \u00fcber 30.000 registrierte Patienten behandelt. Diesen Erfolg sichern wir heute mit unserem fachkundigen Personal und mit Sorgfalt in allen Bereichen der Zahnmedizin.<\/p>\n<p>Wir bieten unseren Patienten weiterhin L\u00f6sungen an, indem wir alle Fachdisziplinen des von Serdar Devge ausge\u00fcbten Berufs, der im Kern eine Kunst ist, mit der heutigen Technologie kombinieren.<\/p>\n<p>Unsere Klinik stellt die Zufriedenheit ihrer Patienten in den Mittelpunkt. Sie verf\u00fcgt \u00fcber spezialisierte \u00c4rzte, voll ausgestattete Behandlungsger\u00e4te, eine minimalistische, ger\u00e4umige und moderne Architektur und eine Struktur, die auf die Bed\u00fcrfnisse ihrer G\u00e4ste ausgerichtet ist.<\/p>\n<\/div><\/section><\/p><\/div><div class=\"flex_column av_one_half  av-animated-generic bottom-to-top  flex_column_div av-zero-column-padding   avia-builder-el-11  el_after_av_one_half  avia-builder-el-last  \" style='border-radius:0px; '><div  class='avia-image-container  av-styling-    avia-builder-el-12  avia-builder-el-no-sibling  avia-align-center '  itemprop=\"image\" itemscope=\"itemscope\" itemtype=\"https:\/\/schema.org\/ImageObject\"  ><div class='avia-image-container-inner'><div class='avia-image-overlay-wrap'><img decoding=\"async\" class='wp-image-1642 avia-img-lazy-loading-not-1642 avia_image' src=\"https:\/\/devgedent.com\/wp-content\/uploads\/2021\/10\/devgedent-serdar-devge-01.jpg\" alt='' title='' height=\"1000\" width=\"1000\"  itemprop=\"thumbnailUrl\" srcset=\"https:\/\/devgedent.com\/wp-content\/uploads\/2021\/10\/devgedent-serdar-devge-01.jpg 1000w, https:\/\/devgedent.com\/wp-content\/uploads\/2021\/10\/devgedent-serdar-devge-01-300x300.jpg 300w, https:\/\/devgedent.com\/wp-content\/uploads\/2021\/10\/devgedent-serdar-devge-01-80x80.jpg 80w, https:\/\/devgedent.com\/wp-content\/uploads\/2021\/10\/devgedent-serdar-devge-01-768x768.jpg 768w, https:\/\/devgedent.com\/wp-content\/uploads\/2021\/10\/devgedent-serdar-devge-01-36x36.jpg 36w, https:\/\/devgedent.com\/wp-content\/uploads\/2021\/10\/devgedent-serdar-devge-01-180x180.jpg 180w, https:\/\/devgedent.com\/wp-content\/uploads\/2021\/10\/devgedent-serdar-devge-01-705x705.jpg 705w\" sizes=\"(max-width: 1000px) 100vw, 1000px\" \/><\/div><\/div><\/div><\/div>\n<\/p>\n","protected":false},"excerpt":{"rendered":"","protected":false},"author":1,"featured_media":0,"parent":1804,"menu_order":0,"comment_status":"closed","ping_status":"closed","template":"","meta":{"_joinchat":[],"footnotes":""},"class_list":["post-1788","page","type-page","status-publish","hentry"],"yoast_head":"<!-- This site is optimized with the Yoast SEO plugin v21.1 - https:\/\/yoast.com\/wordpress\/plugins\/seo\/ -->\n<title>\u00dcber uns - DEVGEDENT<\/title>\n<meta name=\"robots\" content=\"index, follow, max-snippet:-1, max-image-preview:large, max-video-preview:-1\" \/>\n<link rel=\"canonical\" href=\"https:\/\/devgedent.com\/de\/unternehmen\/uber-uns\/\" \/>\n<meta property=\"og:locale\" content=\"de_DE\" \/>\n<meta property=\"og:type\" content=\"article\" \/>\n<meta property=\"og:title\" content=\"\u00dcber uns - DEVGEDENT\" \/>\n<meta property=\"og:url\" content=\"https:\/\/devgedent.com\/de\/unternehmen\/uber-uns\/\" \/>\n<meta property=\"og:site_name\" content=\"DEVGEDENT\" \/>\n<meta property=\"article:publisher\" content=\"https:\/\/www.facebook.com\/devgedent\/\" \/>\n<meta property=\"article:modified_time\" content=\"2023-09-12T10:43:06+00:00\" \/>\n<meta name=\"twitter:card\" content=\"summary_large_image\" \/>\n<meta name=\"twitter:label1\" content=\"Gesch\u00e4tzte Lesezeit\" \/>\n\t<meta name=\"twitter:data1\" content=\"3\u00a0Minuten\" \/>\n<script type=\"application\/ld+json\" class=\"yoast-schema-graph\">{\"@context\":\"https:\/\/schema.org\",\"@graph\":[{\"@type\":\"WebPage\",\"@id\":\"https:\/\/devgedent.com\/de\/unternehmen\/uber-uns\/\",\"url\":\"https:\/\/devgedent.com\/de\/unternehmen\/uber-uns\/\",\"name\":\"\u00dcber uns - DEVGEDENT\",\"isPartOf\":{\"@id\":\"https:\/\/devgedent.com\/#website\"},\"datePublished\":\"2016-07-15T11:19:20+00:00\",\"dateModified\":\"2023-09-12T10:43:06+00:00\",\"breadcrumb\":{\"@id\":\"https:\/\/devgedent.com\/de\/unternehmen\/uber-uns\/#breadcrumb\"},\"inLanguage\":\"de\",\"potentialAction\":[{\"@type\":\"ReadAction\",\"target\":[\"https:\/\/devgedent.com\/de\/unternehmen\/uber-uns\/\"]}]},{\"@type\":\"BreadcrumbList\",\"@id\":\"https:\/\/devgedent.com\/de\/unternehmen\/uber-uns\/#breadcrumb\",\"itemListElement\":[{\"@type\":\"ListItem\",\"position\":1,\"name\":\"Anasayfa\",\"item\":\"https:\/\/devgedent.com\/de\/startseite\/\"},{\"@type\":\"ListItem\",\"position\":2,\"name\":\"Unternehmen\",\"item\":\"https:\/\/devgedent.com\/de\/unternehmen\/\"},{\"@type\":\"ListItem\",\"position\":3,\"name\":\"\u00dcber uns\"}]},{\"@type\":\"WebSite\",\"@id\":\"https:\/\/devgedent.com\/#website\",\"url\":\"https:\/\/devgedent.com\/\",\"name\":\"DEVGEDENT\",\"description\":\"Devgedent - Umraniye - Agiz ve Dis Sagligi Poliklinigi - 2163356132 \/ 5347834164\",\"publisher\":{\"@id\":\"https:\/\/devgedent.com\/#organization\"},\"potentialAction\":[{\"@type\":\"SearchAction\",\"target\":{\"@type\":\"EntryPoint\",\"urlTemplate\":\"https:\/\/devgedent.com\/?s={search_term_string}\"},\"query-input\":\"required name=search_term_string\"}],\"inLanguage\":\"de\"},{\"@type\":\"Organization\",\"@id\":\"https:\/\/devgedent.com\/#organization\",\"name\":\"DEVGEDENT\",\"url\":\"https:\/\/devgedent.com\/\",\"logo\":{\"@type\":\"ImageObject\",\"inLanguage\":\"de\",\"@id\":\"https:\/\/devgedent.com\/#\/schema\/logo\/image\/\",\"url\":\"https:\/\/devgedent.com\/wp-content\/uploads\/2021\/02\/devgedent-logo.png\",\"contentUrl\":\"https:\/\/devgedent.com\/wp-content\/uploads\/2021\/02\/devgedent-logo.png\",\"width\":440,\"height\":156,\"caption\":\"DEVGEDENT\"},\"image\":{\"@id\":\"https:\/\/devgedent.com\/#\/schema\/logo\/image\/\"},\"sameAs\":[\"https:\/\/www.facebook.com\/devgedent\/\",\"https:\/\/www.instagram.com\/devgedent\/\"]}]}<\/script>\n<!-- \/ Yoast SEO plugin. -->","yoast_head_json":{"title":"\u00dcber uns - DEVGEDENT","robots":{"index":"index","follow":"follow","max-snippet":"max-snippet:-1","max-image-preview":"max-image-preview:large","max-video-preview":"max-video-preview:-1"},"canonical":"https:\/\/devgedent.com\/de\/unternehmen\/uber-uns\/","og_locale":"de_DE","og_type":"article","og_title":"\u00dcber uns - DEVGEDENT","og_url":"https:\/\/devgedent.com\/de\/unternehmen\/uber-uns\/","og_site_name":"DEVGEDENT","article_publisher":"https:\/\/www.facebook.com\/devgedent\/","article_modified_time":"2023-09-12T10:43:06+00:00","twitter_card":"summary_large_image","twitter_misc":{"Gesch\u00e4tzte Lesezeit":"3\u00a0Minuten"},"schema":{"@context":"https:\/\/schema.org","@graph":[{"@type":"WebPage","@id":"https:\/\/devgedent.com\/de\/unternehmen\/uber-uns\/","url":"https:\/\/devgedent.com\/de\/unternehmen\/uber-uns\/","name":"\u00dcber uns - DEVGEDENT","isPartOf":{"@id":"https:\/\/devgedent.com\/#website"},"datePublished":"2016-07-15T11:19:20+00:00","dateModified":"2023-09-12T10:43:06+00:00","breadcrumb":{"@id":"https:\/\/devgedent.com\/de\/unternehmen\/uber-uns\/#breadcrumb"},"inLanguage":"de","potentialAction":[{"@type":"ReadAction","target":["https:\/\/devgedent.com\/de\/unternehmen\/uber-uns\/"]}]},{"@type":"BreadcrumbList","@id":"https:\/\/devgedent.com\/de\/unternehmen\/uber-uns\/#breadcrumb","itemListElement":[{"@type":"ListItem","position":1,"name":"Anasayfa","item":"https:\/\/devgedent.com\/de\/startseite\/"},{"@type":"ListItem","position":2,"name":"Unternehmen","item":"https:\/\/devgedent.com\/de\/unternehmen\/"},{"@type":"ListItem","position":3,"name":"\u00dcber uns"}]},{"@type":"WebSite","@id":"https:\/\/devgedent.com\/#website","url":"https:\/\/devgedent.com\/","name":"DEVGEDENT","description":"Devgedent - Umraniye - Agiz ve Dis Sagligi Poliklinigi - 2163356132 \/ 5347834164","publisher":{"@id":"https:\/\/devgedent.com\/#organization"},"potentialAction":[{"@type":"SearchAction","target":{"@type":"EntryPoint","urlTemplate":"https:\/\/devgedent.com\/?s={search_term_string}"},"query-input":"required name=search_term_string"}],"inLanguage":"de"},{"@type":"Organization","@id":"https:\/\/devgedent.com\/#organization","name":"DEVGEDENT","url":"https:\/\/devgedent.com\/","logo":{"@type":"ImageObject","inLanguage":"de","@id":"https:\/\/devgedent.com\/#\/schema\/logo\/image\/","url":"https:\/\/devgedent.com\/wp-content\/uploads\/2021\/02\/devgedent-logo.png","contentUrl":"https:\/\/devgedent.com\/wp-content\/uploads\/2021\/02\/devgedent-logo.png","width":440,"height":156,"caption":"DEVGEDENT"},"image":{"@id":"https:\/\/devgedent.com\/#\/schema\/logo\/image\/"},"sameAs":["https:\/\/www.facebook.com\/devgedent\/","https:\/\/www.instagram.com\/devgedent\/"]}]}},"_links":{"self":[{"href":"https:\/\/devgedent.com\/de\/wp-json\/wp\/v2\/pages\/1788","targetHints":{"allow":["GET"]}}],"collection":[{"href":"https:\/\/devgedent.com\/de\/wp-json\/wp\/v2\/pages"}],"about":[{"href":"https:\/\/devgedent.com\/de\/wp-json\/wp\/v2\/types\/page"}],"author":[{"embeddable":true,"href":"https:\/\/devgedent.com\/de\/wp-json\/wp\/v2\/users\/1"}],"replies":[{"embeddable":true,"href":"https:\/\/devgedent.com\/de\/wp-json\/wp\/v2\/comments?post=1788"}],"version-history":[{"count":2,"href":"https:\/\/devgedent.com\/de\/wp-json\/wp\/v2\/pages\/1788\/revisions"}],"predecessor-version":[{"id":1942,"href":"https:\/\/devgedent.com\/de\/wp-json\/wp\/v2\/pages\/1788\/revisions\/1942"}],"up":[{"embeddable":true,"href":"https:\/\/devgedent.com\/de\/wp-json\/wp\/v2\/pages\/1804"}],"wp:attachment":[{"href":"https:\/\/devgedent.com\/de\/wp-json\/wp\/v2\/media?parent=1788"}],"curies":[{"name":"wp","href":"https:\/\/api.w.org\/{rel}","templated":true}]}}