{"id":1789,"date":"2016-07-15T14:19:13","date_gmt":"2016-07-15T11:19:13","guid":{"rendered":"https:\/\/devgedent.com\/unser-team\/"},"modified":"2024-03-22T13:10:30","modified_gmt":"2024-03-22T10:10:30","slug":"unser-team","status":"publish","type":"page","link":"https:\/\/devgedent.com\/de\/unternehmen\/unser-team\/","title":{"rendered":"Unser Team"},"content":{"rendered":"<div id='av-layout-grid-1'  class='av-layout-grid-container entry-content-wrapper main_color av-flex-cells     avia-builder-el-0  el_before_av_section  avia-builder-el-first  container_wrap fullsize' style=' '  >\n<div class=\"flex_cell no_margin av_one_half  avia-builder-el-1  el_before_av_cell_one_half  avia-builder-el-first   avia-full-stretch av-zero-padding \"  style='height:500px; min-height:500px;background:url(https:\/\/devgedent.com\/wp-content\/uploads\/2021\/10\/devgedent-klinik-11.jpg) center center no-repeat scroll #22689e; vertical-align:middle; padding:0px; background-color:#22689e; ' ><div class='flex_cell_inner' ><\/div><\/div><div class=\"flex_cell no_margin av_one_half  avia-builder-el-2  el_after_av_cell_one_half  avia-builder-el-last   \"  style='height:500px; min-height:500px;background: #444444; vertical-align:middle; padding:80px; background-color:#444444; ' ><div class='flex_cell_inner' ><div  style='padding-bottom:25px; color:#f6f6f6;font-size:34px;' class='av-special-heading av-special-heading-h1 custom-color-heading blockquote modern-quote  avia-builder-el-3  avia-builder-el-no-sibling  av-inherit-size '><div class ='av-subheading av-subheading_above av_custom_color ' style='font-size:15px;'><p>DEVGEDENT-Team<\/p>\n<\/div><h1 class='av-special-heading-tag '  itemprop=\"headline\"  >Unsere Zahn\u00e4rzte und Mitarbeiter<\/h1><div class='special-heading-border'><div class='special-heading-inner-border' style='border-color:#f6f6f6'><\/div><\/div><\/div>\n<\/div><\/div>\n<\/div>\n<div id='av_section_1'  class='avia-section main_color avia-section-large avia-no-border-styling  avia-bg-style-scroll  avia-builder-el-4  el_after_av_layout_row  el_before_av_section   container_wrap fullsize' style='background-color: #f6f6f6;  '  ><div class='container' ><div class='template-page content  av-content-full alpha units'><div class='post-entry post-entry-type-page post-entry-1789'><div class='entry-content-wrapper clearfix'>\n<div class=\"flex_column av_one_third  flex_column_div av-zero-column-padding first  avia-builder-el-5  el_before_av_one_third  avia-builder-el-first  \" style='border-radius:0px; '><\/div><div class=\"flex_column av_one_third  flex_column_div av-zero-column-padding   avia-builder-el-6  el_after_av_one_third  el_before_av_one_third  \" style='border-radius:0px; '><p><section  class='avia-team-member   avia-builder-el-7  el_before_av_textblock  avia-builder-el-first '  itemscope=\"itemscope\" itemtype=\"https:\/\/schema.org\/Person\" ><div class='team-img-container'><img decoding=\"async\" width=\"2000\" height=\"1333\" class='wp-image-1145 avia-img-lazy-loading-not-1145 avia_image avia_image_team' src=\"https:\/\/devgedent.com\/wp-content\/uploads\/2021\/02\/dis-hekimi-serdar-devge.jpg\" alt='Serdar Devge'  itemprop=\"image\" srcset=\"https:\/\/devgedent.com\/wp-content\/uploads\/2021\/02\/dis-hekimi-serdar-devge.jpg 2000w, https:\/\/devgedent.com\/wp-content\/uploads\/2021\/02\/dis-hekimi-serdar-devge-300x200.jpg 300w, https:\/\/devgedent.com\/wp-content\/uploads\/2021\/02\/dis-hekimi-serdar-devge-1030x686.jpg 1030w, https:\/\/devgedent.com\/wp-content\/uploads\/2021\/02\/dis-hekimi-serdar-devge-768x512.jpg 768w, https:\/\/devgedent.com\/wp-content\/uploads\/2021\/02\/dis-hekimi-serdar-devge-1536x1024.jpg 1536w, https:\/\/devgedent.com\/wp-content\/uploads\/2021\/02\/dis-hekimi-serdar-devge-1500x1000.jpg 1500w, https:\/\/devgedent.com\/wp-content\/uploads\/2021\/02\/dis-hekimi-serdar-devge-705x470.jpg 705w\" sizes=\"(max-width: 2000px) 100vw, 2000px\" \/><\/div><h3 class='team-member-name'   style='color:#444444; '  itemprop=\"name\" >Serdar Devge<\/h3><div class='team-member-job-title av_opacity_variation'  style='color:#444444; '  itemprop=\"jobTitle\" >Zahnarzt<\/div><span class='hidden team-member-affiliation'  itemprop=\"affiliation\" >DEVGEDENT<\/span><\/section><br \/>\n<section class=\"av_textblock_section \"  itemscope=\"itemscope\" itemtype=\"https:\/\/schema.org\/CreativeWork\" ><div class='avia_textblock  av_inherit_color '  style='font-size:15px; color:#444444; '  itemprop=\"text\" ><p>Serdar Devge wurde 1954 in Giresun geboren und schloss 1978 sein Studium an der Fakult\u00e4t f\u00fcr Zahnmedizin der Marmara-Universit\u00e4t erfolgreich ab. 1982 er\u00f6ffnete er dann seine erste Praxis im Istanbuler Stadtteil Kad\u0131k\u00f6y. Sp\u00e4ter zog er in den Bezirk \u00dcmraniye. Serdar Devge begann 1991 als Zahnarzt in der Poliklinik des Bezirks \u00dcmraniye im Haydarpa\u015fa Numune Hospital zu arbeiten. Er ging 2017 in den Ruhestand und betreut seine Patienten weiterhin als aktiver Zahnarzt in Devgedent.<\/p>\n<\/div><\/section><\/p><\/div><div class=\"flex_column av_one_third  flex_column_div av-zero-column-padding   avia-builder-el-9  el_after_av_one_third  avia-builder-el-last  \" style='border-radius:0px; '><\/div>\n\n<\/div><\/div><\/div><!-- close content main div --><\/div><\/div><div id='av_section_2'  class='avia-section main_color avia-section-default avia-no-border-styling  avia-bg-style-scroll  avia-builder-el-10  el_after_av_section  avia-builder-el-last   container_wrap fullsize' style=' '  ><div class='container' ><div class='template-page content  av-content-full alpha units'><div class='post-entry post-entry-type-page post-entry-1789'><div class='entry-content-wrapper clearfix'>\n<div class='flex_column_table av-equal-height-column-flextable -flextable' ><div class=\"flex_column av_one_third  flex_column_table_cell av-equal-height-column av-align-top av-zero-column-padding first  avia-builder-el-11  el_before_av_one_third  avia-builder-el-first  \" style='border-radius:0px; '><p><section  class='avia-team-member   avia-builder-el-12  el_before_av_textblock  avia-builder-el-first '  itemscope=\"itemscope\" itemtype=\"https:\/\/schema.org\/Person\" ><div class='team-img-container'><img decoding=\"async\" width=\"495\" height=\"400\" class='wp-image-1143 avia-img-lazy-loading-not-1143 avia_image avia_image_team' src=\"https:\/\/devgedent.com\/wp-content\/uploads\/2021\/02\/dis-hekimi-gokhan-495x400.jpg\" alt='G\u00f6khan CANKO'  itemprop=\"image\" srcset=\"https:\/\/devgedent.com\/wp-content\/uploads\/2021\/02\/dis-hekimi-gokhan-495x400.jpg 495w, https:\/\/devgedent.com\/wp-content\/uploads\/2021\/02\/dis-hekimi-gokhan-845x684.jpg 845w\" sizes=\"(max-width: 495px) 100vw, 495px\" \/><\/div><h3 class='team-member-name'    itemprop=\"name\" >G\u00f6khan CANKO<\/h3><div class='team-member-job-title '   itemprop=\"jobTitle\" >Fachzahnarzt f\u00fcr Kiefer- und Gesichtschirurgie \/ Implantologie<\/div><span class='hidden team-member-affiliation'  itemprop=\"affiliation\" >DEVGEDENT<\/span><\/section><br \/>\n<section class=\"av_textblock_section \"  itemscope=\"itemscope\" itemtype=\"https:\/\/schema.org\/CreativeWork\" ><div class='avia_textblock  av_inherit_color '  style='font-size:15px; color:#444444; '  itemprop=\"text\" ><p>Er wurde 1995 in Istanbul geboren. 2013 machte er seinen Abschluss am Anatolischen Gymnasium Atat\u00fcrk in Be\u015fikta\u015f. 2020 schloss er sein Studium an der zahnmedizinischen Fakult\u00e4t der Yeditepe Universit\u00e4t ab, in die er 2015 eingetreten war, und begann dann seine Promotion in der Abteilung f\u00fcr Mund-, Zahn- und Kieferchirurgie an der zahnmedizinischen Fakult\u00e4t der Bezmialem Vak\u0131f Universit\u00e4t. Er hat als Mitglied und Teilnehmer an verschiedenen nationalen und internationalen Kongressen teilgenommen. Unser Arzt, der Mitglied der Istanbuler Zahn\u00e4rztekammer und der Vereinigung f\u00fcr Mund-, Kiefer- und Gesichtschirurgie ist und seine Doktorandenausbildung fortsetzt, arbeitet als Facharzt f\u00fcr Mund-, Kiefer- und Gesichtschirurgie &#8211; Implantologie in unserer Poliklinik Devgedent Mund- und Zahngesundheit.<\/p>\n<\/div><\/section><\/p><\/div><div class='av-flex-placeholder'><\/div><div class=\"flex_column av_one_third  flex_column_table_cell av-equal-height-column av-align-top av-zero-column-padding   avia-builder-el-14  el_after_av_one_third  el_before_av_one_third  \" style='border-radius:0px; '><p><section  class='avia-team-member   avia-builder-el-15  el_before_av_textblock  avia-builder-el-first '  itemscope=\"itemscope\" itemtype=\"https:\/\/schema.org\/Person\" ><div class='team-img-container'><img decoding=\"async\" width=\"495\" height=\"400\" class='wp-image-1505 avia-img-lazy-loading-not-1505 avia_image avia_image_team' src=\"https:\/\/devgedent.com\/wp-content\/uploads\/2023\/02\/Gokhan-Ramazanoglu-495x400.jpeg\" alt='G\u00f6khan RAMAZANO\u011eLU'  itemprop=\"image\" srcset=\"https:\/\/devgedent.com\/wp-content\/uploads\/2023\/02\/Gokhan-Ramazanoglu-495x400.jpeg 495w, https:\/\/devgedent.com\/wp-content\/uploads\/2023\/02\/Gokhan-Ramazanoglu-845x684.jpeg 845w\" sizes=\"(max-width: 495px) 100vw, 495px\" \/><\/div><h3 class='team-member-name'    itemprop=\"name\" >G\u00f6khan RAMAZANO\u011eLU<\/h3><div class='team-member-job-title '   itemprop=\"jobTitle\" >Zahnarzt<\/div><span class='hidden team-member-affiliation'  itemprop=\"affiliation\" >DEVGEDENT<\/span><\/section><br \/>\n<section class=\"av_textblock_section \"  itemscope=\"itemscope\" itemtype=\"https:\/\/schema.org\/CreativeWork\" ><div class='avia_textblock  av_inherit_color '  style='font-size:15px; color:#444444; '  itemprop=\"text\" ><p>Er wurde 1998 in Mardin geboren. 2015 machte er seinen Abschluss am Anatolischen Lehrergymnasium in Mardin. 2017 begann er sein Studium an der Istanbul Ayd\u0131n Universit\u00e4t. Nach einem 1-j\u00e4hrigen Studium hier wechselte er an die Biruni Universit\u00e4t und schloss sein Studium 2022 ab. Er ist Mitglied der TDB (T\u00fcrkische Zahn\u00e4rztevereinigung). Er spricht Englisch.<\/p>\n<\/div><\/section><\/p><\/div><div class='av-flex-placeholder'><\/div><div class=\"flex_column av_one_third  flex_column_table_cell av-equal-height-column av-align-top av-zero-column-padding   avia-builder-el-17  el_after_av_one_third  el_before_av_one_third  \" style='border-radius:0px; '><p><section  class='avia-team-member   avia-builder-el-18  el_before_av_textblock  avia-builder-el-first '  itemscope=\"itemscope\" itemtype=\"https:\/\/schema.org\/Person\" ><div class='team-img-container'><img decoding=\"async\" width=\"495\" height=\"400\" class='wp-image-1511 avia-img-lazy-loading-not-1511 avia_image avia_image_team' src=\"https:\/\/devgedent.com\/wp-content\/uploads\/2023\/02\/Selcuk-Mert-Ozcelik-495x400.jpg\" alt='Sel\u00e7uk Mert \u00d6z\u00e7elik'  itemprop=\"image\"  \/><\/div><h3 class='team-member-name'    itemprop=\"name\" >Sel\u00e7uk Mert \u00d6z\u00e7elik<\/h3><div class='team-member-job-title '   itemprop=\"jobTitle\" >Kinderzahnarzt<\/div><span class='hidden team-member-affiliation'  itemprop=\"affiliation\" >DEVGEDENT<\/span><\/section><br \/>\n<section class=\"av_textblock_section \"  itemscope=\"itemscope\" itemtype=\"https:\/\/schema.org\/CreativeWork\" ><div class='avia_textblock  av_inherit_color '  style='font-size:15px; color:#444444; '  itemprop=\"text\" ><p>Er wurde 1990 in Istanbul geboren. geboren. 2010 machte er seinen Abschluss am Franz\u00f6sischen Gymnasium Saint Benoit. 2016 schloss er sein Studium an der Bezmialem Fakult\u00e4t f\u00fcr Zahnmedizin ab und erwarb 2021 den Titel des Fachzahnarztes f\u00fcr Kinderheilkunde an der Marmara Universit\u00e4t. Er hat als Mitglied und Teilnehmer an verschiedenen nationalen und internationalen Kongressen teilgenommen. Zahn\u00e4rztekammer Istanbul, Er ist Mitglied der T\u00fcrkischen Gesellschaft f\u00fcr Kinderzahnheilkunde und der EAPD- Europ\u00e4ische Vereinigung f\u00fcr Kinderzahnheilkunde. Er arbeitet als Facharzt f\u00fcr Kinderzahnheilkunde in unserer Klinik.<\/p>\n<\/div><\/section><\/p><\/div><\/div><!--close column table wrapper. Autoclose: 1 --><div class=\"flex_column av_one_third  flex_column_div av-zero-column-padding first  avia-builder-el-20  el_after_av_one_third  el_before_av_one_third  column-top-margin\" style='border-radius:0px; '><p><section  class='avia-team-member   avia-builder-el-21  el_before_av_textblock  avia-builder-el-first '  itemscope=\"itemscope\" itemtype=\"https:\/\/schema.org\/Person\" ><div class='team-img-container'><img decoding=\"async\" width=\"495\" height=\"400\" class='wp-image-1525 avia-img-lazy-loading-not-1525 avia_image avia_image_team' src=\"https:\/\/devgedent.com\/wp-content\/uploads\/2023\/04\/b0847ef8-9a40-43be-996d-81bce39c29fa-495x400.jpg\" alt='Bur\u00e7in Ar\u0131can Alpay'  itemprop=\"image\"  \/><\/div><h3 class='team-member-name'    itemprop=\"name\" >Bur\u00e7in Ar\u0131can Alpay<\/h3><div class='team-member-job-title '   itemprop=\"jobTitle\" >Fachzahnarzt f\u00fcr Endodontie<\/div><span class='hidden team-member-affiliation'  itemprop=\"affiliation\" >DEVGEDENT<\/span><\/section><br \/>\n<section class=\"av_textblock_section \"  itemscope=\"itemscope\" itemtype=\"https:\/\/schema.org\/CreativeWork\" ><div class='avia_textblock  av_inherit_color '  style='font-size:15px; color:#444444; '  itemprop=\"text\" ><p>Dr. med. dent. Bur\u00e7in Ar\u0131can Alpay machte 2010 ihren Abschluss an der Fakult\u00e4t f\u00fcr Zahnmedizin der Marmara Universit\u00e4t. Sie promovierte 2015 an der Fakult\u00e4t f\u00fcr Zahnmedizin der Marmara Universit\u00e4t, Fachbereich f\u00fcr Endodontie. Zwischen 2015- 2017 arbeitete sie als Endodontie-Spezialistin in vielen Kliniken und bereitete Fragenbanken f\u00fcr die DUS-Pr\u00fcfung vor. 2017 kehrte sie ins akademische Leben zur\u00fcck und arbeitete als Assistenzprofessorin an der Fakult\u00e4t f\u00fcr Zahnmedizin der Istanbul Okan Universit\u00e4t, Fachbereich f\u00fcr Endodontie. Sie begann, als Dozentin zu arbeiten. 2021: Sie begann sie ihre Arbeit an der Fakult\u00e4t f\u00fcr Zahnmedizin der Istanbul Bah\u00e7e\u015fehir Universit\u00e4t, Fachbereich Endodontie, als Mitglied des Kollegiums und erhielt 2022 den Titel Au\u00dferordentliche Professorin. Es gibt viele Publikationen und TUBITAK-Projekte in nationalen und internationalen Peer-Review-Zeitschriften. Sie macht ihren Master-Abschluss in K\u00fcnstlicher Intelligenz.<\/p>\n<\/div><\/section><\/p><\/div><div class=\"flex_column av_one_third  flex_column_div av-zero-column-padding   avia-builder-el-23  el_after_av_one_third  el_before_av_one_third  column-top-margin\" style='border-radius:0px; '><\/div><div class=\"flex_column av_one_third  flex_column_div av-zero-column-padding   avia-builder-el-24  el_after_av_one_third  avia-builder-el-last  column-top-margin\" style='border-radius:0px; '><\/div>\n","protected":false},"excerpt":{"rendered":"","protected":false},"author":1,"featured_media":0,"parent":1804,"menu_order":0,"comment_status":"closed","ping_status":"closed","template":"","meta":{"_joinchat":[],"footnotes":""},"class_list":["post-1789","page","type-page","status-publish","hentry"],"yoast_head":"<!-- This site is optimized with the Yoast SEO plugin v21.1 - https:\/\/yoast.com\/wordpress\/plugins\/seo\/ -->\n<title>Unser Team - DEVGEDENT<\/title>\n<meta name=\"robots\" content=\"index, follow, max-snippet:-1, max-image-preview:large, max-video-preview:-1\" \/>\n<link rel=\"canonical\" href=\"https:\/\/devgedent.com\/de\/unternehmen\/unser-team\/\" \/>\n<meta property=\"og:locale\" content=\"de_DE\" \/>\n<meta property=\"og:type\" content=\"article\" \/>\n<meta property=\"og:title\" content=\"Unser Team - DEVGEDENT\" \/>\n<meta property=\"og:url\" content=\"https:\/\/devgedent.com\/de\/unternehmen\/unser-team\/\" \/>\n<meta property=\"og:site_name\" content=\"DEVGEDENT\" \/>\n<meta property=\"article:publisher\" content=\"https:\/\/www.facebook.com\/devgedent\/\" \/>\n<meta property=\"article:modified_time\" content=\"2024-03-22T10:10:30+00:00\" \/>\n<meta name=\"twitter:card\" content=\"summary_large_image\" \/>\n<meta name=\"twitter:label1\" content=\"Gesch\u00e4tzte Lesezeit\" \/>\n\t<meta name=\"twitter:data1\" content=\"7\u00a0Minuten\" \/>\n<script type=\"application\/ld+json\" class=\"yoast-schema-graph\">{\"@context\":\"https:\/\/schema.org\",\"@graph\":[{\"@type\":\"WebPage\",\"@id\":\"https:\/\/devgedent.com\/de\/unternehmen\/unser-team\/\",\"url\":\"https:\/\/devgedent.com\/de\/unternehmen\/unser-team\/\",\"name\":\"Unser Team - DEVGEDENT\",\"isPartOf\":{\"@id\":\"https:\/\/devgedent.com\/#website\"},\"datePublished\":\"2016-07-15T11:19:13+00:00\",\"dateModified\":\"2024-03-22T10:10:30+00:00\",\"breadcrumb\":{\"@id\":\"https:\/\/devgedent.com\/de\/unternehmen\/unser-team\/#breadcrumb\"},\"inLanguage\":\"de\",\"potentialAction\":[{\"@type\":\"ReadAction\",\"target\":[\"https:\/\/devgedent.com\/de\/unternehmen\/unser-team\/\"]}]},{\"@type\":\"BreadcrumbList\",\"@id\":\"https:\/\/devgedent.com\/de\/unternehmen\/unser-team\/#breadcrumb\",\"itemListElement\":[{\"@type\":\"ListItem\",\"position\":1,\"name\":\"Anasayfa\",\"item\":\"https:\/\/devgedent.com\/de\/startseite\/\"},{\"@type\":\"ListItem\",\"position\":2,\"name\":\"Unternehmen\",\"item\":\"https:\/\/devgedent.com\/de\/unternehmen\/\"},{\"@type\":\"ListItem\",\"position\":3,\"name\":\"Unser Team\"}]},{\"@type\":\"WebSite\",\"@id\":\"https:\/\/devgedent.com\/#website\",\"url\":\"https:\/\/devgedent.com\/\",\"name\":\"DEVGEDENT\",\"description\":\"Devgedent - Umraniye - Agiz ve Dis Sagligi Poliklinigi - 2163356132 \/ 5347834164\",\"publisher\":{\"@id\":\"https:\/\/devgedent.com\/#organization\"},\"potentialAction\":[{\"@type\":\"SearchAction\",\"target\":{\"@type\":\"EntryPoint\",\"urlTemplate\":\"https:\/\/devgedent.com\/?s={search_term_string}\"},\"query-input\":\"required name=search_term_string\"}],\"inLanguage\":\"de\"},{\"@type\":\"Organization\",\"@id\":\"https:\/\/devgedent.com\/#organization\",\"name\":\"DEVGEDENT\",\"url\":\"https:\/\/devgedent.com\/\",\"logo\":{\"@type\":\"ImageObject\",\"inLanguage\":\"de\",\"@id\":\"https:\/\/devgedent.com\/#\/schema\/logo\/image\/\",\"url\":\"https:\/\/devgedent.com\/wp-content\/uploads\/2021\/02\/devgedent-logo.png\",\"contentUrl\":\"https:\/\/devgedent.com\/wp-content\/uploads\/2021\/02\/devgedent-logo.png\",\"width\":440,\"height\":156,\"caption\":\"DEVGEDENT\"},\"image\":{\"@id\":\"https:\/\/devgedent.com\/#\/schema\/logo\/image\/\"},\"sameAs\":[\"https:\/\/www.facebook.com\/devgedent\/\",\"https:\/\/www.instagram.com\/devgedent\/\"]}]}<\/script>\n<!-- \/ Yoast SEO plugin. -->","yoast_head_json":{"title":"Unser Team - DEVGEDENT","robots":{"index":"index","follow":"follow","max-snippet":"max-snippet:-1","max-image-preview":"max-image-preview:large","max-video-preview":"max-video-preview:-1"},"canonical":"https:\/\/devgedent.com\/de\/unternehmen\/unser-team\/","og_locale":"de_DE","og_type":"article","og_title":"Unser Team - DEVGEDENT","og_url":"https:\/\/devgedent.com\/de\/unternehmen\/unser-team\/","og_site_name":"DEVGEDENT","article_publisher":"https:\/\/www.facebook.com\/devgedent\/","article_modified_time":"2024-03-22T10:10:30+00:00","twitter_card":"summary_large_image","twitter_misc":{"Gesch\u00e4tzte Lesezeit":"7\u00a0Minuten"},"schema":{"@context":"https:\/\/schema.org","@graph":[{"@type":"WebPage","@id":"https:\/\/devgedent.com\/de\/unternehmen\/unser-team\/","url":"https:\/\/devgedent.com\/de\/unternehmen\/unser-team\/","name":"Unser Team - DEVGEDENT","isPartOf":{"@id":"https:\/\/devgedent.com\/#website"},"datePublished":"2016-07-15T11:19:13+00:00","dateModified":"2024-03-22T10:10:30+00:00","breadcrumb":{"@id":"https:\/\/devgedent.com\/de\/unternehmen\/unser-team\/#breadcrumb"},"inLanguage":"de","potentialAction":[{"@type":"ReadAction","target":["https:\/\/devgedent.com\/de\/unternehmen\/unser-team\/"]}]},{"@type":"BreadcrumbList","@id":"https:\/\/devgedent.com\/de\/unternehmen\/unser-team\/#breadcrumb","itemListElement":[{"@type":"ListItem","position":1,"name":"Anasayfa","item":"https:\/\/devgedent.com\/de\/startseite\/"},{"@type":"ListItem","position":2,"name":"Unternehmen","item":"https:\/\/devgedent.com\/de\/unternehmen\/"},{"@type":"ListItem","position":3,"name":"Unser Team"}]},{"@type":"WebSite","@id":"https:\/\/devgedent.com\/#website","url":"https:\/\/devgedent.com\/","name":"DEVGEDENT","description":"Devgedent - Umraniye - Agiz ve Dis Sagligi Poliklinigi - 2163356132 \/ 5347834164","publisher":{"@id":"https:\/\/devgedent.com\/#organization"},"potentialAction":[{"@type":"SearchAction","target":{"@type":"EntryPoint","urlTemplate":"https:\/\/devgedent.com\/?s={search_term_string}"},"query-input":"required name=search_term_string"}],"inLanguage":"de"},{"@type":"Organization","@id":"https:\/\/devgedent.com\/#organization","name":"DEVGEDENT","url":"https:\/\/devgedent.com\/","logo":{"@type":"ImageObject","inLanguage":"de","@id":"https:\/\/devgedent.com\/#\/schema\/logo\/image\/","url":"https:\/\/devgedent.com\/wp-content\/uploads\/2021\/02\/devgedent-logo.png","contentUrl":"https:\/\/devgedent.com\/wp-content\/uploads\/2021\/02\/devgedent-logo.png","width":440,"height":156,"caption":"DEVGEDENT"},"image":{"@id":"https:\/\/devgedent.com\/#\/schema\/logo\/image\/"},"sameAs":["https:\/\/www.facebook.com\/devgedent\/","https:\/\/www.instagram.com\/devgedent\/"]}]}},"_links":{"self":[{"href":"https:\/\/devgedent.com\/de\/wp-json\/wp\/v2\/pages\/1789","targetHints":{"allow":["GET"]}}],"collection":[{"href":"https:\/\/devgedent.com\/de\/wp-json\/wp\/v2\/pages"}],"about":[{"href":"https:\/\/devgedent.com\/de\/wp-json\/wp\/v2\/types\/page"}],"author":[{"embeddable":true,"href":"https:\/\/devgedent.com\/de\/wp-json\/wp\/v2\/users\/1"}],"replies":[{"embeddable":true,"href":"https:\/\/devgedent.com\/de\/wp-json\/wp\/v2\/comments?post=1789"}],"version-history":[{"count":3,"href":"https:\/\/devgedent.com\/de\/wp-json\/wp\/v2\/pages\/1789\/revisions"}],"predecessor-version":[{"id":2054,"href":"https:\/\/devgedent.com\/de\/wp-json\/wp\/v2\/pages\/1789\/revisions\/2054"}],"up":[{"embeddable":true,"href":"https:\/\/devgedent.com\/de\/wp-json\/wp\/v2\/pages\/1804"}],"wp:attachment":[{"href":"https:\/\/devgedent.com\/de\/wp-json\/wp\/v2\/media?parent=1789"}],"curies":[{"name":"wp","href":"https:\/\/api.w.org\/{rel}","templated":true}]}}