{"id":1790,"date":"2021-10-01T15:29:28","date_gmt":"2021-10-01T12:29:28","guid":{"rendered":"https:\/\/devgedent.com\/mund-kiefer-und-gesichtschirurgie\/"},"modified":"2023-08-17T16:00:42","modified_gmt":"2023-08-17T13:00:42","slug":"mund-kiefer-und-gesichtschirurgie","status":"publish","type":"page","link":"https:\/\/devgedent.com\/de\/mund-kiefer-und-gesichtschirurgie\/","title":{"rendered":"Mund-, Kiefer- und Gesichtschirurgie"},"content":{"rendered":"<div id='av_section_1'  class='avia-section main_color avia-section-default avia-no-border-styling  avia-bg-style-scroll  avia-builder-el-0  el_before_av_section  avia-builder-el-first   container_wrap fullsize' style='background-color: #59a689; background-image: linear-gradient(45deg,#59a689,#678c8a); '  ><div class='container' ><main  role=\"main\" itemprop=\"mainContentOfPage\"  class='template-page content  av-content-full alpha units'><div class='post-entry post-entry-type-page post-entry-1790'><div class='entry-content-wrapper clearfix'>\n<div class='flex_column_table av-equal-height-column-flextable -flextable' ><div class=\"flex_column av_one_half  av-animated-generic left-to-right  flex_column_table_cell av-equal-height-column av-align-middle av-zero-column-padding first  avia-builder-el-1  el_before_av_one_half  avia-builder-el-first  \" style='border-radius:0px; '><p><div  style='padding-bottom:10px; color:#ffffff;font-size:40px;' class='av-special-heading av-special-heading-h1 custom-color-heading blockquote modern-quote  avia-builder-el-2  el_before_av_textblock  avia-builder-el-first  av-inherit-size '><h1 class='av-special-heading-tag '  itemprop=\"headline\"  >Mund-, Kiefer- und Gesichtschirurgie<\/h1><div class='special-heading-border'><div class='special-heading-inner-border' style='border-color:#ffffff'><\/div><\/div><\/div><br \/>\n<section class=\"av_textblock_section \"  itemscope=\"itemscope\" itemtype=\"https:\/\/schema.org\/CreativeWork\" ><div class='avia_textblock  av_inherit_color '  style='color:#ffffff; '  itemprop=\"text\" ><p>Die Mund-, Zahn- und Kieferchirurgie ist einer der wichtigsten Zweige. Diese chirurgische Abteilung bietet die chirurgische Behandlung von funktionellen und \u00e4sthetischen Problemen, die durch angeborene oder erworbene Krankheiten, pathologische und alle Arten von traumatischen Ursachen im Hart- und Weichgewebe entstehen.<\/p>\n<p>Chirurgische Fachzahn\u00e4rzte, die in den entsprechenden Fachbereichen der zahnmedizinischen Fakult\u00e4t ausgebildet wurden, befassen sich mit der Diagnose von Kieferkrankheiten sowie Erkrankungen der Weichteile wie Lippen, Wangen, Zunge, Z\u00e4hne und den notwendigen chirurgischen Eingriffen.<\/p>\n<\/div><\/section><\/p><\/div><div class='av-flex-placeholder'><\/div><div class=\"flex_column av_one_half  av-animated-generic right-to-left  flex_column_table_cell av-equal-height-column av-align-middle av-zero-column-padding   avia-builder-el-4  el_after_av_one_half  avia-builder-el-last  \" style='border-radius:0px; '><div  class='avia-image-container  av-styling-    avia-builder-el-5  avia-builder-el-no-sibling  avia-align-center '  itemprop=\"image\" itemscope=\"itemscope\" itemtype=\"https:\/\/schema.org\/ImageObject\"  ><div class='avia-image-container-inner'><div class='avia-image-overlay-wrap'><img decoding=\"async\" class='wp-image-1668 avia-img-lazy-loading-not-1668 avia_image' src=\"https:\/\/devgedent.com\/wp-content\/uploads\/2023\/02\/devgedent-agiz-dis-cene-cerrahisi.png\" alt='' title='' height=\"650\" width=\"850\"  itemprop=\"thumbnailUrl\" srcset=\"https:\/\/devgedent.com\/wp-content\/uploads\/2023\/02\/devgedent-agiz-dis-cene-cerrahisi.png 850w, https:\/\/devgedent.com\/wp-content\/uploads\/2023\/02\/devgedent-agiz-dis-cene-cerrahisi-300x229.png 300w, https:\/\/devgedent.com\/wp-content\/uploads\/2023\/02\/devgedent-agiz-dis-cene-cerrahisi-768x587.png 768w, https:\/\/devgedent.com\/wp-content\/uploads\/2023\/02\/devgedent-agiz-dis-cene-cerrahisi-705x539.png 705w\" sizes=\"(max-width: 850px) 100vw, 850px\" \/><\/div><\/div><\/div><\/div><\/div><!--close column table wrapper. Autoclose: 1 --><\/div><\/div><\/main><!-- close content main element --><\/div><\/div><div id='av_section_2'  class='avia-section main_color avia-section-default avia-no-border-styling  avia-bg-style-scroll  avia-builder-el-6  el_after_av_section  avia-builder-el-last   container_wrap fullsize' style=' '  ><div class='container' ><div class='template-page content  av-content-full alpha units'><div class='post-entry post-entry-type-page post-entry-1790'><div class='entry-content-wrapper clearfix'>\n<div class=\"flex_column av_one_half  flex_column_div av-zero-column-padding first  avia-builder-el-7  el_before_av_one_half  avia-builder-el-first  \" style='border-radius:0px; '><p><div  style='padding-bottom:10px; ' class='av-special-heading av-special-heading-h3  blockquote modern-quote  avia-builder-el-8  el_before_av_textblock  avia-builder-el-first  '><h3 class='av-special-heading-tag '  itemprop=\"headline\"  >Die Mund-, Kiefer- und Gesichtschirurgie befasst sich mit folgendes:<\/h3><div class='special-heading-border'><div class='special-heading-inner-border' ><\/div><\/div><\/div><br \/>\n<section class=\"av_textblock_section \"  itemscope=\"itemscope\" itemtype=\"https:\/\/schema.org\/CreativeWork\" ><div class='avia_textblock  '   itemprop=\"text\" ><ul>\n<li>\u25cf Extraktionen von Z\u00e4hnen, die im Gaumen eingebettet sind,<\/li>\n<li>\u25cf Behandlung von eventuell auftretenden Infektionen,<\/li>\n<li>\u25cf Behandlungen von Erkrankungen im Weichteilbereich der Mundh\u00f6hle,<\/li>\n<li>\u25cf &#8222;Apikale Resektion&#8220; Behandlung von L\u00e4sionen innerhalb des Knochens,<\/li>\n<li>Behandlung von Frakturen im Kieferbereich,<\/li>\n<li>\u25cf Korrektur des Gewebes vor der Prothese,<\/li>\n<li>\u25cf Behandlung von Schmerzen im Gesichts- und Kieferbereich,<\/li>\n<li>\u25cf Behandlung von Kiefergelenkserkrankungen,<\/li>\n<li>\u25cf Behandlung von Speicheldr\u00fcsenerkrankungen,<\/li>\n<li>\u25cf Korrektur funktioneller und \u00e4sthetischer St\u00f6rungen,<\/li>\n<li>\u25cf Gewebebehandlung<\/li>\n<\/ul>\n<\/div><\/section><\/p><\/div><div class=\"flex_column av_one_half  flex_column_div av-zero-column-padding   avia-builder-el-10  el_after_av_one_half  avia-builder-el-last  \" style='border-radius:0px; '><p><div  style='padding-bottom:10px; ' class='av-special-heading av-special-heading-h3  blockquote modern-quote  avia-builder-el-11  el_before_av_textblock  avia-builder-el-first  '><h3 class='av-special-heading-tag '  itemprop=\"headline\"  >Wie verl\u00e4uft die Behandlung<\/h3><div class='special-heading-border'><div class='special-heading-inner-border' ><\/div><\/div><\/div><br \/>\n<section class=\"av_textblock_section \"  itemscope=\"itemscope\" itemtype=\"https:\/\/schema.org\/CreativeWork\" ><div class='avia_textblock  '   itemprop=\"text\" ><p>Mund-, Zahn- und Kieferbehandlungen werden von unseren Fach\u00e4rzten \u00e4u\u00dferst sorgf\u00e4ltig geplant. Die Behandlungsverfahren variieren je nach Art der Krankheit. Zun\u00e4chst wird der Patient von spezialisierten \u00c4rzten ger\u00f6ntgt und diagnostiziert. Dann wird die Behandlungsmethode festgelegt.<\/p>\n<p>Die Behandlungen werden von unserem Expertenteam durchgef\u00fchrt. Dank der zahn\u00e4rztlichen Behandlungen und Eingriffe am Kiefer erhalten unsere Patienten ein sch\u00f6neres L\u00e4cheln.<\/p>\n<\/div><\/section><\/p><\/div>\n<\/p>\n","protected":false},"excerpt":{"rendered":"","protected":false},"author":1,"featured_media":0,"parent":0,"menu_order":0,"comment_status":"closed","ping_status":"closed","template":"","meta":{"_joinchat":[],"footnotes":""},"class_list":["post-1790","page","type-page","status-publish","hentry"],"yoast_head":"<!-- This site is optimized with the Yoast SEO plugin v21.1 - https:\/\/yoast.com\/wordpress\/plugins\/seo\/ -->\n<title>Mund-, Kiefer- und Gesichtschirurgie - DEVGEDENT<\/title>\n<meta name=\"robots\" content=\"index, follow, max-snippet:-1, max-image-preview:large, max-video-preview:-1\" \/>\n<link rel=\"canonical\" href=\"https:\/\/devgedent.com\/de\/mund-kiefer-und-gesichtschirurgie\/\" \/>\n<meta property=\"og:locale\" content=\"de_DE\" \/>\n<meta property=\"og:type\" content=\"article\" \/>\n<meta property=\"og:title\" content=\"Mund-, Kiefer- und Gesichtschirurgie - DEVGEDENT\" \/>\n<meta property=\"og:url\" content=\"https:\/\/devgedent.com\/de\/mund-kiefer-und-gesichtschirurgie\/\" \/>\n<meta property=\"og:site_name\" content=\"DEVGEDENT\" \/>\n<meta property=\"article:publisher\" content=\"https:\/\/www.facebook.com\/devgedent\/\" \/>\n<meta property=\"article:modified_time\" content=\"2023-08-17T13:00:42+00:00\" \/>\n<meta name=\"twitter:card\" content=\"summary_large_image\" \/>\n<meta name=\"twitter:label1\" content=\"Gesch\u00e4tzte Lesezeit\" \/>\n\t<meta name=\"twitter:data1\" content=\"5\u00a0Minuten\" \/>\n<script type=\"application\/ld+json\" class=\"yoast-schema-graph\">{\"@context\":\"https:\/\/schema.org\",\"@graph\":[{\"@type\":\"WebPage\",\"@id\":\"https:\/\/devgedent.com\/de\/mund-kiefer-und-gesichtschirurgie\/\",\"url\":\"https:\/\/devgedent.com\/de\/mund-kiefer-und-gesichtschirurgie\/\",\"name\":\"Mund-, Kiefer- und Gesichtschirurgie - DEVGEDENT\",\"isPartOf\":{\"@id\":\"https:\/\/devgedent.com\/#website\"},\"datePublished\":\"2021-10-01T12:29:28+00:00\",\"dateModified\":\"2023-08-17T13:00:42+00:00\",\"breadcrumb\":{\"@id\":\"https:\/\/devgedent.com\/de\/mund-kiefer-und-gesichtschirurgie\/#breadcrumb\"},\"inLanguage\":\"de\",\"potentialAction\":[{\"@type\":\"ReadAction\",\"target\":[\"https:\/\/devgedent.com\/de\/mund-kiefer-und-gesichtschirurgie\/\"]}]},{\"@type\":\"BreadcrumbList\",\"@id\":\"https:\/\/devgedent.com\/de\/mund-kiefer-und-gesichtschirurgie\/#breadcrumb\",\"itemListElement\":[{\"@type\":\"ListItem\",\"position\":1,\"name\":\"Anasayfa\",\"item\":\"https:\/\/devgedent.com\/de\/startseite\/\"},{\"@type\":\"ListItem\",\"position\":2,\"name\":\"Mund-, Kiefer- und Gesichtschirurgie\"}]},{\"@type\":\"WebSite\",\"@id\":\"https:\/\/devgedent.com\/#website\",\"url\":\"https:\/\/devgedent.com\/\",\"name\":\"DEVGEDENT\",\"description\":\"Devgedent - Umraniye - Agiz ve Dis Sagligi Poliklinigi - 2163356132 \/ 5347834164\",\"publisher\":{\"@id\":\"https:\/\/devgedent.com\/#organization\"},\"potentialAction\":[{\"@type\":\"SearchAction\",\"target\":{\"@type\":\"EntryPoint\",\"urlTemplate\":\"https:\/\/devgedent.com\/?s={search_term_string}\"},\"query-input\":\"required name=search_term_string\"}],\"inLanguage\":\"de\"},{\"@type\":\"Organization\",\"@id\":\"https:\/\/devgedent.com\/#organization\",\"name\":\"DEVGEDENT\",\"url\":\"https:\/\/devgedent.com\/\",\"logo\":{\"@type\":\"ImageObject\",\"inLanguage\":\"de\",\"@id\":\"https:\/\/devgedent.com\/#\/schema\/logo\/image\/\",\"url\":\"https:\/\/devgedent.com\/wp-content\/uploads\/2021\/02\/devgedent-logo.png\",\"contentUrl\":\"https:\/\/devgedent.com\/wp-content\/uploads\/2021\/02\/devgedent-logo.png\",\"width\":440,\"height\":156,\"caption\":\"DEVGEDENT\"},\"image\":{\"@id\":\"https:\/\/devgedent.com\/#\/schema\/logo\/image\/\"},\"sameAs\":[\"https:\/\/www.facebook.com\/devgedent\/\",\"https:\/\/www.instagram.com\/devgedent\/\"]}]}<\/script>\n<!-- \/ Yoast SEO plugin. -->","yoast_head_json":{"title":"Mund-, Kiefer- und Gesichtschirurgie - DEVGEDENT","robots":{"index":"index","follow":"follow","max-snippet":"max-snippet:-1","max-image-preview":"max-image-preview:large","max-video-preview":"max-video-preview:-1"},"canonical":"https:\/\/devgedent.com\/de\/mund-kiefer-und-gesichtschirurgie\/","og_locale":"de_DE","og_type":"article","og_title":"Mund-, Kiefer- und Gesichtschirurgie - DEVGEDENT","og_url":"https:\/\/devgedent.com\/de\/mund-kiefer-und-gesichtschirurgie\/","og_site_name":"DEVGEDENT","article_publisher":"https:\/\/www.facebook.com\/devgedent\/","article_modified_time":"2023-08-17T13:00:42+00:00","twitter_card":"summary_large_image","twitter_misc":{"Gesch\u00e4tzte Lesezeit":"5\u00a0Minuten"},"schema":{"@context":"https:\/\/schema.org","@graph":[{"@type":"WebPage","@id":"https:\/\/devgedent.com\/de\/mund-kiefer-und-gesichtschirurgie\/","url":"https:\/\/devgedent.com\/de\/mund-kiefer-und-gesichtschirurgie\/","name":"Mund-, Kiefer- und Gesichtschirurgie - DEVGEDENT","isPartOf":{"@id":"https:\/\/devgedent.com\/#website"},"datePublished":"2021-10-01T12:29:28+00:00","dateModified":"2023-08-17T13:00:42+00:00","breadcrumb":{"@id":"https:\/\/devgedent.com\/de\/mund-kiefer-und-gesichtschirurgie\/#breadcrumb"},"inLanguage":"de","potentialAction":[{"@type":"ReadAction","target":["https:\/\/devgedent.com\/de\/mund-kiefer-und-gesichtschirurgie\/"]}]},{"@type":"BreadcrumbList","@id":"https:\/\/devgedent.com\/de\/mund-kiefer-und-gesichtschirurgie\/#breadcrumb","itemListElement":[{"@type":"ListItem","position":1,"name":"Anasayfa","item":"https:\/\/devgedent.com\/de\/startseite\/"},{"@type":"ListItem","position":2,"name":"Mund-, Kiefer- und Gesichtschirurgie"}]},{"@type":"WebSite","@id":"https:\/\/devgedent.com\/#website","url":"https:\/\/devgedent.com\/","name":"DEVGEDENT","description":"Devgedent - Umraniye - Agiz ve Dis Sagligi Poliklinigi - 2163356132 \/ 5347834164","publisher":{"@id":"https:\/\/devgedent.com\/#organization"},"potentialAction":[{"@type":"SearchAction","target":{"@type":"EntryPoint","urlTemplate":"https:\/\/devgedent.com\/?s={search_term_string}"},"query-input":"required name=search_term_string"}],"inLanguage":"de"},{"@type":"Organization","@id":"https:\/\/devgedent.com\/#organization","name":"DEVGEDENT","url":"https:\/\/devgedent.com\/","logo":{"@type":"ImageObject","inLanguage":"de","@id":"https:\/\/devgedent.com\/#\/schema\/logo\/image\/","url":"https:\/\/devgedent.com\/wp-content\/uploads\/2021\/02\/devgedent-logo.png","contentUrl":"https:\/\/devgedent.com\/wp-content\/uploads\/2021\/02\/devgedent-logo.png","width":440,"height":156,"caption":"DEVGEDENT"},"image":{"@id":"https:\/\/devgedent.com\/#\/schema\/logo\/image\/"},"sameAs":["https:\/\/www.facebook.com\/devgedent\/","https:\/\/www.instagram.com\/devgedent\/"]}]}},"_links":{"self":[{"href":"https:\/\/devgedent.com\/de\/wp-json\/wp\/v2\/pages\/1790","targetHints":{"allow":["GET"]}}],"collection":[{"href":"https:\/\/devgedent.com\/de\/wp-json\/wp\/v2\/pages"}],"about":[{"href":"https:\/\/devgedent.com\/de\/wp-json\/wp\/v2\/types\/page"}],"author":[{"embeddable":true,"href":"https:\/\/devgedent.com\/de\/wp-json\/wp\/v2\/users\/1"}],"replies":[{"embeddable":true,"href":"https:\/\/devgedent.com\/de\/wp-json\/wp\/v2\/comments?post=1790"}],"version-history":[{"count":1,"href":"https:\/\/devgedent.com\/de\/wp-json\/wp\/v2\/pages\/1790\/revisions"}],"predecessor-version":[{"id":1856,"href":"https:\/\/devgedent.com\/de\/wp-json\/wp\/v2\/pages\/1790\/revisions\/1856"}],"wp:attachment":[{"href":"https:\/\/devgedent.com\/de\/wp-json\/wp\/v2\/media?parent=1790"}],"curies":[{"name":"wp","href":"https:\/\/api.w.org\/{rel}","templated":true}]}}