{"id":1794,"date":"2021-10-01T15:36:35","date_gmt":"2021-10-01T12:36:35","guid":{"rendered":"https:\/\/devgedent.com\/zahnfleischerkrankungen\/"},"modified":"2023-08-17T16:02:28","modified_gmt":"2023-08-17T13:02:28","slug":"zahnfleischerkrankungen","status":"publish","type":"page","link":"https:\/\/devgedent.com\/de\/zahnfleischerkrankungen\/","title":{"rendered":"Zahnfleischerkrankungen"},"content":{"rendered":"<div id='av_section_1'  class='avia-section main_color avia-section-default avia-no-border-styling  avia-bg-style-scroll  avia-builder-el-0  el_before_av_section  avia-builder-el-first   container_wrap fullsize' style='background-color: #22689e; background-image: linear-gradient(45deg,#59a689,#678c8a); '  ><div class='container' ><main  role=\"main\" itemprop=\"mainContentOfPage\"  class='template-page content  av-content-full alpha units'><div class='post-entry post-entry-type-page post-entry-1794'><div class='entry-content-wrapper clearfix'>\n<div class='flex_column_table av-equal-height-column-flextable -flextable' ><div class=\"flex_column av_one_half  av-animated-generic left-to-right  flex_column_table_cell av-equal-height-column av-align-middle av-zero-column-padding first  avia-builder-el-1  el_before_av_one_half  avia-builder-el-first  \" style='border-radius:0px; '><p><div  style='padding-bottom:10px; color:#ffffff;font-size:40px;' class='av-special-heading av-special-heading-h1 custom-color-heading blockquote modern-quote  avia-builder-el-2  el_before_av_textblock  avia-builder-el-first  av-inherit-size '><h1 class='av-special-heading-tag '  itemprop=\"headline\"  >Zahnfleischerkrankungen<\/h1><div class='special-heading-border'><div class='special-heading-inner-border' style='border-color:#ffffff'><\/div><\/div><\/div><br \/>\n<section class=\"av_textblock_section \"  itemscope=\"itemscope\" itemtype=\"https:\/\/schema.org\/CreativeWork\" ><div class='avia_textblock  av_inherit_color '  style='color:#ffffff; '  itemprop=\"text\" ><p>Auf fast allen Zahnoberfl\u00e4chen befindet sich zwischen dem Zahn und dem Zahnfleisch eine weiche Bakterienschicht, die mikrobielle Plaque genannt wird. Wenn diese Situation nicht ausreichend mit Zahnb\u00fcrste und Zahnseide gereinigt wird, entsteht eine Umgebung, in der sch\u00e4dliche Bakterien leben k\u00f6nnen.<\/p>\n<p>Die von Bakterien produzierten Schadstoffe verursachen Entz\u00fcndungen im Zahnfleisch. Diese Bakterien k\u00f6nnen sogar die Schicht auf den Z\u00e4hnen besch\u00e4digen.<\/p>\n<\/div><\/section><\/p><\/div><div class='av-flex-placeholder'><\/div><div class=\"flex_column av_one_half  av-animated-generic right-to-left  flex_column_table_cell av-equal-height-column av-align-middle av-zero-column-padding   avia-builder-el-4  el_after_av_one_half  avia-builder-el-last  \" style='border-radius:0px; '><div  class='avia-image-container  av-styling-    avia-builder-el-5  avia-builder-el-no-sibling  avia-align-center '  itemprop=\"image\" itemscope=\"itemscope\" itemtype=\"https:\/\/schema.org\/ImageObject\"  ><div class='avia-image-container-inner'><div class='avia-image-overlay-wrap'><img decoding=\"async\" class='wp-image-1674 avia-img-lazy-loading-not-1674 avia_image' src=\"https:\/\/devgedent.com\/wp-content\/uploads\/2023\/02\/devgedent-dis-eti-hastaliklari.png\" alt='' title='' height=\"650\" width=\"850\"  itemprop=\"thumbnailUrl\" srcset=\"https:\/\/devgedent.com\/wp-content\/uploads\/2023\/02\/devgedent-dis-eti-hastaliklari.png 850w, https:\/\/devgedent.com\/wp-content\/uploads\/2023\/02\/devgedent-dis-eti-hastaliklari-300x229.png 300w, https:\/\/devgedent.com\/wp-content\/uploads\/2023\/02\/devgedent-dis-eti-hastaliklari-768x587.png 768w, https:\/\/devgedent.com\/wp-content\/uploads\/2023\/02\/devgedent-dis-eti-hastaliklari-705x539.png 705w\" sizes=\"(max-width: 850px) 100vw, 850px\" \/><\/div><\/div><\/div><\/div><\/div><!--close column table wrapper. Autoclose: 1 --><\/div><\/div><\/main><!-- close content main element --><\/div><\/div><div id='av_section_2'  class='avia-section main_color avia-section-default avia-no-border-styling  avia-bg-style-scroll  avia-builder-el-6  el_after_av_section  avia-builder-el-last   container_wrap fullsize' style=' '  ><div class='container' ><div class='template-page content  av-content-full alpha units'><div class='post-entry post-entry-type-page post-entry-1794'><div class='entry-content-wrapper clearfix'>\n<div class=\"flex_column av_one_half  flex_column_div av-zero-column-padding first  avia-builder-el-7  el_before_av_one_half  avia-builder-el-first  \" style='border-radius:0px; '><p><div  style='padding-bottom:10px; ' class='av-special-heading av-special-heading-h3  blockquote modern-quote  avia-builder-el-8  el_before_av_textblock  avia-builder-el-first  '><h3 class='av-special-heading-tag '  itemprop=\"headline\"  >Was sind Zahnfleischerkrankungen und wie werden sie identifiziert?<\/h3><div class='special-heading-border'><div class='special-heading-inner-border' ><\/div><\/div><\/div><br \/>\n<section class=\"av_textblock_section \"  itemscope=\"itemscope\" itemtype=\"https:\/\/schema.org\/CreativeWork\" ><div class='avia_textblock  '   itemprop=\"text\" ><p>Zahnfleischerkrankungen beginnen oft mit einer Gingivitis. Zahnfleischbluten ist das h\u00e4ufigste Symptom. Zahnfleischerkrankungen vernachl\u00e4ssigt werden, werden im Laufe der Zeit die Kieferknochen gesch\u00e4digt und die Z\u00e4hne k\u00f6nnen verloren gehen Es k\u00f6nnen auch schwere Infektionen auftreten.<\/p>\n<p>Bei Zahnfleischerkrankungen schwillt das Zahnfleisch an, blutet und zieht sich zur\u00fcck. Z\u00e4hne k\u00f6nnen wachsen, sich verschieben und anfangen zu zittern. Es kann zu Mundgeruch kommen. Bei Rauchern treten Blutungen aufgrund der Wirkung von Nikotin auf die Blutgef\u00e4\u00dfe seltener auf. Daher bemerken Sie Zahnfleischerkrankungen m\u00f6glicherweise erst sp\u00e4t.<\/p>\n<\/div><\/section><\/p><\/div><div class=\"flex_column av_one_half  flex_column_div av-zero-column-padding   avia-builder-el-10  el_after_av_one_half  avia-builder-el-last  \" style='border-radius:0px; '><p><div  style='padding-bottom:10px; ' class='av-special-heading av-special-heading-h3  blockquote modern-quote  avia-builder-el-11  el_before_av_textblock  avia-builder-el-first  '><h3 class='av-special-heading-tag '  itemprop=\"headline\"  >Wie behandelt man Zahnfleischerkrankungen?<\/h3><div class='special-heading-border'><div class='special-heading-inner-border' ><\/div><\/div><\/div><br \/>\n<section class=\"av_textblock_section \"  itemscope=\"itemscope\" itemtype=\"https:\/\/schema.org\/CreativeWork\" ><div class='avia_textblock  '   itemprop=\"text\" ><p>Am Behandlungsanfang werden harte Bel\u00e4ge auf den Z\u00e4hnen von unseren Fach\u00e4rzten gereinigt. F\u00fcr eine erfolgreiche Behandlung werden Sie genau instruiert, wie Sie den krankheitsverursachenden mikrobiellen Zahnbelag mit der richtigen Technik unter Verwendung einer B\u00fcrste und Zahnseide entfernen.<\/p>\n<p>Schwerere Infektionen mit entz\u00fcndetem, vergr\u00f6\u00dfertem oder zur\u00fcckgehendem Zahnfleisch k\u00f6nnen ebenfalls auftreten. Dar\u00fcber hinaus k\u00f6nnen sich aufgrund von Knochenerosion L\u00fccken zwischen den Z\u00e4hnen und dem Zahnfleisch bilden. Die Behandlung solcher Zahnfleischerkrankungen erfordert chirurgische Eingriffe unter lokaler An\u00e4sthesie.<br \/>\nIn einigen F\u00e4llen werden die Behandlungen von unseren \u00c4rzten mit Ger\u00e4ten der neuesten Technologie ohne Blutungen, N\u00e4hte und schmerzfrei durchgef\u00fchrt.<\/p>\n<p>Nach der Behandlung werden in Abst\u00e4nden von 3-6-12 Monaten Kontrollen durchgef\u00fchrt.<\/p>\n<p>Wie oft Sie zur Kontrolle kommen, wird Ihnen von unseren \u00c4rzten entsprechend der Schwere der aktuellen Erkrankung mitgeteilt. Die H\u00e4ufigkeit Ihrer Kontrollbesuche wird von unseren \u00c4rzten je nach dem Stand Ihrer Behandlung individuell festgelegt.<\/p>\n<p>Nach einer erfolgreichen Zahnfleischbehandlung ist das Zahnfleisch leicht rosa gef\u00e4rbt. Blutungen und lose Z\u00e4hne werden verringert. Mundgeruch tritt nicht mehr auf.<\/p>\n<\/div><\/section><\/p><\/div>\n<\/p>\n","protected":false},"excerpt":{"rendered":"","protected":false},"author":1,"featured_media":0,"parent":0,"menu_order":0,"comment_status":"closed","ping_status":"closed","template":"","meta":{"_joinchat":[],"footnotes":""},"class_list":["post-1794","page","type-page","status-publish","hentry"],"yoast_head":"<!-- This site is optimized with the Yoast SEO plugin v21.1 - https:\/\/yoast.com\/wordpress\/plugins\/seo\/ -->\n<title>Zahnfleischerkrankungen - DEVGEDENT<\/title>\n<meta name=\"robots\" content=\"index, follow, max-snippet:-1, max-image-preview:large, max-video-preview:-1\" \/>\n<link rel=\"canonical\" href=\"https:\/\/devgedent.com\/de\/zahnfleischerkrankungen\/\" \/>\n<meta property=\"og:locale\" content=\"de_DE\" \/>\n<meta property=\"og:type\" content=\"article\" \/>\n<meta property=\"og:title\" content=\"Zahnfleischerkrankungen - DEVGEDENT\" \/>\n<meta property=\"og:url\" content=\"https:\/\/devgedent.com\/de\/zahnfleischerkrankungen\/\" \/>\n<meta property=\"og:site_name\" content=\"DEVGEDENT\" \/>\n<meta property=\"article:publisher\" content=\"https:\/\/www.facebook.com\/devgedent\/\" \/>\n<meta property=\"article:modified_time\" content=\"2023-08-17T13:02:28+00:00\" \/>\n<meta name=\"twitter:card\" content=\"summary_large_image\" \/>\n<meta name=\"twitter:label1\" content=\"Gesch\u00e4tzte Lesezeit\" \/>\n\t<meta name=\"twitter:data1\" content=\"6\u00a0Minuten\" \/>\n<script type=\"application\/ld+json\" class=\"yoast-schema-graph\">{\"@context\":\"https:\/\/schema.org\",\"@graph\":[{\"@type\":\"WebPage\",\"@id\":\"https:\/\/devgedent.com\/de\/zahnfleischerkrankungen\/\",\"url\":\"https:\/\/devgedent.com\/de\/zahnfleischerkrankungen\/\",\"name\":\"Zahnfleischerkrankungen - DEVGEDENT\",\"isPartOf\":{\"@id\":\"https:\/\/devgedent.com\/#website\"},\"datePublished\":\"2021-10-01T12:36:35+00:00\",\"dateModified\":\"2023-08-17T13:02:28+00:00\",\"breadcrumb\":{\"@id\":\"https:\/\/devgedent.com\/de\/zahnfleischerkrankungen\/#breadcrumb\"},\"inLanguage\":\"de\",\"potentialAction\":[{\"@type\":\"ReadAction\",\"target\":[\"https:\/\/devgedent.com\/de\/zahnfleischerkrankungen\/\"]}]},{\"@type\":\"BreadcrumbList\",\"@id\":\"https:\/\/devgedent.com\/de\/zahnfleischerkrankungen\/#breadcrumb\",\"itemListElement\":[{\"@type\":\"ListItem\",\"position\":1,\"name\":\"Anasayfa\",\"item\":\"https:\/\/devgedent.com\/de\/startseite\/\"},{\"@type\":\"ListItem\",\"position\":2,\"name\":\"Zahnfleischerkrankungen\"}]},{\"@type\":\"WebSite\",\"@id\":\"https:\/\/devgedent.com\/#website\",\"url\":\"https:\/\/devgedent.com\/\",\"name\":\"DEVGEDENT\",\"description\":\"Devgedent - Umraniye - Agiz ve Dis Sagligi Poliklinigi - 2163356132 \/ 5347834164\",\"publisher\":{\"@id\":\"https:\/\/devgedent.com\/#organization\"},\"potentialAction\":[{\"@type\":\"SearchAction\",\"target\":{\"@type\":\"EntryPoint\",\"urlTemplate\":\"https:\/\/devgedent.com\/?s={search_term_string}\"},\"query-input\":\"required name=search_term_string\"}],\"inLanguage\":\"de\"},{\"@type\":\"Organization\",\"@id\":\"https:\/\/devgedent.com\/#organization\",\"name\":\"DEVGEDENT\",\"url\":\"https:\/\/devgedent.com\/\",\"logo\":{\"@type\":\"ImageObject\",\"inLanguage\":\"de\",\"@id\":\"https:\/\/devgedent.com\/#\/schema\/logo\/image\/\",\"url\":\"https:\/\/devgedent.com\/wp-content\/uploads\/2021\/02\/devgedent-logo.png\",\"contentUrl\":\"https:\/\/devgedent.com\/wp-content\/uploads\/2021\/02\/devgedent-logo.png\",\"width\":440,\"height\":156,\"caption\":\"DEVGEDENT\"},\"image\":{\"@id\":\"https:\/\/devgedent.com\/#\/schema\/logo\/image\/\"},\"sameAs\":[\"https:\/\/www.facebook.com\/devgedent\/\",\"https:\/\/www.instagram.com\/devgedent\/\"]}]}<\/script>\n<!-- \/ Yoast SEO plugin. -->","yoast_head_json":{"title":"Zahnfleischerkrankungen - DEVGEDENT","robots":{"index":"index","follow":"follow","max-snippet":"max-snippet:-1","max-image-preview":"max-image-preview:large","max-video-preview":"max-video-preview:-1"},"canonical":"https:\/\/devgedent.com\/de\/zahnfleischerkrankungen\/","og_locale":"de_DE","og_type":"article","og_title":"Zahnfleischerkrankungen - DEVGEDENT","og_url":"https:\/\/devgedent.com\/de\/zahnfleischerkrankungen\/","og_site_name":"DEVGEDENT","article_publisher":"https:\/\/www.facebook.com\/devgedent\/","article_modified_time":"2023-08-17T13:02:28+00:00","twitter_card":"summary_large_image","twitter_misc":{"Gesch\u00e4tzte Lesezeit":"6\u00a0Minuten"},"schema":{"@context":"https:\/\/schema.org","@graph":[{"@type":"WebPage","@id":"https:\/\/devgedent.com\/de\/zahnfleischerkrankungen\/","url":"https:\/\/devgedent.com\/de\/zahnfleischerkrankungen\/","name":"Zahnfleischerkrankungen - DEVGEDENT","isPartOf":{"@id":"https:\/\/devgedent.com\/#website"},"datePublished":"2021-10-01T12:36:35+00:00","dateModified":"2023-08-17T13:02:28+00:00","breadcrumb":{"@id":"https:\/\/devgedent.com\/de\/zahnfleischerkrankungen\/#breadcrumb"},"inLanguage":"de","potentialAction":[{"@type":"ReadAction","target":["https:\/\/devgedent.com\/de\/zahnfleischerkrankungen\/"]}]},{"@type":"BreadcrumbList","@id":"https:\/\/devgedent.com\/de\/zahnfleischerkrankungen\/#breadcrumb","itemListElement":[{"@type":"ListItem","position":1,"name":"Anasayfa","item":"https:\/\/devgedent.com\/de\/startseite\/"},{"@type":"ListItem","position":2,"name":"Zahnfleischerkrankungen"}]},{"@type":"WebSite","@id":"https:\/\/devgedent.com\/#website","url":"https:\/\/devgedent.com\/","name":"DEVGEDENT","description":"Devgedent - Umraniye - Agiz ve Dis Sagligi Poliklinigi - 2163356132 \/ 5347834164","publisher":{"@id":"https:\/\/devgedent.com\/#organization"},"potentialAction":[{"@type":"SearchAction","target":{"@type":"EntryPoint","urlTemplate":"https:\/\/devgedent.com\/?s={search_term_string}"},"query-input":"required name=search_term_string"}],"inLanguage":"de"},{"@type":"Organization","@id":"https:\/\/devgedent.com\/#organization","name":"DEVGEDENT","url":"https:\/\/devgedent.com\/","logo":{"@type":"ImageObject","inLanguage":"de","@id":"https:\/\/devgedent.com\/#\/schema\/logo\/image\/","url":"https:\/\/devgedent.com\/wp-content\/uploads\/2021\/02\/devgedent-logo.png","contentUrl":"https:\/\/devgedent.com\/wp-content\/uploads\/2021\/02\/devgedent-logo.png","width":440,"height":156,"caption":"DEVGEDENT"},"image":{"@id":"https:\/\/devgedent.com\/#\/schema\/logo\/image\/"},"sameAs":["https:\/\/www.facebook.com\/devgedent\/","https:\/\/www.instagram.com\/devgedent\/"]}]}},"_links":{"self":[{"href":"https:\/\/devgedent.com\/de\/wp-json\/wp\/v2\/pages\/1794","targetHints":{"allow":["GET"]}}],"collection":[{"href":"https:\/\/devgedent.com\/de\/wp-json\/wp\/v2\/pages"}],"about":[{"href":"https:\/\/devgedent.com\/de\/wp-json\/wp\/v2\/types\/page"}],"author":[{"embeddable":true,"href":"https:\/\/devgedent.com\/de\/wp-json\/wp\/v2\/users\/1"}],"replies":[{"embeddable":true,"href":"https:\/\/devgedent.com\/de\/wp-json\/wp\/v2\/comments?post=1794"}],"version-history":[{"count":1,"href":"https:\/\/devgedent.com\/de\/wp-json\/wp\/v2\/pages\/1794\/revisions"}],"predecessor-version":[{"id":1859,"href":"https:\/\/devgedent.com\/de\/wp-json\/wp\/v2\/pages\/1794\/revisions\/1859"}],"wp:attachment":[{"href":"https:\/\/devgedent.com\/de\/wp-json\/wp\/v2\/media?parent=1794"}],"curies":[{"name":"wp","href":"https:\/\/api.w.org\/{rel}","templated":true}]}}