{"id":1798,"date":"2021-10-01T15:42:13","date_gmt":"2021-10-01T12:42:13","guid":{"rendered":"https:\/\/devgedent.com\/kieferorthopadische-behandlung\/"},"modified":"2023-08-17T16:04:29","modified_gmt":"2023-08-17T13:04:29","slug":"kieferorthopadische-behandlung","status":"publish","type":"page","link":"https:\/\/devgedent.com\/de\/kieferorthopadische-behandlung\/","title":{"rendered":"Kieferorthop\u00e4dische Behandlung"},"content":{"rendered":"<div id='av_section_1'  class='avia-section main_color avia-section-default avia-no-border-styling  avia-bg-style-scroll  avia-builder-el-0  el_before_av_section  avia-builder-el-first   container_wrap fullsize' style='background-color: #22689e; background-image: linear-gradient(45deg,#59a689,#678c8a); '  ><div class='container' ><main  role=\"main\" itemprop=\"mainContentOfPage\"  class='template-page content  av-content-full alpha units'><div class='post-entry post-entry-type-page post-entry-1798'><div class='entry-content-wrapper clearfix'>\n<div class='flex_column_table av-equal-height-column-flextable -flextable' ><div class=\"flex_column av_one_half  av-animated-generic left-to-right  flex_column_table_cell av-equal-height-column av-align-middle av-zero-column-padding first  avia-builder-el-1  el_before_av_one_half  avia-builder-el-first  \" style='border-radius:0px; '><p><div  style='padding-bottom:10px; color:#ffffff;font-size:40px;' class='av-special-heading av-special-heading-h1 custom-color-heading blockquote modern-quote  avia-builder-el-2  el_before_av_textblock  avia-builder-el-first  av-inherit-size '><h1 class='av-special-heading-tag '  itemprop=\"headline\"  >Kieferorthop\u00e4dische Behandlung<\/h1><div class='special-heading-border'><div class='special-heading-inner-border' style='border-color:#ffffff'><\/div><\/div><\/div><br \/>\n<section class=\"av_textblock_section \"  itemscope=\"itemscope\" itemtype=\"https:\/\/schema.org\/CreativeWork\" ><div class='avia_textblock  av_inherit_color '  style='color:#ffffff; '  itemprop=\"text\" ><p>Die Kieferorthop\u00e4die ist das Fachgebiet unserer Zahn\u00e4rzte, die sich mit Anwendungen zur Korrektur von St\u00f6rungen in der Zahnstruktur befassen.<\/p>\n<p>Die kieferorthop\u00e4dische Behandlung untersucht die Zahn-, Mund- und Kieferstruktur, um die Z\u00e4hne mit Defekten in ihrer Struktur zu korrigieren.<\/p>\n<\/div><\/section><\/p><\/div><div class='av-flex-placeholder'><\/div><div class=\"flex_column av_one_half  av-animated-generic right-to-left  flex_column_table_cell av-equal-height-column av-align-middle av-zero-column-padding   avia-builder-el-4  el_after_av_one_half  avia-builder-el-last  \" style='border-radius:0px; '><div  class='avia-image-container  av-styling-    avia-builder-el-5  avia-builder-el-no-sibling  avia-align-center '  itemprop=\"image\" itemscope=\"itemscope\" itemtype=\"https:\/\/schema.org\/ImageObject\"  ><div class='avia-image-container-inner'><div class='avia-image-overlay-wrap'><img decoding=\"async\" class='wp-image-1682 avia-img-lazy-loading-not-1682 avia_image' src=\"https:\/\/devgedent.com\/wp-content\/uploads\/2023\/02\/devgedent-ortodonti-tedavisi.png\" alt='' title='' height=\"650\" width=\"850\"  itemprop=\"thumbnailUrl\" srcset=\"https:\/\/devgedent.com\/wp-content\/uploads\/2023\/02\/devgedent-ortodonti-tedavisi.png 850w, https:\/\/devgedent.com\/wp-content\/uploads\/2023\/02\/devgedent-ortodonti-tedavisi-300x229.png 300w, https:\/\/devgedent.com\/wp-content\/uploads\/2023\/02\/devgedent-ortodonti-tedavisi-768x587.png 768w, https:\/\/devgedent.com\/wp-content\/uploads\/2023\/02\/devgedent-ortodonti-tedavisi-705x539.png 705w\" sizes=\"(max-width: 850px) 100vw, 850px\" \/><\/div><\/div><\/div><\/div><\/div><!--close column table wrapper. Autoclose: 1 --><\/div><\/div><\/main><!-- close content main element --><\/div><\/div><div id='av_section_2'  class='avia-section main_color avia-section-default avia-no-border-styling  avia-bg-style-scroll  avia-builder-el-6  el_after_av_section  avia-builder-el-last   container_wrap fullsize' style=' '  ><div class='container' ><div class='template-page content  av-content-full alpha units'><div class='post-entry post-entry-type-page post-entry-1798'><div class='entry-content-wrapper clearfix'>\n<div class=\"flex_column av_one_full  flex_column_div av-zero-column-padding first  avia-builder-el-7  el_before_av_one_half  avia-builder-el-first  \" style='border-radius:0px; '><div  style='padding-bottom:10px; ' class='av-special-heading av-special-heading-h3  blockquote modern-quote  avia-builder-el-8  avia-builder-el-no-sibling  '><h3 class='av-special-heading-tag '  itemprop=\"headline\"  >Wie wird die kieferorthop\u00e4dische Behandlung durchgef\u00fchrt?<\/h3><div class='special-heading-border'><div class='special-heading-inner-border' ><\/div><\/div><\/div><\/div><div class=\"flex_column av_one_half  flex_column_div av-zero-column-padding first  avia-builder-el-9  el_after_av_one_full  el_before_av_one_half  column-top-margin\" style='border-radius:0px; '><section class=\"av_textblock_section \"  itemscope=\"itemscope\" itemtype=\"https:\/\/schema.org\/CreativeWork\" ><div class='avia_textblock  '   itemprop=\"text\" ><p>Zun\u00e4chst untersucht unser Kieferorthop\u00e4de Sie unter den notwendigen hygienischen Bedingungen, erkennt die Probleme in Ihren Z\u00e4hnen und informiert Sie \u00fcber die Behandlung.<\/p>\n<p>Es wird gepr\u00fcft, ob Karies in den Z\u00e4hnen vorhanden ist und wenn es Karies gibt, sollte sie auf jeden Fall behandelt werden. Nachdem die notwendigen Analysen und Messungen durchgef\u00fchrt wurden, wird die Behandlung entsprechend der Kiefer-, Zahn- und Mundstruktur bestimmt..<\/p>\n<p>Zu Beginn der Behandlung wird ein oraler Retraktor verwendet. Der Zweck dieses Hilfsmittels ist es, den Mund des Patienten w\u00e4hrend des gesamten Prozesses offen zu halten und dem Arzt die Arbeit zu erleichtern.<\/p>\n<\/div><\/section><\/div><div class=\"flex_column av_one_half  flex_column_div av-zero-column-padding   avia-builder-el-11  el_after_av_one_half  avia-builder-el-last  column-top-margin\" style='border-radius:0px; '><section class=\"av_textblock_section \"  itemscope=\"itemscope\" itemtype=\"https:\/\/schema.org\/CreativeWork\" ><div class='avia_textblock  '   itemprop=\"text\" ><p>Zahnspangen werden auf zwei verschiedene Arten an den Z\u00e4hnen befestigt. Die Methode des indirekten Bondings ist eine davon. Bei dieser Methode werden die Brackets mit Hilfe von Klebstoff an den Z\u00e4hnen befestigt. Dann werden die Lichtbogendr\u00e4hte zwischen ihnen hindurchgef\u00fchrt. Dann werden die Reifen montiert.<\/p>\n<p>Diese Methode ist nach dem heutigen Stand der Technik eine zuverl\u00e4ssige Methode. Nach den Kontrollen durch unsere Fach\u00e4rzte sind die transparenten Plaketten von ortheron erh\u00e4ltlich.<\/p>\n<\/div><\/section><\/div>\n<\/p>\n","protected":false},"excerpt":{"rendered":"","protected":false},"author":1,"featured_media":0,"parent":0,"menu_order":0,"comment_status":"closed","ping_status":"closed","template":"","meta":{"_joinchat":[],"footnotes":""},"class_list":["post-1798","page","type-page","status-publish","hentry"],"yoast_head":"<!-- This site is optimized with the Yoast SEO plugin v21.1 - https:\/\/yoast.com\/wordpress\/plugins\/seo\/ -->\n<title>Kieferorthop\u00e4dische Behandlung - DEVGEDENT<\/title>\n<meta name=\"robots\" content=\"index, follow, max-snippet:-1, max-image-preview:large, max-video-preview:-1\" \/>\n<link rel=\"canonical\" href=\"https:\/\/devgedent.com\/de\/kieferorthopadische-behandlung\/\" \/>\n<meta property=\"og:locale\" content=\"de_DE\" \/>\n<meta property=\"og:type\" content=\"article\" \/>\n<meta property=\"og:title\" content=\"Kieferorthop\u00e4dische Behandlung - DEVGEDENT\" \/>\n<meta property=\"og:url\" content=\"https:\/\/devgedent.com\/de\/kieferorthopadische-behandlung\/\" \/>\n<meta property=\"og:site_name\" content=\"DEVGEDENT\" \/>\n<meta property=\"article:publisher\" content=\"https:\/\/www.facebook.com\/devgedent\/\" \/>\n<meta property=\"article:modified_time\" content=\"2023-08-17T13:04:29+00:00\" \/>\n<meta name=\"twitter:card\" content=\"summary_large_image\" \/>\n<meta name=\"twitter:label1\" content=\"Gesch\u00e4tzte Lesezeit\" \/>\n\t<meta name=\"twitter:data1\" content=\"6\u00a0Minuten\" \/>\n<script type=\"application\/ld+json\" class=\"yoast-schema-graph\">{\"@context\":\"https:\/\/schema.org\",\"@graph\":[{\"@type\":\"WebPage\",\"@id\":\"https:\/\/devgedent.com\/de\/kieferorthopadische-behandlung\/\",\"url\":\"https:\/\/devgedent.com\/de\/kieferorthopadische-behandlung\/\",\"name\":\"Kieferorthop\u00e4dische Behandlung - DEVGEDENT\",\"isPartOf\":{\"@id\":\"https:\/\/devgedent.com\/#website\"},\"datePublished\":\"2021-10-01T12:42:13+00:00\",\"dateModified\":\"2023-08-17T13:04:29+00:00\",\"breadcrumb\":{\"@id\":\"https:\/\/devgedent.com\/de\/kieferorthopadische-behandlung\/#breadcrumb\"},\"inLanguage\":\"de\",\"potentialAction\":[{\"@type\":\"ReadAction\",\"target\":[\"https:\/\/devgedent.com\/de\/kieferorthopadische-behandlung\/\"]}]},{\"@type\":\"BreadcrumbList\",\"@id\":\"https:\/\/devgedent.com\/de\/kieferorthopadische-behandlung\/#breadcrumb\",\"itemListElement\":[{\"@type\":\"ListItem\",\"position\":1,\"name\":\"Anasayfa\",\"item\":\"https:\/\/devgedent.com\/de\/startseite\/\"},{\"@type\":\"ListItem\",\"position\":2,\"name\":\"Kieferorthop\u00e4dische Behandlung\"}]},{\"@type\":\"WebSite\",\"@id\":\"https:\/\/devgedent.com\/#website\",\"url\":\"https:\/\/devgedent.com\/\",\"name\":\"DEVGEDENT\",\"description\":\"Devgedent - Umraniye - Agiz ve Dis Sagligi Poliklinigi - 2163356132 \/ 5347834164\",\"publisher\":{\"@id\":\"https:\/\/devgedent.com\/#organization\"},\"potentialAction\":[{\"@type\":\"SearchAction\",\"target\":{\"@type\":\"EntryPoint\",\"urlTemplate\":\"https:\/\/devgedent.com\/?s={search_term_string}\"},\"query-input\":\"required name=search_term_string\"}],\"inLanguage\":\"de\"},{\"@type\":\"Organization\",\"@id\":\"https:\/\/devgedent.com\/#organization\",\"name\":\"DEVGEDENT\",\"url\":\"https:\/\/devgedent.com\/\",\"logo\":{\"@type\":\"ImageObject\",\"inLanguage\":\"de\",\"@id\":\"https:\/\/devgedent.com\/#\/schema\/logo\/image\/\",\"url\":\"https:\/\/devgedent.com\/wp-content\/uploads\/2021\/02\/devgedent-logo.png\",\"contentUrl\":\"https:\/\/devgedent.com\/wp-content\/uploads\/2021\/02\/devgedent-logo.png\",\"width\":440,\"height\":156,\"caption\":\"DEVGEDENT\"},\"image\":{\"@id\":\"https:\/\/devgedent.com\/#\/schema\/logo\/image\/\"},\"sameAs\":[\"https:\/\/www.facebook.com\/devgedent\/\",\"https:\/\/www.instagram.com\/devgedent\/\"]}]}<\/script>\n<!-- \/ Yoast SEO plugin. -->","yoast_head_json":{"title":"Kieferorthop\u00e4dische Behandlung - DEVGEDENT","robots":{"index":"index","follow":"follow","max-snippet":"max-snippet:-1","max-image-preview":"max-image-preview:large","max-video-preview":"max-video-preview:-1"},"canonical":"https:\/\/devgedent.com\/de\/kieferorthopadische-behandlung\/","og_locale":"de_DE","og_type":"article","og_title":"Kieferorthop\u00e4dische Behandlung - DEVGEDENT","og_url":"https:\/\/devgedent.com\/de\/kieferorthopadische-behandlung\/","og_site_name":"DEVGEDENT","article_publisher":"https:\/\/www.facebook.com\/devgedent\/","article_modified_time":"2023-08-17T13:04:29+00:00","twitter_card":"summary_large_image","twitter_misc":{"Gesch\u00e4tzte Lesezeit":"6\u00a0Minuten"},"schema":{"@context":"https:\/\/schema.org","@graph":[{"@type":"WebPage","@id":"https:\/\/devgedent.com\/de\/kieferorthopadische-behandlung\/","url":"https:\/\/devgedent.com\/de\/kieferorthopadische-behandlung\/","name":"Kieferorthop\u00e4dische Behandlung - DEVGEDENT","isPartOf":{"@id":"https:\/\/devgedent.com\/#website"},"datePublished":"2021-10-01T12:42:13+00:00","dateModified":"2023-08-17T13:04:29+00:00","breadcrumb":{"@id":"https:\/\/devgedent.com\/de\/kieferorthopadische-behandlung\/#breadcrumb"},"inLanguage":"de","potentialAction":[{"@type":"ReadAction","target":["https:\/\/devgedent.com\/de\/kieferorthopadische-behandlung\/"]}]},{"@type":"BreadcrumbList","@id":"https:\/\/devgedent.com\/de\/kieferorthopadische-behandlung\/#breadcrumb","itemListElement":[{"@type":"ListItem","position":1,"name":"Anasayfa","item":"https:\/\/devgedent.com\/de\/startseite\/"},{"@type":"ListItem","position":2,"name":"Kieferorthop\u00e4dische Behandlung"}]},{"@type":"WebSite","@id":"https:\/\/devgedent.com\/#website","url":"https:\/\/devgedent.com\/","name":"DEVGEDENT","description":"Devgedent - Umraniye - Agiz ve Dis Sagligi Poliklinigi - 2163356132 \/ 5347834164","publisher":{"@id":"https:\/\/devgedent.com\/#organization"},"potentialAction":[{"@type":"SearchAction","target":{"@type":"EntryPoint","urlTemplate":"https:\/\/devgedent.com\/?s={search_term_string}"},"query-input":"required name=search_term_string"}],"inLanguage":"de"},{"@type":"Organization","@id":"https:\/\/devgedent.com\/#organization","name":"DEVGEDENT","url":"https:\/\/devgedent.com\/","logo":{"@type":"ImageObject","inLanguage":"de","@id":"https:\/\/devgedent.com\/#\/schema\/logo\/image\/","url":"https:\/\/devgedent.com\/wp-content\/uploads\/2021\/02\/devgedent-logo.png","contentUrl":"https:\/\/devgedent.com\/wp-content\/uploads\/2021\/02\/devgedent-logo.png","width":440,"height":156,"caption":"DEVGEDENT"},"image":{"@id":"https:\/\/devgedent.com\/#\/schema\/logo\/image\/"},"sameAs":["https:\/\/www.facebook.com\/devgedent\/","https:\/\/www.instagram.com\/devgedent\/"]}]}},"_links":{"self":[{"href":"https:\/\/devgedent.com\/de\/wp-json\/wp\/v2\/pages\/1798","targetHints":{"allow":["GET"]}}],"collection":[{"href":"https:\/\/devgedent.com\/de\/wp-json\/wp\/v2\/pages"}],"about":[{"href":"https:\/\/devgedent.com\/de\/wp-json\/wp\/v2\/types\/page"}],"author":[{"embeddable":true,"href":"https:\/\/devgedent.com\/de\/wp-json\/wp\/v2\/users\/1"}],"replies":[{"embeddable":true,"href":"https:\/\/devgedent.com\/de\/wp-json\/wp\/v2\/comments?post=1798"}],"version-history":[{"count":1,"href":"https:\/\/devgedent.com\/de\/wp-json\/wp\/v2\/pages\/1798\/revisions"}],"predecessor-version":[{"id":1862,"href":"https:\/\/devgedent.com\/de\/wp-json\/wp\/v2\/pages\/1798\/revisions\/1862"}],"wp:attachment":[{"href":"https:\/\/devgedent.com\/de\/wp-json\/wp\/v2\/media?parent=1798"}],"curies":[{"name":"wp","href":"https:\/\/api.w.org\/{rel}","templated":true}]}}