{"id":1801,"date":"2021-10-01T15:45:25","date_gmt":"2021-10-01T12:45:25","guid":{"rendered":"https:\/\/devgedent.com\/zirkonium-veneer\/"},"modified":"2023-09-12T13:47:12","modified_gmt":"2023-09-12T10:47:12","slug":"zirkonium-veneer","status":"publish","type":"page","link":"https:\/\/devgedent.com\/de\/zirkonium-veneer\/","title":{"rendered":"Zirkonium-Veneer"},"content":{"rendered":"<div id='av_section_1'  class='avia-section main_color avia-section-default avia-no-border-styling  avia-bg-style-scroll  avia-builder-el-0  el_before_av_section  avia-builder-el-first   container_wrap fullsize' style='background-color: #22689e; background-image: linear-gradient(45deg,#59a689,#678c8a); '  ><div class='container' ><main  role=\"main\" itemprop=\"mainContentOfPage\"  class='template-page content  av-content-full alpha units'><div class='post-entry post-entry-type-page post-entry-1801'><div class='entry-content-wrapper clearfix'>\n<div class='flex_column_table av-equal-height-column-flextable -flextable' ><div class=\"flex_column av_one_half  av-animated-generic left-to-right  flex_column_table_cell av-equal-height-column av-align-middle av-zero-column-padding first  avia-builder-el-1  el_before_av_one_half  avia-builder-el-first  \" style='border-radius:0px; '><p><div  style='padding-bottom:10px; color:#ffffff;font-size:40px;' class='av-special-heading av-special-heading-h1 custom-color-heading blockquote modern-quote  avia-builder-el-2  el_before_av_textblock  avia-builder-el-first  av-inherit-size '><h1 class='av-special-heading-tag '  itemprop=\"headline\"  >Zirkonium-Veneer<\/h1><div class='special-heading-border'><div class='special-heading-inner-border' style='border-color:#ffffff'><\/div><\/div><\/div><br \/>\n<section class=\"av_textblock_section \"  itemscope=\"itemscope\" itemtype=\"https:\/\/schema.org\/CreativeWork\" ><div class='avia_textblock  av_inherit_color '  style='color:#ffffff; '  itemprop=\"text\" ><p>Zirkonium ist ein Veneer-Material. Im Gegensatz zu anderen Veneers ist Zirkonium ein transluzentes Material und lichtdurchl\u00e4ssig. Deshalb sehen die Z\u00e4hne nat\u00fcrlicher aus. Veneers aus Zirkonium sind nur schwer von anderen nat\u00fcrlichen Z\u00e4hnen zu unterscheiden. Veneers aus Zirkonium sorgen f\u00fcr Integrit\u00e4t mit den nat\u00fcrlichen Z\u00e4hnen und bewahren deren Sch\u00f6nheit.<\/p>\n<\/div><\/section><\/p><\/div><div class='av-flex-placeholder'><\/div><div class=\"flex_column av_one_half  av-animated-generic right-to-left  flex_column_table_cell av-equal-height-column av-align-middle av-zero-column-padding   avia-builder-el-4  el_after_av_one_half  avia-builder-el-last  \" style='border-radius:0px; '><div  class='avia-image-container  av-styling-    avia-builder-el-5  avia-builder-el-no-sibling  avia-align-center '  itemprop=\"image\" itemscope=\"itemscope\" itemtype=\"https:\/\/schema.org\/ImageObject\"  ><div class='avia-image-container-inner'><div class='avia-image-overlay-wrap'><img decoding=\"async\" class='wp-image-1920 avia-img-lazy-loading-not-1920 avia_image' src=\"https:\/\/devgedent.com\/wp-content\/uploads\/2023\/08\/1-845x684.png\" alt='' title='' height=\"684\" width=\"845\"  itemprop=\"thumbnailUrl\" srcset=\"https:\/\/devgedent.com\/wp-content\/uploads\/2023\/08\/1-845x684.png 845w, https:\/\/devgedent.com\/wp-content\/uploads\/2023\/08\/1-495x400.png 495w\" sizes=\"(max-width: 845px) 100vw, 845px\" \/><\/div><\/div><\/div><\/div><\/div><!--close column table wrapper. Autoclose: 1 --><\/div><\/div><\/main><!-- close content main element --><\/div><\/div><div id='av_section_2'  class='avia-section main_color avia-section-default avia-no-border-styling  avia-bg-style-scroll  avia-builder-el-6  el_after_av_section  avia-builder-el-last   container_wrap fullsize' style='background-color: #f6f6f6;  '  ><div class='container' ><div class='template-page content  av-content-full alpha units'><div class='post-entry post-entry-type-page post-entry-1801'><div class='entry-content-wrapper clearfix'>\n<div class=\"flex_column av_one_half  flex_column_div av-zero-column-padding first  avia-builder-el-7  el_before_av_one_half  avia-builder-el-first  \" style='border-radius:0px; '><div  class='avia-image-container  av-styling-    avia-builder-el-8  avia-builder-el-no-sibling  avia-align-center '  itemprop=\"image\" itemscope=\"itemscope\" itemtype=\"https:\/\/schema.org\/ImageObject\"  ><div class='avia-image-container-inner'><div class='avia-image-overlay-wrap'><img decoding=\"async\" class='wp-image-1662 avia-img-lazy-loading-not-1662 avia_image' src=\"https:\/\/devgedent.com\/wp-content\/uploads\/2022\/02\/zirkonyum-kaplama-1030x687.jpg\" alt='' title='' height=\"687\" width=\"1030\"  itemprop=\"thumbnailUrl\" srcset=\"https:\/\/devgedent.com\/wp-content\/uploads\/2022\/02\/zirkonyum-kaplama-1030x687.jpg 1030w, https:\/\/devgedent.com\/wp-content\/uploads\/2022\/02\/zirkonyum-kaplama-300x200.jpg 300w, https:\/\/devgedent.com\/wp-content\/uploads\/2022\/02\/zirkonyum-kaplama-768x512.jpg 768w, https:\/\/devgedent.com\/wp-content\/uploads\/2022\/02\/zirkonyum-kaplama-705x470.jpg 705w, https:\/\/devgedent.com\/wp-content\/uploads\/2022\/02\/zirkonyum-kaplama.jpg 1500w\" sizes=\"(max-width: 1030px) 100vw, 1030px\" \/><\/div><\/div><\/div><\/div><div class=\"flex_column av_one_half  flex_column_div av-zero-column-padding   avia-builder-el-9  el_after_av_one_half  avia-builder-el-last  \" style='border-radius:0px; '><section class=\"av_textblock_section \"  itemscope=\"itemscope\" itemtype=\"https:\/\/schema.org\/CreativeWork\" ><div class='avia_textblock  '   itemprop=\"text\" ><p>Veneers aus Zirkonium sind sehr robust. Es hat eine kristallartige Struktur. Daher hilft es, Sch\u00e4den wie Zahnbr\u00fcche und Risse zu verhindern.<\/p>\n<p>Veneers aus Zirkonium passen sich dem Gewebe an und stellen kein Allergierisiko dar. Hergestellt aus Zirkoniumoxid. Zirkonium hat kein metallisches Aussehen wie andere zahnmedizinische Veneers. Dadurch passt es besser zu den nat\u00fcrlichen Z\u00e4hnen.<\/p>\n<\/div><\/section><\/div><\/p>\n","protected":false},"excerpt":{"rendered":"","protected":false},"author":1,"featured_media":0,"parent":0,"menu_order":0,"comment_status":"closed","ping_status":"closed","template":"","meta":{"_joinchat":[],"footnotes":""},"class_list":["post-1801","page","type-page","status-publish","hentry"],"yoast_head":"<!-- This site is optimized with the Yoast SEO plugin v21.1 - https:\/\/yoast.com\/wordpress\/plugins\/seo\/ -->\n<title>Zirkonium-Veneer - DEVGEDENT<\/title>\n<meta name=\"robots\" content=\"index, follow, max-snippet:-1, max-image-preview:large, max-video-preview:-1\" \/>\n<link rel=\"canonical\" href=\"https:\/\/devgedent.com\/de\/zirkonium-veneer\/\" \/>\n<meta property=\"og:locale\" content=\"de_DE\" \/>\n<meta property=\"og:type\" content=\"article\" \/>\n<meta property=\"og:title\" content=\"Zirkonium-Veneer - DEVGEDENT\" \/>\n<meta property=\"og:url\" content=\"https:\/\/devgedent.com\/de\/zirkonium-veneer\/\" \/>\n<meta property=\"og:site_name\" content=\"DEVGEDENT\" \/>\n<meta property=\"article:publisher\" content=\"https:\/\/www.facebook.com\/devgedent\/\" \/>\n<meta property=\"article:modified_time\" content=\"2023-09-12T10:47:12+00:00\" \/>\n<meta name=\"twitter:card\" content=\"summary_large_image\" \/>\n<meta name=\"twitter:label1\" content=\"Gesch\u00e4tzte Lesezeit\" \/>\n\t<meta name=\"twitter:data1\" content=\"3\u00a0Minuten\" \/>\n<script type=\"application\/ld+json\" class=\"yoast-schema-graph\">{\"@context\":\"https:\/\/schema.org\",\"@graph\":[{\"@type\":\"WebPage\",\"@id\":\"https:\/\/devgedent.com\/de\/zirkonium-veneer\/\",\"url\":\"https:\/\/devgedent.com\/de\/zirkonium-veneer\/\",\"name\":\"Zirkonium-Veneer - DEVGEDENT\",\"isPartOf\":{\"@id\":\"https:\/\/devgedent.com\/#website\"},\"datePublished\":\"2021-10-01T12:45:25+00:00\",\"dateModified\":\"2023-09-12T10:47:12+00:00\",\"breadcrumb\":{\"@id\":\"https:\/\/devgedent.com\/de\/zirkonium-veneer\/#breadcrumb\"},\"inLanguage\":\"de\",\"potentialAction\":[{\"@type\":\"ReadAction\",\"target\":[\"https:\/\/devgedent.com\/de\/zirkonium-veneer\/\"]}]},{\"@type\":\"BreadcrumbList\",\"@id\":\"https:\/\/devgedent.com\/de\/zirkonium-veneer\/#breadcrumb\",\"itemListElement\":[{\"@type\":\"ListItem\",\"position\":1,\"name\":\"Anasayfa\",\"item\":\"https:\/\/devgedent.com\/de\/startseite\/\"},{\"@type\":\"ListItem\",\"position\":2,\"name\":\"Zirkonium-Veneer\"}]},{\"@type\":\"WebSite\",\"@id\":\"https:\/\/devgedent.com\/#website\",\"url\":\"https:\/\/devgedent.com\/\",\"name\":\"DEVGEDENT\",\"description\":\"Devgedent - Umraniye - Agiz ve Dis Sagligi Poliklinigi - 2163356132 \/ 5347834164\",\"publisher\":{\"@id\":\"https:\/\/devgedent.com\/#organization\"},\"potentialAction\":[{\"@type\":\"SearchAction\",\"target\":{\"@type\":\"EntryPoint\",\"urlTemplate\":\"https:\/\/devgedent.com\/?s={search_term_string}\"},\"query-input\":\"required name=search_term_string\"}],\"inLanguage\":\"de\"},{\"@type\":\"Organization\",\"@id\":\"https:\/\/devgedent.com\/#organization\",\"name\":\"DEVGEDENT\",\"url\":\"https:\/\/devgedent.com\/\",\"logo\":{\"@type\":\"ImageObject\",\"inLanguage\":\"de\",\"@id\":\"https:\/\/devgedent.com\/#\/schema\/logo\/image\/\",\"url\":\"https:\/\/devgedent.com\/wp-content\/uploads\/2021\/02\/devgedent-logo.png\",\"contentUrl\":\"https:\/\/devgedent.com\/wp-content\/uploads\/2021\/02\/devgedent-logo.png\",\"width\":440,\"height\":156,\"caption\":\"DEVGEDENT\"},\"image\":{\"@id\":\"https:\/\/devgedent.com\/#\/schema\/logo\/image\/\"},\"sameAs\":[\"https:\/\/www.facebook.com\/devgedent\/\",\"https:\/\/www.instagram.com\/devgedent\/\"]}]}<\/script>\n<!-- \/ Yoast SEO plugin. -->","yoast_head_json":{"title":"Zirkonium-Veneer - DEVGEDENT","robots":{"index":"index","follow":"follow","max-snippet":"max-snippet:-1","max-image-preview":"max-image-preview:large","max-video-preview":"max-video-preview:-1"},"canonical":"https:\/\/devgedent.com\/de\/zirkonium-veneer\/","og_locale":"de_DE","og_type":"article","og_title":"Zirkonium-Veneer - DEVGEDENT","og_url":"https:\/\/devgedent.com\/de\/zirkonium-veneer\/","og_site_name":"DEVGEDENT","article_publisher":"https:\/\/www.facebook.com\/devgedent\/","article_modified_time":"2023-09-12T10:47:12+00:00","twitter_card":"summary_large_image","twitter_misc":{"Gesch\u00e4tzte Lesezeit":"3\u00a0Minuten"},"schema":{"@context":"https:\/\/schema.org","@graph":[{"@type":"WebPage","@id":"https:\/\/devgedent.com\/de\/zirkonium-veneer\/","url":"https:\/\/devgedent.com\/de\/zirkonium-veneer\/","name":"Zirkonium-Veneer - DEVGEDENT","isPartOf":{"@id":"https:\/\/devgedent.com\/#website"},"datePublished":"2021-10-01T12:45:25+00:00","dateModified":"2023-09-12T10:47:12+00:00","breadcrumb":{"@id":"https:\/\/devgedent.com\/de\/zirkonium-veneer\/#breadcrumb"},"inLanguage":"de","potentialAction":[{"@type":"ReadAction","target":["https:\/\/devgedent.com\/de\/zirkonium-veneer\/"]}]},{"@type":"BreadcrumbList","@id":"https:\/\/devgedent.com\/de\/zirkonium-veneer\/#breadcrumb","itemListElement":[{"@type":"ListItem","position":1,"name":"Anasayfa","item":"https:\/\/devgedent.com\/de\/startseite\/"},{"@type":"ListItem","position":2,"name":"Zirkonium-Veneer"}]},{"@type":"WebSite","@id":"https:\/\/devgedent.com\/#website","url":"https:\/\/devgedent.com\/","name":"DEVGEDENT","description":"Devgedent - Umraniye - Agiz ve Dis Sagligi Poliklinigi - 2163356132 \/ 5347834164","publisher":{"@id":"https:\/\/devgedent.com\/#organization"},"potentialAction":[{"@type":"SearchAction","target":{"@type":"EntryPoint","urlTemplate":"https:\/\/devgedent.com\/?s={search_term_string}"},"query-input":"required name=search_term_string"}],"inLanguage":"de"},{"@type":"Organization","@id":"https:\/\/devgedent.com\/#organization","name":"DEVGEDENT","url":"https:\/\/devgedent.com\/","logo":{"@type":"ImageObject","inLanguage":"de","@id":"https:\/\/devgedent.com\/#\/schema\/logo\/image\/","url":"https:\/\/devgedent.com\/wp-content\/uploads\/2021\/02\/devgedent-logo.png","contentUrl":"https:\/\/devgedent.com\/wp-content\/uploads\/2021\/02\/devgedent-logo.png","width":440,"height":156,"caption":"DEVGEDENT"},"image":{"@id":"https:\/\/devgedent.com\/#\/schema\/logo\/image\/"},"sameAs":["https:\/\/www.facebook.com\/devgedent\/","https:\/\/www.instagram.com\/devgedent\/"]}]}},"_links":{"self":[{"href":"https:\/\/devgedent.com\/de\/wp-json\/wp\/v2\/pages\/1801","targetHints":{"allow":["GET"]}}],"collection":[{"href":"https:\/\/devgedent.com\/de\/wp-json\/wp\/v2\/pages"}],"about":[{"href":"https:\/\/devgedent.com\/de\/wp-json\/wp\/v2\/types\/page"}],"author":[{"embeddable":true,"href":"https:\/\/devgedent.com\/de\/wp-json\/wp\/v2\/users\/1"}],"replies":[{"embeddable":true,"href":"https:\/\/devgedent.com\/de\/wp-json\/wp\/v2\/comments?post=1801"}],"version-history":[{"count":2,"href":"https:\/\/devgedent.com\/de\/wp-json\/wp\/v2\/pages\/1801\/revisions"}],"predecessor-version":[{"id":1945,"href":"https:\/\/devgedent.com\/de\/wp-json\/wp\/v2\/pages\/1801\/revisions\/1945"}],"wp:attachment":[{"href":"https:\/\/devgedent.com\/de\/wp-json\/wp\/v2\/media?parent=1801"}],"curies":[{"name":"wp","href":"https:\/\/api.w.org\/{rel}","templated":true}]}}