{"id":1804,"date":"2016-07-15T14:20:10","date_gmt":"2016-07-15T11:20:10","guid":{"rendered":"https:\/\/devgedent.com\/unternehmen\/"},"modified":"2023-08-17T15:58:33","modified_gmt":"2023-08-17T12:58:33","slug":"unternehmen","status":"publish","type":"page","link":"https:\/\/devgedent.com\/de\/unternehmen\/","title":{"rendered":"Unternehmen"},"content":{"rendered":"<div id='av-layout-grid-1'  class='av-layout-grid-container entry-content-wrapper main_color av-flex-cells     avia-builder-el-0  el_before_av_section  avia-builder-el-first  container_wrap fullsize' style=' '  >\n<div class=\"flex_cell no_margin av_one_half  avia-builder-el-1  el_before_av_cell_one_half  avia-builder-el-first   avia-full-stretch av-zero-padding \"  style='height:500px; min-height:500px;background:url(https:\/\/devgedent.com\/wp-content\/uploads\/2021\/02\/a24.jpg) top left no-repeat scroll #22689e; vertical-align:middle; padding:0px; background-color:#22689e; ' ><div class='flex_cell_inner' ><\/div><\/div><div class=\"flex_cell no_margin av_one_half  avia-builder-el-2  el_after_av_cell_one_half  avia-builder-el-last   \"  style='height:500px; min-height:500px;background: #434a4f; vertical-align:middle; padding:px; background-color:#434a4f; ' ><div class='flex_cell_inner' ><p><div  style='padding-bottom:25px; color:#ffffff;font-size:34px;' class='av-special-heading av-special-heading-h1 custom-color-heading blockquote modern-quote  avia-builder-el-3  el_before_av_textblock  avia-builder-el-first  av-inherit-size '><h1 class='av-special-heading-tag '  itemprop=\"headline\"  >DEVGEDENT Zahn\u00e4rztliche Poliklinik<\/h1><div class='special-heading-border'><div class='special-heading-inner-border' style='border-color:#ffffff'><\/div><\/div><\/div><br \/>\n<section class=\"av_textblock_section \"  itemscope=\"itemscope\" itemtype=\"https:\/\/schema.org\/CreativeWork\" ><div class='avia_textblock  av_inherit_color '  style='color:#ffffff; '  itemprop=\"text\" ><p>Unsere Klinik stellt die Zufriedenheit ihrer Patienten in den Vordergrund. Sie verf\u00fcgt \u00fcber spezialisierte \u00c4rzte, voll ausgestattete Behandlungsger\u00e4te, eine minimalistische, ger\u00e4umige und moderne Architektur und eine Struktur, die auf die Bed\u00fcrfnisse ihrer G\u00e4ste ausgerichtet ist.<\/p>\n<\/div><\/section><\/p>\n<\/div><\/div>\n<\/div>\n<div id='av_section_1'  class='avia-section main_color avia-section-huge avia-no-border-styling  avia-bg-style-scroll  avia-builder-el-5  el_after_av_layout_row  el_before_av_layout_row   container_wrap fullsize' style=' '  ><div class='container' ><div class='template-page content  av-content-full alpha units'><div class='post-entry post-entry-type-page post-entry-1804'><div class='entry-content-wrapper clearfix'>\n<div class='flex_column_table av-equal-height-column-flextable -flextable' style='margin-top:-200px; margin-bottom:0px; '><div class=\"flex_column av_one_third  no_margin flex_column_table_cell av-equal-height-column av-align-top first  avia-builder-el-6  el_before_av_one_third  avia-builder-el-first  shadow \" style='background: #434a4f; padding:40px; background-color:#434a4f; border-radius:0px; '><p><span  class=\"av_font_icon avia_animate_when_visible avia-icon-animate  av-icon-style-  avia-icon-pos-center \" style=\"color:#ffffff; border-color:#ffffff;\"><span class='av-icon-char' style='font-size:60px;line-height:60px;' aria-hidden='true' data-av_icon='\uf12e' data-av_iconfont='medical' ><\/span><\/span><br \/>\n<div  style='height:20px' class='hr hr-invisible   avia-builder-el-8  el_after_av_font_icon  el_before_av_textblock '><span class='hr-inner ' ><span class='hr-inner-style'><\/span><\/span><\/div><br \/>\n<section class=\"av_textblock_section \"  itemscope=\"itemscope\" itemtype=\"https:\/\/schema.org\/CreativeWork\" ><div class='avia_textblock  av_inherit_color '  style='color:#ffffff; '  itemprop=\"text\" ><h4 style=\"text-align: center;\">\u00dcber uns<\/h4>\n<p style=\"text-align: center;\">Erfahren Sie mehr \u00fcber unseren Gr\u00fcnder Serdar Devge und DEVGEDENT.<\/p>\n<\/div><\/section><br \/>\n<div  style='height:8px' class='hr hr-invisible   avia-builder-el-10  el_after_av_textblock  el_before_av_button '><span class='hr-inner ' ><span class='hr-inner-style'><\/span><\/span><\/div><br \/>\n<div  class='avia-button-wrap avia-button-center  avia-builder-el-11  el_after_av_hr  avia-builder-el-last ' ><a href='https:\/\/devgedent.com\/kurumsal\/hakkimizda\/'  class='avia-button  avia-color-light   avia-icon_select-no avia-size-medium avia-position-center '   ><span class='avia_iconbox_title' >\u00dcber uns<\/span><\/a><\/div><\/p><\/div><div class=\"flex_column av_one_third  no_margin flex_column_table_cell av-equal-height-column av-align-top   avia-builder-el-12  el_after_av_one_third  el_before_av_one_third  shadow \" style='background: #383e42; padding:40px; background-color:#383e42; border-radius:0px; '><p><span  class=\"av_font_icon avia_animate_when_visible avia-icon-animate  av-icon-style-  avia-icon-pos-center \" style=\"color:#ffffff; border-color:#ffffff;\"><span class='av-icon-char' style='font-size:60px;line-height:60px;' aria-hidden='true' data-av_icon='\ue80b' data-av_iconfont='entypo-fontello' ><\/span><\/span><br \/>\n<div  style='height:20px' class='hr hr-invisible   avia-builder-el-14  el_after_av_font_icon  el_before_av_textblock '><span class='hr-inner ' ><span class='hr-inner-style'><\/span><\/span><\/div><br \/>\n<section class=\"av_textblock_section \"  itemscope=\"itemscope\" itemtype=\"https:\/\/schema.org\/CreativeWork\" ><div class='avia_textblock  av_inherit_color '  style='color:#ffffff; '  itemprop=\"text\" ><h4 style=\"text-align: center;\">Unsere \u00c4rzte<\/h4>\n<p style=\"text-align: center;\">Mit unseren Teamkollegen<br \/>\nTreffen Sie<\/p>\n<\/div><\/section><br \/>\n<div  style='height:8px' class='hr hr-invisible   avia-builder-el-16  el_after_av_textblock  el_before_av_button '><span class='hr-inner ' ><span class='hr-inner-style'><\/span><\/span><\/div><br \/>\n<div  class='avia-button-wrap avia-button-center  avia-builder-el-17  el_after_av_hr  avia-builder-el-last ' ><a href='https:\/\/devgedent.com\/kurumsal\/ekibimiz\/'  class='avia-button  avia-color-light   avia-icon_select-no avia-size-medium avia-position-center '   ><span class='avia_iconbox_title' >Unser Team<\/span><\/a><\/div><\/p><\/div><div class=\"flex_column av_one_third  no_margin flex_column_table_cell av-equal-height-column av-align-top   avia-builder-el-18  el_after_av_one_third  el_before_av_hr  shadow \" style='background: #2b3033; padding:40px; background-color:#2b3033; border-radius:0px; '><p><span  class=\"av_font_icon avia_animate_when_visible avia-icon-animate  av-icon-style-  avia-icon-pos-center \" style=\"color:#ffffff; border-color:#ffffff;\"><span class='av-icon-char' style='font-size:60px;line-height:60px;' aria-hidden='true' data-av_icon='\uf104' data-av_iconfont='medical' ><\/span><\/span><br \/>\n<div  style='height:20px' class='hr hr-invisible   avia-builder-el-20  el_after_av_font_icon  el_before_av_textblock '><span class='hr-inner ' ><span class='hr-inner-style'><\/span><\/span><\/div><br \/>\n<section class=\"av_textblock_section \"  itemscope=\"itemscope\" itemtype=\"https:\/\/schema.org\/CreativeWork\" ><div class='avia_textblock  av_inherit_color '  style='color:#ffffff; '  itemprop=\"text\" ><h4 style=\"text-align: center;\">Karriere<\/h4>\n<p style=\"text-align: center;\">Informieren Sie sich \u00fcber offene Stellen und bewerben Sie sich um eine Stelle<\/p>\n<\/div><\/section><br \/>\n<div  style='height:8px' class='hr hr-invisible   avia-builder-el-22  el_after_av_textblock  el_before_av_button '><span class='hr-inner ' ><span class='hr-inner-style'><\/span><\/span><\/div><br \/>\n<div  class='avia-button-wrap avia-button-center  avia-builder-el-23  el_after_av_hr  avia-builder-el-last ' ><a href='https:\/\/devgedent.com\/?page_id=959'  class='avia-button  avia-color-light   avia-icon_select-no avia-size-medium avia-position-center '   ><span class='avia_iconbox_title' >Mehr erfahren<\/span><\/a><\/div><\/p><\/div><\/div><!--close column table wrapper. Autoclose: 1 --><div  style='height:100px' class='hr hr-invisible   avia-builder-el-24  el_after_av_one_third  avia-builder-el-last '><span class='hr-inner ' ><span class='hr-inner-style'><\/span><\/span><\/div>\n\n<\/div><\/div><\/div><!-- close content main div --><\/div><\/div><div id='av-layout-grid-2'  class='av-layout-grid-container entry-content-wrapper main_color av-flex-cells     avia-builder-el-25  el_after_av_section  el_before_av_layout_row  submenu-not-first container_wrap fullsize' style=' '  >\n<div class=\"flex_cell no_margin av_one_half  avia-builder-el-26  el_before_av_cell_one_half  avia-builder-el-first   avia-full-stretch av-zero-padding \"  style='background:url(https:\/\/devgedent.com\/wp-content\/uploads\/2021\/02\/a13.jpg) center center no-repeat scroll; vertical-align:middle; padding:0px; ' ><div class='flex_cell_inner' ><\/div><\/div><div class=\"flex_cell no_margin av_one_half  avia-builder-el-27  el_after_av_cell_one_half  avia-builder-el-last   \"  style='background: #f6f6f6; vertical-align:top; padding:80px; background-color:#f6f6f6; ' ><div class='flex_cell_inner' ><p><div  style='padding-bottom:20px; font-size:34px;' class='av-special-heading av-special-heading-h3  blockquote modern-quote  avia-builder-el-28  el_before_av_textblock  avia-builder-el-first  av-inherit-size '><div class ='av-subheading av-subheading_above  ' style='font-size:15px;'><p>Unternehmen<\/p>\n<\/div><h3 class='av-special-heading-tag '  itemprop=\"headline\"  >Unsere Vision<\/h3><div class='special-heading-border'><div class='special-heading-inner-border' ><\/div><\/div><\/div><br \/>\n<section class=\"av_textblock_section \"  itemscope=\"itemscope\" itemtype=\"https:\/\/schema.org\/CreativeWork\" ><div class='avia_textblock  '   itemprop=\"text\" ><p>Die DEVGEDENT-Poliklinik f\u00fcr Mund- und Zahngesundheit \u00fcbertrifft die Erwartungen der Patienten, indem sie mit ihrem Fachpersonal wissenschaftliche Techniken anwendet.<\/p>\n<p>Die Vision von DEVGEDENT besteht in erster Linie darin, das Bewusstsein f\u00fcr Gesundheit in der Gesellschaft zu sch\u00e4rfen, daf\u00fcr zu sorgen, dass unsere G\u00e4ste ihr Leben mit ihrem Aussehen gl\u00fccklich fortsetzen k\u00f6nnen, und die Zukunft der Mund- und Zahngesundheit zu gestalten, indem wir Kunst und Gesundheit in einem Punkt zusammenbringen.<\/p>\n<\/div><\/section><\/p>\n<\/div><\/div>\n<\/div>\n<div id='av-layout-grid-3'  class='av-layout-grid-container entry-content-wrapper main_color av-flex-cells     avia-builder-el-30  el_after_av_layout_row  avia-builder-el-last  submenu-not-first container_wrap fullsize' style=' '  >\n<div class=\"flex_cell no_margin av_one_half  avia-builder-el-31  el_before_av_cell_one_half  avia-builder-el-first   avia-full-stretch \"  style='height:500px; min-height:500px;background: #f6f6f6; vertical-align:middle; padding:80px; background-color:#f6f6f6; ' ><div class='flex_cell_inner' ><p><div  style='padding-bottom:20px; font-size:34px;' class='av-special-heading av-special-heading-h3  blockquote modern-quote  avia-builder-el-32  el_before_av_textblock  avia-builder-el-first  av-inherit-size '><div class ='av-subheading av-subheading_above  ' style='font-size:15px;'><p>Unternehmen<\/p>\n<\/div><h3 class='av-special-heading-tag '  itemprop=\"headline\"  >Unser Auftrag<\/h3><div class='special-heading-border'><div class='special-heading-inner-border' ><\/div><\/div><\/div><br \/>\n<section class=\"av_textblock_section \"  itemscope=\"itemscope\" itemtype=\"https:\/\/schema.org\/CreativeWork\" ><div class='avia_textblock  '   itemprop=\"text\" ><p>Die Poliklinik f\u00fcr Mund- und Zahnheilkunde DEVGEDENT bietet ihren internationalen und einheimischen Patienten f\u00fcr alle zahnmedizinischen Bed\u00fcrfnisse, die Fachwissen und Erfahrung erfordern, einen Service h\u00f6chster Qualit\u00e4t.<\/p>\n<p>Den funktionellen und \u00e4sthetischen Bed\u00fcrfnissen unserer Patienten gerecht zu werden, ist stets die Mission der DEVGEDENT-Familie.<\/p>\n<\/div><\/section><\/p>\n<\/div><\/div><div class=\"flex_cell no_margin av_one_half  avia-builder-el-34  el_after_av_cell_one_half  avia-builder-el-last   avia-full-stretch av-zero-padding \"  style='height:500px; min-height:500px;background:url(https:\/\/devgedent.com\/wp-content\/uploads\/2021\/02\/a21-1030x686.jpg) center center no-repeat scroll #22689e; vertical-align:middle; padding:0px; background-color:#22689e; ' ><div class='flex_cell_inner' ><\/div><\/div><\/div>\n","protected":false},"excerpt":{"rendered":"","protected":false},"author":1,"featured_media":0,"parent":0,"menu_order":0,"comment_status":"closed","ping_status":"closed","template":"","meta":{"_joinchat":[],"footnotes":""},"class_list":["post-1804","page","type-page","status-publish","hentry"],"yoast_head":"<!-- This site is optimized with the Yoast SEO plugin v21.1 - https:\/\/yoast.com\/wordpress\/plugins\/seo\/ -->\n<title>Unternehmen - DEVGEDENT<\/title>\n<meta name=\"robots\" content=\"index, follow, max-snippet:-1, max-image-preview:large, max-video-preview:-1\" \/>\n<link rel=\"canonical\" href=\"https:\/\/devgedent.com\/de\/unternehmen\/\" \/>\n<meta property=\"og:locale\" content=\"de_DE\" \/>\n<meta property=\"og:type\" content=\"article\" \/>\n<meta property=\"og:title\" content=\"Unternehmen - DEVGEDENT\" \/>\n<meta property=\"og:url\" content=\"https:\/\/devgedent.com\/de\/unternehmen\/\" \/>\n<meta property=\"og:site_name\" content=\"DEVGEDENT\" \/>\n<meta property=\"article:publisher\" content=\"https:\/\/www.facebook.com\/devgedent\/\" \/>\n<meta property=\"article:modified_time\" content=\"2023-08-17T12:58:33+00:00\" \/>\n<meta name=\"twitter:card\" content=\"summary_large_image\" \/>\n<meta name=\"twitter:label1\" content=\"Gesch\u00e4tzte Lesezeit\" \/>\n\t<meta name=\"twitter:data1\" content=\"9\u00a0Minuten\" \/>\n<script type=\"application\/ld+json\" class=\"yoast-schema-graph\">{\"@context\":\"https:\/\/schema.org\",\"@graph\":[{\"@type\":\"WebPage\",\"@id\":\"https:\/\/devgedent.com\/de\/unternehmen\/\",\"url\":\"https:\/\/devgedent.com\/de\/unternehmen\/\",\"name\":\"Unternehmen - DEVGEDENT\",\"isPartOf\":{\"@id\":\"https:\/\/devgedent.com\/#website\"},\"datePublished\":\"2016-07-15T11:20:10+00:00\",\"dateModified\":\"2023-08-17T12:58:33+00:00\",\"breadcrumb\":{\"@id\":\"https:\/\/devgedent.com\/de\/unternehmen\/#breadcrumb\"},\"inLanguage\":\"de\",\"potentialAction\":[{\"@type\":\"ReadAction\",\"target\":[\"https:\/\/devgedent.com\/de\/unternehmen\/\"]}]},{\"@type\":\"BreadcrumbList\",\"@id\":\"https:\/\/devgedent.com\/de\/unternehmen\/#breadcrumb\",\"itemListElement\":[{\"@type\":\"ListItem\",\"position\":1,\"name\":\"Anasayfa\",\"item\":\"https:\/\/devgedent.com\/de\/startseite\/\"},{\"@type\":\"ListItem\",\"position\":2,\"name\":\"Unternehmen\"}]},{\"@type\":\"WebSite\",\"@id\":\"https:\/\/devgedent.com\/#website\",\"url\":\"https:\/\/devgedent.com\/\",\"name\":\"DEVGEDENT\",\"description\":\"Devgedent - Umraniye - Agiz ve Dis Sagligi Poliklinigi - 2163356132 \/ 5347834164\",\"publisher\":{\"@id\":\"https:\/\/devgedent.com\/#organization\"},\"potentialAction\":[{\"@type\":\"SearchAction\",\"target\":{\"@type\":\"EntryPoint\",\"urlTemplate\":\"https:\/\/devgedent.com\/?s={search_term_string}\"},\"query-input\":\"required name=search_term_string\"}],\"inLanguage\":\"de\"},{\"@type\":\"Organization\",\"@id\":\"https:\/\/devgedent.com\/#organization\",\"name\":\"DEVGEDENT\",\"url\":\"https:\/\/devgedent.com\/\",\"logo\":{\"@type\":\"ImageObject\",\"inLanguage\":\"de\",\"@id\":\"https:\/\/devgedent.com\/#\/schema\/logo\/image\/\",\"url\":\"https:\/\/devgedent.com\/wp-content\/uploads\/2021\/02\/devgedent-logo.png\",\"contentUrl\":\"https:\/\/devgedent.com\/wp-content\/uploads\/2021\/02\/devgedent-logo.png\",\"width\":440,\"height\":156,\"caption\":\"DEVGEDENT\"},\"image\":{\"@id\":\"https:\/\/devgedent.com\/#\/schema\/logo\/image\/\"},\"sameAs\":[\"https:\/\/www.facebook.com\/devgedent\/\",\"https:\/\/www.instagram.com\/devgedent\/\"]}]}<\/script>\n<!-- \/ Yoast SEO plugin. -->","yoast_head_json":{"title":"Unternehmen - DEVGEDENT","robots":{"index":"index","follow":"follow","max-snippet":"max-snippet:-1","max-image-preview":"max-image-preview:large","max-video-preview":"max-video-preview:-1"},"canonical":"https:\/\/devgedent.com\/de\/unternehmen\/","og_locale":"de_DE","og_type":"article","og_title":"Unternehmen - DEVGEDENT","og_url":"https:\/\/devgedent.com\/de\/unternehmen\/","og_site_name":"DEVGEDENT","article_publisher":"https:\/\/www.facebook.com\/devgedent\/","article_modified_time":"2023-08-17T12:58:33+00:00","twitter_card":"summary_large_image","twitter_misc":{"Gesch\u00e4tzte Lesezeit":"9\u00a0Minuten"},"schema":{"@context":"https:\/\/schema.org","@graph":[{"@type":"WebPage","@id":"https:\/\/devgedent.com\/de\/unternehmen\/","url":"https:\/\/devgedent.com\/de\/unternehmen\/","name":"Unternehmen - DEVGEDENT","isPartOf":{"@id":"https:\/\/devgedent.com\/#website"},"datePublished":"2016-07-15T11:20:10+00:00","dateModified":"2023-08-17T12:58:33+00:00","breadcrumb":{"@id":"https:\/\/devgedent.com\/de\/unternehmen\/#breadcrumb"},"inLanguage":"de","potentialAction":[{"@type":"ReadAction","target":["https:\/\/devgedent.com\/de\/unternehmen\/"]}]},{"@type":"BreadcrumbList","@id":"https:\/\/devgedent.com\/de\/unternehmen\/#breadcrumb","itemListElement":[{"@type":"ListItem","position":1,"name":"Anasayfa","item":"https:\/\/devgedent.com\/de\/startseite\/"},{"@type":"ListItem","position":2,"name":"Unternehmen"}]},{"@type":"WebSite","@id":"https:\/\/devgedent.com\/#website","url":"https:\/\/devgedent.com\/","name":"DEVGEDENT","description":"Devgedent - Umraniye - Agiz ve Dis Sagligi Poliklinigi - 2163356132 \/ 5347834164","publisher":{"@id":"https:\/\/devgedent.com\/#organization"},"potentialAction":[{"@type":"SearchAction","target":{"@type":"EntryPoint","urlTemplate":"https:\/\/devgedent.com\/?s={search_term_string}"},"query-input":"required name=search_term_string"}],"inLanguage":"de"},{"@type":"Organization","@id":"https:\/\/devgedent.com\/#organization","name":"DEVGEDENT","url":"https:\/\/devgedent.com\/","logo":{"@type":"ImageObject","inLanguage":"de","@id":"https:\/\/devgedent.com\/#\/schema\/logo\/image\/","url":"https:\/\/devgedent.com\/wp-content\/uploads\/2021\/02\/devgedent-logo.png","contentUrl":"https:\/\/devgedent.com\/wp-content\/uploads\/2021\/02\/devgedent-logo.png","width":440,"height":156,"caption":"DEVGEDENT"},"image":{"@id":"https:\/\/devgedent.com\/#\/schema\/logo\/image\/"},"sameAs":["https:\/\/www.facebook.com\/devgedent\/","https:\/\/www.instagram.com\/devgedent\/"]}]}},"_links":{"self":[{"href":"https:\/\/devgedent.com\/de\/wp-json\/wp\/v2\/pages\/1804","targetHints":{"allow":["GET"]}}],"collection":[{"href":"https:\/\/devgedent.com\/de\/wp-json\/wp\/v2\/pages"}],"about":[{"href":"https:\/\/devgedent.com\/de\/wp-json\/wp\/v2\/types\/page"}],"author":[{"embeddable":true,"href":"https:\/\/devgedent.com\/de\/wp-json\/wp\/v2\/users\/1"}],"replies":[{"embeddable":true,"href":"https:\/\/devgedent.com\/de\/wp-json\/wp\/v2\/comments?post=1804"}],"version-history":[{"count":1,"href":"https:\/\/devgedent.com\/de\/wp-json\/wp\/v2\/pages\/1804\/revisions"}],"predecessor-version":[{"id":1854,"href":"https:\/\/devgedent.com\/de\/wp-json\/wp\/v2\/pages\/1804\/revisions\/1854"}],"wp:attachment":[{"href":"https:\/\/devgedent.com\/de\/wp-json\/wp\/v2\/media?parent=1804"}],"curies":[{"name":"wp","href":"https:\/\/api.w.org\/{rel}","templated":true}]}}