{"id":1755,"date":"2016-07-15T14:20:10","date_gmt":"2016-07-15T11:20:10","guid":{"rendered":"https:\/\/devgedent.com\/corporate\/"},"modified":"2023-08-07T13:54:10","modified_gmt":"2023-08-07T10:54:10","slug":"corporate","status":"publish","type":"page","link":"https:\/\/devgedent.com\/en\/corporate\/","title":{"rendered":"CORPORATE"},"content":{"rendered":"<div id='av-layout-grid-1'  class='av-layout-grid-container entry-content-wrapper main_color av-flex-cells     avia-builder-el-0  el_before_av_section  avia-builder-el-first  container_wrap fullsize' style=' '  >\n<div class=\"flex_cell no_margin av_one_half  avia-builder-el-1  el_before_av_cell_one_half  avia-builder-el-first   avia-full-stretch av-zero-padding \"  style='height:500px; min-height:500px;background:url(https:\/\/devgedent.com\/wp-content\/uploads\/2021\/02\/a24.jpg) top left no-repeat scroll #22689e; vertical-align:middle; padding:0px; background-color:#22689e; ' ><div class='flex_cell_inner' ><\/div><\/div><div class=\"flex_cell no_margin av_one_half  avia-builder-el-2  el_after_av_cell_one_half  avia-builder-el-last   \"  style='height:500px; min-height:500px;background: #434a4f; vertical-align:middle; padding:px; background-color:#434a4f; ' ><div class='flex_cell_inner' ><p><div  style='padding-bottom:25px; color:#ffffff;font-size:34px;' class='av-special-heading av-special-heading-h1 custom-color-heading blockquote modern-quote  avia-builder-el-3  el_before_av_textblock  avia-builder-el-first  av-inherit-size '><h1 class='av-special-heading-tag '  itemprop=\"headline\"  >DEVGEDENT Dental Polyclinic<\/h1><div class='special-heading-border'><div class='special-heading-inner-border' style='border-color:#ffffff'><\/div><\/div><\/div><br \/>\n<section class=\"av_textblock_section \"  itemscope=\"itemscope\" itemtype=\"https:\/\/schema.org\/CreativeWork\" ><div class='avia_textblock  av_inherit_color '  style='color:#ffffff; '  itemprop=\"text\" ><p>Our clinic adopts patient satisfaction as a priority with its specialist doctors, fully equipped treatment devices, minimal, spacious, modern architecture and structure designed with all the needs of its guests in mind.<\/p>\n<\/div><\/section><\/p>\n<\/div><\/div>\n<\/div>\n<div id='av_section_1'  class='avia-section main_color avia-section-huge avia-no-border-styling  avia-bg-style-scroll  avia-builder-el-5  el_after_av_layout_row  el_before_av_layout_row   container_wrap fullsize' style=' '  ><div class='container' ><div class='template-page content  av-content-full alpha units'><div class='post-entry post-entry-type-page post-entry-1755'><div class='entry-content-wrapper clearfix'>\n<div class='flex_column_table av-equal-height-column-flextable -flextable' style='margin-top:-200px; margin-bottom:0px; '><div class=\"flex_column av_one_third  no_margin flex_column_table_cell av-equal-height-column av-align-top first  avia-builder-el-6  el_before_av_one_third  avia-builder-el-first  shadow \" style='background: #434a4f; padding:40px; background-color:#434a4f; border-radius:0px; '><p><span  class=\"av_font_icon avia_animate_when_visible avia-icon-animate  av-icon-style-  avia-icon-pos-center \" style=\"color:#ffffff; border-color:#ffffff;\"><span class='av-icon-char' style='font-size:60px;line-height:60px;' aria-hidden='true' data-av_icon='\uf12e' data-av_iconfont='medical' ><\/span><\/span><br \/>\n<div  style='height:20px' class='hr hr-invisible   avia-builder-el-8  el_after_av_font_icon  el_before_av_textblock '><span class='hr-inner ' ><span class='hr-inner-style'><\/span><\/span><\/div><br \/>\n<section class=\"av_textblock_section \"  itemscope=\"itemscope\" itemtype=\"https:\/\/schema.org\/CreativeWork\" ><div class='avia_textblock  av_inherit_color '  style='color:#ffffff; '  itemprop=\"text\" ><h4 style=\"text-align: center;\">About Us:<\/h4>\n<p style=\"text-align: center;\">About Serdar Devge ; Serdar Devge was born on November 16, 1954, and successfully graduated from Marmara University Faculty of Dentistry in 1978. He then opened his first clinic in Kad\u0131k\u00f6y, Istanbul in 1982. Later, he moved to the \u00dcmraniye district. In 1991, Serdar Devge started working as a dentist at Haydarpa\u015fa Numune Hospital \u00dcmraniye District Polyclinic. He retired in 2017 and Today,<\/p>\n<\/div><\/section><br \/>\n<div  style='height:8px' class='hr hr-invisible   avia-builder-el-10  el_after_av_textblock  el_before_av_button '><span class='hr-inner ' ><span class='hr-inner-style'><\/span><\/span><\/div><br \/>\n<div  class='avia-button-wrap avia-button-center  avia-builder-el-11  el_after_av_hr  avia-builder-el-last ' ><a href='https:\/\/devgedent.com\/kurumsal\/hakkimizda\/'  class='avia-button  avia-color-light   avia-icon_select-no avia-size-medium avia-position-center '   ><span class='avia_iconbox_title' >About Us; Between 1982 and 2020, Serdar Devge treated over 30,000 registered patients by working independently. Today, we continue to provide meticulous service with our expert team in all fields of dentistry. We continue to combine all branches of Serdar Devge's profession, which is essentially an art, with today's technology to offer solutions to our patients. Our clinic prioritizes patient satisfaction with its expert doctors, fully equipped treatment devices, minimal, spacious, modern architecture, and a structure designed to meet all the needs of our guests.<\/span><\/a><\/div><\/p><\/div><div class=\"flex_column av_one_third  no_margin flex_column_table_cell av-equal-height-column av-align-top   avia-builder-el-12  el_after_av_one_third  el_before_av_one_third  shadow \" style='background: #383e42; padding:40px; background-color:#383e42; border-radius:0px; '><p><span  class=\"av_font_icon avia_animate_when_visible avia-icon-animate  av-icon-style-  avia-icon-pos-center \" style=\"color:#ffffff; border-color:#ffffff;\"><span class='av-icon-char' style='font-size:60px;line-height:60px;' aria-hidden='true' data-av_icon='\ue80b' data-av_iconfont='entypo-fontello' ><\/span><\/span><br \/>\n<div  style='height:20px' class='hr hr-invisible   avia-builder-el-14  el_after_av_font_icon  el_before_av_textblock '><span class='hr-inner ' ><span class='hr-inner-style'><\/span><\/span><\/div><br \/>\n<section class=\"av_textblock_section \"  itemscope=\"itemscope\" itemtype=\"https:\/\/schema.org\/CreativeWork\" ><div class='avia_textblock  av_inherit_color '  style='color:#ffffff; '  itemprop=\"text\" ><h4 style=\"text-align: center;\">DEVGEDENT Team<\/h4>\n<p style=\"text-align: center;\">Our Dentists and Staff<br \/>\nMeet Us<\/p>\n<\/div><\/section><br \/>\n<div  style='height:8px' class='hr hr-invisible   avia-builder-el-16  el_after_av_textblock  el_before_av_button '><span class='hr-inner ' ><span class='hr-inner-style'><\/span><\/span><\/div><br \/>\n<div  class='avia-button-wrap avia-button-center  avia-builder-el-17  el_after_av_hr  avia-builder-el-last ' ><a href='https:\/\/devgedent.com\/kurumsal\/ekibimiz\/'  class='avia-button  avia-color-light   avia-icon_select-no avia-size-medium avia-position-center '   ><span class='avia_iconbox_title' >Our Team<\/span><\/a><\/div><\/p><\/div><div class=\"flex_column av_one_third  no_margin flex_column_table_cell av-equal-height-column av-align-top   avia-builder-el-18  el_after_av_one_third  el_before_av_hr  shadow \" style='background: #2b3033; padding:40px; background-color:#2b3033; border-radius:0px; '><p><span  class=\"av_font_icon avia_animate_when_visible avia-icon-animate  av-icon-style-  avia-icon-pos-center \" style=\"color:#ffffff; border-color:#ffffff;\"><span class='av-icon-char' style='font-size:60px;line-height:60px;' aria-hidden='true' data-av_icon='\uf104' data-av_iconfont='medical' ><\/span><\/span><br \/>\n<div  style='height:20px' class='hr hr-invisible   avia-builder-el-20  el_after_av_font_icon  el_before_av_textblock '><span class='hr-inner ' ><span class='hr-inner-style'><\/span><\/span><\/div><br \/>\n<section class=\"av_textblock_section \"  itemscope=\"itemscope\" itemtype=\"https:\/\/schema.org\/CreativeWork\" ><div class='avia_textblock  av_inherit_color '  style='color:#ffffff; '  itemprop=\"text\" ><h4 style=\"text-align: center;\">Career<\/h4>\n<p style=\"text-align: center;\">Get information about open positions and apply for a job<\/p>\n<\/div><\/section><br \/>\n<div  style='height:8px' class='hr hr-invisible   avia-builder-el-22  el_after_av_textblock  el_before_av_button '><span class='hr-inner ' ><span class='hr-inner-style'><\/span><\/span><\/div><br \/>\n<div  class='avia-button-wrap avia-button-center  avia-builder-el-23  el_after_av_hr  avia-builder-el-last ' ><a href='https:\/\/devgedent.com\/?page_id=959'  class='avia-button  avia-color-light   avia-icon_select-no avia-size-medium avia-position-center '   ><span class='avia_iconbox_title' >Learn More<\/span><\/a><\/div><\/p><\/div><\/div><!--close column table wrapper. Autoclose: 1 --><div  style='height:100px' class='hr hr-invisible   avia-builder-el-24  el_after_av_one_third  avia-builder-el-last '><span class='hr-inner ' ><span class='hr-inner-style'><\/span><\/span><\/div>\n\n<\/div><\/div><\/div><!-- close content main div --><\/div><\/div><div id='av-layout-grid-2'  class='av-layout-grid-container entry-content-wrapper main_color av-flex-cells     avia-builder-el-25  el_after_av_section  el_before_av_layout_row  submenu-not-first container_wrap fullsize' style=' '  >\n<div class=\"flex_cell no_margin av_one_half  avia-builder-el-26  el_before_av_cell_one_half  avia-builder-el-first   avia-full-stretch av-zero-padding \"  style='background:url(https:\/\/devgedent.com\/wp-content\/uploads\/2021\/02\/a13.jpg) center center no-repeat scroll; vertical-align:middle; padding:0px; ' ><div class='flex_cell_inner' ><\/div><\/div><div class=\"flex_cell no_margin av_one_half  avia-builder-el-27  el_after_av_cell_one_half  avia-builder-el-last   \"  style='background: #f6f6f6; vertical-align:top; padding:80px; background-color:#f6f6f6; ' ><div class='flex_cell_inner' ><p><div  style='padding-bottom:20px; font-size:34px;' class='av-special-heading av-special-heading-h3  blockquote modern-quote  avia-builder-el-28  el_before_av_textblock  avia-builder-el-first  av-inherit-size '><div class ='av-subheading av-subheading_above  ' style='font-size:15px;'><p>Corporate<\/p>\n<\/div><h3 class='av-special-heading-tag '  itemprop=\"headline\"  >Our Vision<\/h3><div class='special-heading-border'><div class='special-heading-inner-border' ><\/div><\/div><\/div><br \/>\n<section class=\"av_textblock_section \"  itemscope=\"itemscope\" itemtype=\"https:\/\/schema.org\/CreativeWork\" ><div class='avia_textblock  '   itemprop=\"text\" ><p>DEVGEDENT Oral and Dental Health Polyclinic carries the treatment process beyond the patients&#8217; own expectations by using scientific techniques with its expert staff.<\/p>\n<p>First and foremost, DEVGEDENT&#8217;s vision is to increase the awareness of being healthy in society, to ensure that our guests continue their lives happily with their appearance and to create the future of oral and dental health by bringing art and health together at one point.<\/p>\n<\/div><\/section><\/p>\n<\/div><\/div>\n<\/div>\n<div id='av-layout-grid-3'  class='av-layout-grid-container entry-content-wrapper main_color av-flex-cells     avia-builder-el-30  el_after_av_layout_row  avia-builder-el-last  submenu-not-first container_wrap fullsize' style=' '  >\n<div class=\"flex_cell no_margin av_one_half  avia-builder-el-31  el_before_av_cell_one_half  avia-builder-el-first   avia-full-stretch \"  style='height:500px; min-height:500px;background: #f6f6f6; vertical-align:middle; padding:80px; background-color:#f6f6f6; ' ><div class='flex_cell_inner' ><p><div  style='padding-bottom:20px; font-size:34px;' class='av-special-heading av-special-heading-h3  blockquote modern-quote  avia-builder-el-32  el_before_av_textblock  avia-builder-el-first  av-inherit-size '><div class ='av-subheading av-subheading_above  ' style='font-size:15px;'><p>Corporate<\/p>\n<\/div><h3 class='av-special-heading-tag '  itemprop=\"headline\"  >Our Mission<\/h3><div class='special-heading-border'><div class='special-heading-inner-border' ><\/div><\/div><\/div><br \/>\n<section class=\"av_textblock_section \"  itemscope=\"itemscope\" itemtype=\"https:\/\/schema.org\/CreativeWork\" ><div class='avia_textblock  '   itemprop=\"text\" ><p>DEVGEDENT Oral and Dental Health Polyclinic provides the highest quality service to our international and domestic patients for all their dental needs that require expertise and experience.<\/p>\n<p>Responding to the functional and aesthetic needs of our patients is always the mission of the DEVGEDENT family.<\/p>\n<\/div><\/section><\/p>\n<\/div><\/div><div class=\"flex_cell no_margin av_one_half  avia-builder-el-34  el_after_av_cell_one_half  avia-builder-el-last   avia-full-stretch av-zero-padding \"  style='height:500px; min-height:500px;background:url(https:\/\/devgedent.com\/wp-content\/uploads\/2021\/02\/a21-1030x686.jpg) center center no-repeat scroll #22689e; vertical-align:middle; padding:0px; background-color:#22689e; ' ><div class='flex_cell_inner' ><\/div><\/div><\/div>\n","protected":false},"excerpt":{"rendered":"","protected":false},"author":1,"featured_media":0,"parent":0,"menu_order":0,"comment_status":"closed","ping_status":"closed","template":"","meta":{"_joinchat":[],"footnotes":""},"class_list":["post-1755","page","type-page","status-publish","hentry"],"yoast_head":"<!-- This site is optimized with the Yoast SEO plugin v21.1 - https:\/\/yoast.com\/wordpress\/plugins\/seo\/ -->\n<title>CORPORATE - DEVGEDENT<\/title>\n<meta name=\"robots\" content=\"index, follow, max-snippet:-1, max-image-preview:large, max-video-preview:-1\" \/>\n<link rel=\"canonical\" href=\"https:\/\/devgedent.com\/en\/corporate\/\" \/>\n<meta property=\"og:locale\" content=\"en_US\" \/>\n<meta property=\"og:type\" content=\"article\" \/>\n<meta property=\"og:title\" content=\"CORPORATE - DEVGEDENT\" \/>\n<meta property=\"og:url\" content=\"https:\/\/devgedent.com\/en\/corporate\/\" \/>\n<meta property=\"og:site_name\" content=\"DEVGEDENT\" \/>\n<meta property=\"article:publisher\" content=\"https:\/\/www.facebook.com\/devgedent\/\" \/>\n<meta property=\"article:modified_time\" content=\"2023-08-07T10:54:10+00:00\" \/>\n<meta name=\"twitter:card\" content=\"summary_large_image\" \/>\n<meta name=\"twitter:label1\" content=\"Est. reading time\" \/>\n\t<meta name=\"twitter:data1\" content=\"10 minutes\" \/>\n<script type=\"application\/ld+json\" class=\"yoast-schema-graph\">{\"@context\":\"https:\/\/schema.org\",\"@graph\":[{\"@type\":\"WebPage\",\"@id\":\"https:\/\/devgedent.com\/en\/corporate\/\",\"url\":\"https:\/\/devgedent.com\/en\/corporate\/\",\"name\":\"CORPORATE - DEVGEDENT\",\"isPartOf\":{\"@id\":\"https:\/\/devgedent.com\/#website\"},\"datePublished\":\"2016-07-15T11:20:10+00:00\",\"dateModified\":\"2023-08-07T10:54:10+00:00\",\"breadcrumb\":{\"@id\":\"https:\/\/devgedent.com\/en\/corporate\/#breadcrumb\"},\"inLanguage\":\"en-US\",\"potentialAction\":[{\"@type\":\"ReadAction\",\"target\":[\"https:\/\/devgedent.com\/en\/corporate\/\"]}]},{\"@type\":\"BreadcrumbList\",\"@id\":\"https:\/\/devgedent.com\/en\/corporate\/#breadcrumb\",\"itemListElement\":[{\"@type\":\"ListItem\",\"position\":1,\"name\":\"Anasayfa\",\"item\":\"https:\/\/devgedent.com\/en\/homepage\/\"},{\"@type\":\"ListItem\",\"position\":2,\"name\":\"CORPORATE\"}]},{\"@type\":\"WebSite\",\"@id\":\"https:\/\/devgedent.com\/#website\",\"url\":\"https:\/\/devgedent.com\/\",\"name\":\"DEVGEDENT\",\"description\":\"Devgedent - Umraniye - Agiz ve Dis Sagligi Poliklinigi - 2163356132 \/ 5347834164\",\"publisher\":{\"@id\":\"https:\/\/devgedent.com\/#organization\"},\"potentialAction\":[{\"@type\":\"SearchAction\",\"target\":{\"@type\":\"EntryPoint\",\"urlTemplate\":\"https:\/\/devgedent.com\/?s={search_term_string}\"},\"query-input\":\"required name=search_term_string\"}],\"inLanguage\":\"en-US\"},{\"@type\":\"Organization\",\"@id\":\"https:\/\/devgedent.com\/#organization\",\"name\":\"DEVGEDENT\",\"url\":\"https:\/\/devgedent.com\/\",\"logo\":{\"@type\":\"ImageObject\",\"inLanguage\":\"en-US\",\"@id\":\"https:\/\/devgedent.com\/#\/schema\/logo\/image\/\",\"url\":\"https:\/\/devgedent.com\/wp-content\/uploads\/2021\/02\/devgedent-logo.png\",\"contentUrl\":\"https:\/\/devgedent.com\/wp-content\/uploads\/2021\/02\/devgedent-logo.png\",\"width\":440,\"height\":156,\"caption\":\"DEVGEDENT\"},\"image\":{\"@id\":\"https:\/\/devgedent.com\/#\/schema\/logo\/image\/\"},\"sameAs\":[\"https:\/\/www.facebook.com\/devgedent\/\",\"https:\/\/www.instagram.com\/devgedent\/\"]}]}<\/script>\n<!-- \/ Yoast SEO plugin. -->","yoast_head_json":{"title":"CORPORATE - DEVGEDENT","robots":{"index":"index","follow":"follow","max-snippet":"max-snippet:-1","max-image-preview":"max-image-preview:large","max-video-preview":"max-video-preview:-1"},"canonical":"https:\/\/devgedent.com\/en\/corporate\/","og_locale":"en_US","og_type":"article","og_title":"CORPORATE - DEVGEDENT","og_url":"https:\/\/devgedent.com\/en\/corporate\/","og_site_name":"DEVGEDENT","article_publisher":"https:\/\/www.facebook.com\/devgedent\/","article_modified_time":"2023-08-07T10:54:10+00:00","twitter_card":"summary_large_image","twitter_misc":{"Est. reading time":"10 minutes"},"schema":{"@context":"https:\/\/schema.org","@graph":[{"@type":"WebPage","@id":"https:\/\/devgedent.com\/en\/corporate\/","url":"https:\/\/devgedent.com\/en\/corporate\/","name":"CORPORATE - DEVGEDENT","isPartOf":{"@id":"https:\/\/devgedent.com\/#website"},"datePublished":"2016-07-15T11:20:10+00:00","dateModified":"2023-08-07T10:54:10+00:00","breadcrumb":{"@id":"https:\/\/devgedent.com\/en\/corporate\/#breadcrumb"},"inLanguage":"en-US","potentialAction":[{"@type":"ReadAction","target":["https:\/\/devgedent.com\/en\/corporate\/"]}]},{"@type":"BreadcrumbList","@id":"https:\/\/devgedent.com\/en\/corporate\/#breadcrumb","itemListElement":[{"@type":"ListItem","position":1,"name":"Anasayfa","item":"https:\/\/devgedent.com\/en\/homepage\/"},{"@type":"ListItem","position":2,"name":"CORPORATE"}]},{"@type":"WebSite","@id":"https:\/\/devgedent.com\/#website","url":"https:\/\/devgedent.com\/","name":"DEVGEDENT","description":"Devgedent - Umraniye - Agiz ve Dis Sagligi Poliklinigi - 2163356132 \/ 5347834164","publisher":{"@id":"https:\/\/devgedent.com\/#organization"},"potentialAction":[{"@type":"SearchAction","target":{"@type":"EntryPoint","urlTemplate":"https:\/\/devgedent.com\/?s={search_term_string}"},"query-input":"required name=search_term_string"}],"inLanguage":"en-US"},{"@type":"Organization","@id":"https:\/\/devgedent.com\/#organization","name":"DEVGEDENT","url":"https:\/\/devgedent.com\/","logo":{"@type":"ImageObject","inLanguage":"en-US","@id":"https:\/\/devgedent.com\/#\/schema\/logo\/image\/","url":"https:\/\/devgedent.com\/wp-content\/uploads\/2021\/02\/devgedent-logo.png","contentUrl":"https:\/\/devgedent.com\/wp-content\/uploads\/2021\/02\/devgedent-logo.png","width":440,"height":156,"caption":"DEVGEDENT"},"image":{"@id":"https:\/\/devgedent.com\/#\/schema\/logo\/image\/"},"sameAs":["https:\/\/www.facebook.com\/devgedent\/","https:\/\/www.instagram.com\/devgedent\/"]}]}},"_links":{"self":[{"href":"https:\/\/devgedent.com\/en\/wp-json\/wp\/v2\/pages\/1755","targetHints":{"allow":["GET"]}}],"collection":[{"href":"https:\/\/devgedent.com\/en\/wp-json\/wp\/v2\/pages"}],"about":[{"href":"https:\/\/devgedent.com\/en\/wp-json\/wp\/v2\/types\/page"}],"author":[{"embeddable":true,"href":"https:\/\/devgedent.com\/en\/wp-json\/wp\/v2\/users\/1"}],"replies":[{"embeddable":true,"href":"https:\/\/devgedent.com\/en\/wp-json\/wp\/v2\/comments?post=1755"}],"version-history":[{"count":1,"href":"https:\/\/devgedent.com\/en\/wp-json\/wp\/v2\/pages\/1755\/revisions"}],"predecessor-version":[{"id":1768,"href":"https:\/\/devgedent.com\/en\/wp-json\/wp\/v2\/pages\/1755\/revisions\/1768"}],"wp:attachment":[{"href":"https:\/\/devgedent.com\/en\/wp-json\/wp\/v2\/media?parent=1755"}],"curies":[{"name":"wp","href":"https:\/\/api.w.org\/{rel}","templated":true}]}}