{"id":1756,"date":"2016-07-15T14:19:13","date_gmt":"2016-07-15T11:19:13","guid":{"rendered":"https:\/\/devgedent.com\/corporate\/our-team\/"},"modified":"2024-03-22T13:09:49","modified_gmt":"2024-03-22T10:09:49","slug":"our-team","status":"publish","type":"page","link":"https:\/\/devgedent.com\/en\/corporate\/our-team\/","title":{"rendered":"Our Team"},"content":{"rendered":"<div id='av-layout-grid-1'  class='av-layout-grid-container entry-content-wrapper main_color av-flex-cells     avia-builder-el-0  el_before_av_section  avia-builder-el-first  container_wrap fullsize' style=' '  >\n<div class=\"flex_cell no_margin av_one_half  avia-builder-el-1  el_before_av_cell_one_half  avia-builder-el-first   avia-full-stretch av-zero-padding \"  style='height:500px; min-height:500px;background:url(https:\/\/devgedent.com\/wp-content\/uploads\/2021\/10\/devgedent-klinik-11.jpg) center center no-repeat scroll #22689e; vertical-align:middle; padding:0px; background-color:#22689e; ' ><div class='flex_cell_inner' ><\/div><\/div><div class=\"flex_cell no_margin av_one_half  avia-builder-el-2  el_after_av_cell_one_half  avia-builder-el-last   \"  style='height:500px; min-height:500px;background: #444444; vertical-align:middle; padding:80px; background-color:#444444; ' ><div class='flex_cell_inner' ><div  style='padding-bottom:25px; color:#f6f6f6;font-size:34px;' class='av-special-heading av-special-heading-h1 custom-color-heading blockquote modern-quote  avia-builder-el-3  avia-builder-el-no-sibling  av-inherit-size '><div class ='av-subheading av-subheading_above av_custom_color ' style='font-size:15px;'><p>DEVGEDENT Team<\/p>\n<\/div><h1 class='av-special-heading-tag '  itemprop=\"headline\"  >Our Dentists and Staff<\/h1><div class='special-heading-border'><div class='special-heading-inner-border' style='border-color:#f6f6f6'><\/div><\/div><\/div>\n<\/div><\/div>\n<\/div>\n<div id='av_section_1'  class='avia-section main_color avia-section-large avia-no-border-styling  avia-bg-style-scroll  avia-builder-el-4  el_after_av_layout_row  el_before_av_section   container_wrap fullsize' style='background-color: #f6f6f6;  '  ><div class='container' ><div class='template-page content  av-content-full alpha units'><div class='post-entry post-entry-type-page post-entry-1756'><div class='entry-content-wrapper clearfix'>\n<div class=\"flex_column av_one_third  flex_column_div av-zero-column-padding first  avia-builder-el-5  el_before_av_one_third  avia-builder-el-first  \" style='border-radius:0px; '><\/div><div class=\"flex_column av_one_third  flex_column_div av-zero-column-padding   avia-builder-el-6  el_after_av_one_third  el_before_av_one_third  \" style='border-radius:0px; '><p><section  class='avia-team-member   avia-builder-el-7  el_before_av_textblock  avia-builder-el-first '  itemscope=\"itemscope\" itemtype=\"https:\/\/schema.org\/Person\" ><div class='team-img-container'><img decoding=\"async\" width=\"2000\" height=\"1333\" class='wp-image-1145 avia-img-lazy-loading-not-1145 avia_image avia_image_team' src=\"https:\/\/devgedent.com\/wp-content\/uploads\/2021\/02\/dis-hekimi-serdar-devge.jpg\" alt='Serdar Devge'  itemprop=\"image\" srcset=\"https:\/\/devgedent.com\/wp-content\/uploads\/2021\/02\/dis-hekimi-serdar-devge.jpg 2000w, https:\/\/devgedent.com\/wp-content\/uploads\/2021\/02\/dis-hekimi-serdar-devge-300x200.jpg 300w, https:\/\/devgedent.com\/wp-content\/uploads\/2021\/02\/dis-hekimi-serdar-devge-1030x686.jpg 1030w, https:\/\/devgedent.com\/wp-content\/uploads\/2021\/02\/dis-hekimi-serdar-devge-768x512.jpg 768w, https:\/\/devgedent.com\/wp-content\/uploads\/2021\/02\/dis-hekimi-serdar-devge-1536x1024.jpg 1536w, https:\/\/devgedent.com\/wp-content\/uploads\/2021\/02\/dis-hekimi-serdar-devge-1500x1000.jpg 1500w, https:\/\/devgedent.com\/wp-content\/uploads\/2021\/02\/dis-hekimi-serdar-devge-705x470.jpg 705w\" sizes=\"(max-width: 2000px) 100vw, 2000px\" \/><\/div><h3 class='team-member-name'   style='color:#444444; '  itemprop=\"name\" >Serdar Devge<\/h3><div class='team-member-job-title av_opacity_variation'  style='color:#444444; '  itemprop=\"jobTitle\" >Dentist<\/div><span class='hidden team-member-affiliation'  itemprop=\"affiliation\" >DEVGEDENT<\/span><\/section><br \/>\n<section class=\"av_textblock_section \"  itemscope=\"itemscope\" itemtype=\"https:\/\/schema.org\/CreativeWork\" ><div class='avia_textblock  av_inherit_color '  style='font-size:15px; color:#444444; '  itemprop=\"text\" ><p>Serdar Devge was born in Giresun in 1954 and successfully graduated from Marmara University Faculty of Dentistry in 1978. Then, in 1982, he opened his first practice in Kad\u0131k\u00f6y district of Istanbul. Later, he moved to \u00dcmraniye district. Serdar Devge started to work as a dentist at Haydarpa\u015fa Numune Hospital \u00dcmraniye District Polyclinic in 1991. He retired in 2017 and still serves his patients as an active Dentist in Devgedent.<\/p>\n<\/div><\/section><\/p><\/div><div class=\"flex_column av_one_third  flex_column_div av-zero-column-padding   avia-builder-el-9  el_after_av_one_third  avia-builder-el-last  \" style='border-radius:0px; '><\/div>\n\n<\/div><\/div><\/div><!-- close content main div --><\/div><\/div><div id='av_section_2'  class='avia-section main_color avia-section-default avia-no-border-styling  avia-bg-style-scroll  avia-builder-el-10  el_after_av_section  avia-builder-el-last   container_wrap fullsize' style=' '  ><div class='container' ><div class='template-page content  av-content-full alpha units'><div class='post-entry post-entry-type-page post-entry-1756'><div class='entry-content-wrapper clearfix'>\n<div class='flex_column_table av-equal-height-column-flextable -flextable' ><div class=\"flex_column av_one_third  flex_column_table_cell av-equal-height-column av-align-top av-zero-column-padding first  avia-builder-el-11  el_before_av_one_third  avia-builder-el-first  \" style='border-radius:0px; '><p><section  class='avia-team-member   avia-builder-el-12  el_before_av_textblock  avia-builder-el-first '  itemscope=\"itemscope\" itemtype=\"https:\/\/schema.org\/Person\" ><div class='team-img-container'><img decoding=\"async\" width=\"495\" height=\"400\" class='wp-image-1143 avia-img-lazy-loading-not-1143 avia_image avia_image_team' src=\"https:\/\/devgedent.com\/wp-content\/uploads\/2021\/02\/dis-hekimi-gokhan-495x400.jpg\" alt='G\u00f6khan Canko'  itemprop=\"image\" srcset=\"https:\/\/devgedent.com\/wp-content\/uploads\/2021\/02\/dis-hekimi-gokhan-495x400.jpg 495w, https:\/\/devgedent.com\/wp-content\/uploads\/2021\/02\/dis-hekimi-gokhan-845x684.jpg 845w\" sizes=\"(max-width: 495px) 100vw, 495px\" \/><\/div><h3 class='team-member-name'    itemprop=\"name\" >G\u00f6khan Canko<\/h3><div class='team-member-job-title '   itemprop=\"jobTitle\" >Maxillofacial Surgeon \/ Implantology Specialist<\/div><span class='hidden team-member-affiliation'  itemprop=\"affiliation\" >DEVGEDENT<\/span><\/section><br \/>\n<section class=\"av_textblock_section \"  itemscope=\"itemscope\" itemtype=\"https:\/\/schema.org\/CreativeWork\" ><div class='avia_textblock  av_inherit_color '  style='font-size:15px; color:#444444; '  itemprop=\"text\" ><p>He was born in Istanbul in 1995. He graduated from Be\u015fikta\u015f Atat\u00fcrk Anatolian High School in 2013. In 2020, he graduated from Yeditepe University Faculty of Dentistry, and then started his doctorate at the Department of Oral, Dental, and Maxillofacial Surgery at Bezmialem Vak\u0131f University Faculty of Dentistry. He has participated in various national and international conferences as a speaker and attendee. He is a member of the Istanbul Chamber of Dentists and the Turkish Association of Oral and Maxillofacial Surgery. He continues his doctoral education and serves as an Oral, Dental, and Maxillofacial Surgery &#8211; Implantology specialist at Devgedent Oral and Dental Health Clinic.<\/p>\n<\/div><\/section><\/p><\/div><div class='av-flex-placeholder'><\/div><div class=\"flex_column av_one_third  flex_column_table_cell av-equal-height-column av-align-top av-zero-column-padding   avia-builder-el-14  el_after_av_one_third  el_before_av_one_third  \" style='border-radius:0px; '><p><section  class='avia-team-member   avia-builder-el-15  el_before_av_textblock  avia-builder-el-first '  itemscope=\"itemscope\" itemtype=\"https:\/\/schema.org\/Person\" ><div class='team-img-container'><img decoding=\"async\" width=\"495\" height=\"400\" class='wp-image-1505 avia-img-lazy-loading-not-1505 avia_image avia_image_team' src=\"https:\/\/devgedent.com\/wp-content\/uploads\/2023\/02\/Gokhan-Ramazanoglu-495x400.jpeg\" alt='G\u00f6khan Ramazano\u011flu'  itemprop=\"image\" srcset=\"https:\/\/devgedent.com\/wp-content\/uploads\/2023\/02\/Gokhan-Ramazanoglu-495x400.jpeg 495w, https:\/\/devgedent.com\/wp-content\/uploads\/2023\/02\/Gokhan-Ramazanoglu-845x684.jpeg 845w\" sizes=\"(max-width: 495px) 100vw, 495px\" \/><\/div><h3 class='team-member-name'    itemprop=\"name\" >G\u00f6khan Ramazano\u011flu<\/h3><div class='team-member-job-title '   itemprop=\"jobTitle\" >Dentist<\/div><span class='hidden team-member-affiliation'  itemprop=\"affiliation\" >DEVGEDENT<\/span><\/section><br \/>\n<section class=\"av_textblock_section \"  itemscope=\"itemscope\" itemtype=\"https:\/\/schema.org\/CreativeWork\" ><div class='avia_textblock  av_inherit_color '  style='font-size:15px; color:#444444; '  itemprop=\"text\" ><p>He was born in Mardin in 1998. He graduated from Mardin Anatolian Teacher High School in 2015. In 2017, he joined Istanbul Ayd\u0131n University. After studying there for a year, he transferred to Biruni University and graduated in 2022. He is a member of the Turkish Dental Association. He is fluent in English.<\/p>\n<\/div><\/section><\/p><\/div><div class='av-flex-placeholder'><\/div><div class=\"flex_column av_one_third  flex_column_table_cell av-equal-height-column av-align-top av-zero-column-padding   avia-builder-el-17  el_after_av_one_third  el_before_av_one_third  \" style='border-radius:0px; '><p><section  class='avia-team-member   avia-builder-el-18  el_before_av_textblock  avia-builder-el-first '  itemscope=\"itemscope\" itemtype=\"https:\/\/schema.org\/Person\" ><div class='team-img-container'><img decoding=\"async\" width=\"495\" height=\"400\" class='wp-image-1511 avia-img-lazy-loading-not-1511 avia_image avia_image_team' src=\"https:\/\/devgedent.com\/wp-content\/uploads\/2023\/02\/Selcuk-Mert-Ozcelik-495x400.jpg\" alt='Sel\u00e7uk Mert \u00d6z\u00e7elik'  itemprop=\"image\"  \/><\/div><h3 class='team-member-name'    itemprop=\"name\" >Sel\u00e7uk Mert \u00d6z\u00e7elik<\/h3><div class='team-member-job-title '   itemprop=\"jobTitle\" >Pediatric Dentistry Specialist<\/div><span class='hidden team-member-affiliation'  itemprop=\"affiliation\" >DEVGEDENT<\/span><\/section><br \/>\n<section class=\"av_textblock_section \"  itemscope=\"itemscope\" itemtype=\"https:\/\/schema.org\/CreativeWork\" ><div class='avia_textblock  av_inherit_color '  style='font-size:15px; color:#444444; '  itemprop=\"text\" ><p>He was born in Istanbul in 1990. He graduated from Saint Benoit French High School in 2010. In 2016, he graduated from Bezmialem Faculty of Dentistry and obtained the title of Specialist Pediatric Dentist from Marmara University in 2021. He has participated in various national and international conferences as a speaker and attendee. He is a member of the Istanbul Chamber of Dentists, the Turkish Society of Pediatric Dentistry, and the European Academy of Pediatric Dentistry. He serves as a Pediatric Dentistry Specialist in our clinic.<\/p>\n<\/div><\/section><\/p><\/div><\/div><!--close column table wrapper. Autoclose: 1 --><div class=\"flex_column av_one_third  flex_column_div av-zero-column-padding first  avia-builder-el-20  el_after_av_one_third  el_before_av_one_third  column-top-margin\" style='border-radius:0px; '><p><section  class='avia-team-member   avia-builder-el-21  el_before_av_textblock  avia-builder-el-first '  itemscope=\"itemscope\" itemtype=\"https:\/\/schema.org\/Person\" ><div class='team-img-container'><img decoding=\"async\" width=\"495\" height=\"400\" class='wp-image-1525 avia-img-lazy-loading-not-1525 avia_image avia_image_team' src=\"https:\/\/devgedent.com\/wp-content\/uploads\/2023\/04\/b0847ef8-9a40-43be-996d-81bce39c29fa-495x400.jpg\" alt='Bur\u00e7in Ar\u0131can Alpay'  itemprop=\"image\"  \/><\/div><h3 class='team-member-name'    itemprop=\"name\" >Bur\u00e7in Ar\u0131can Alpay<\/h3><div class='team-member-job-title '   itemprop=\"jobTitle\" >Endodontics Specialist<\/div><span class='hidden team-member-affiliation'  itemprop=\"affiliation\" >DEVGEDENT<\/span><\/section><br \/>\n<section class=\"av_textblock_section \"  itemscope=\"itemscope\" itemtype=\"https:\/\/schema.org\/CreativeWork\" ><div class='avia_textblock  av_inherit_color '  style='font-size:15px; color:#444444; '  itemprop=\"text\" ><p>Dr. Bur\u00e7in Ar\u0131can Alpay graduated from Marmara University Faculty of Dentistry in 2010. She completed her doctorate in 2015 at the Department of Endodontics at Marmara University Faculty of Dentistry.. Between 2015 and 2017, she worked as an endodontics specialist in several clinics and prepared question banks for the national dentistry entrance exam. exam. In 2017, she returned to academia and started working as an Assistant Professor at the Department of Endodontics, Faculty of Dentistry, Istanbul Okan University. In 2021, she joined Istanbul Bah\u00e7e\u015fehir University Faculty of Dentistry as an Assistant Professor and obtained the title of Associate Professor in 2022. She has numerous publications in national and international peer-reviewed journals and has been involved in T\u00dcB\u0130TAK (Scientific and Technological Research Council of Turkey) projects. She is currently pursuing a Master&#8217;s degree in Artificial Intelligence Engineering.<\/p>\n<\/div><\/section><\/p><\/div><div class=\"flex_column av_one_third  flex_column_div av-zero-column-padding   avia-builder-el-23  el_after_av_one_third  el_before_av_one_third  column-top-margin\" style='border-radius:0px; '><\/div><div class=\"flex_column av_one_third  flex_column_div av-zero-column-padding   avia-builder-el-24  el_after_av_one_third  avia-builder-el-last  column-top-margin\" style='border-radius:0px; '><\/div>\n","protected":false},"excerpt":{"rendered":"","protected":false},"author":1,"featured_media":0,"parent":1755,"menu_order":0,"comment_status":"closed","ping_status":"closed","template":"","meta":{"_joinchat":[],"footnotes":""},"class_list":["post-1756","page","type-page","status-publish","hentry"],"yoast_head":"<!-- This site is optimized with the Yoast SEO plugin v21.1 - https:\/\/yoast.com\/wordpress\/plugins\/seo\/ -->\n<title>Our Team - DEVGEDENT<\/title>\n<meta name=\"robots\" content=\"index, follow, max-snippet:-1, max-image-preview:large, max-video-preview:-1\" \/>\n<link rel=\"canonical\" href=\"https:\/\/devgedent.com\/en\/corporate\/our-team\/\" \/>\n<meta property=\"og:locale\" content=\"en_US\" \/>\n<meta property=\"og:type\" content=\"article\" \/>\n<meta property=\"og:title\" content=\"Our Team - DEVGEDENT\" \/>\n<meta property=\"og:url\" content=\"https:\/\/devgedent.com\/en\/corporate\/our-team\/\" \/>\n<meta property=\"og:site_name\" content=\"DEVGEDENT\" \/>\n<meta property=\"article:publisher\" content=\"https:\/\/www.facebook.com\/devgedent\/\" \/>\n<meta property=\"article:modified_time\" content=\"2024-03-22T10:09:49+00:00\" \/>\n<meta name=\"twitter:card\" content=\"summary_large_image\" \/>\n<meta name=\"twitter:label1\" content=\"Est. reading time\" \/>\n\t<meta name=\"twitter:data1\" content=\"7 minutes\" \/>\n<script type=\"application\/ld+json\" class=\"yoast-schema-graph\">{\"@context\":\"https:\/\/schema.org\",\"@graph\":[{\"@type\":\"WebPage\",\"@id\":\"https:\/\/devgedent.com\/en\/corporate\/our-team\/\",\"url\":\"https:\/\/devgedent.com\/en\/corporate\/our-team\/\",\"name\":\"Our Team - DEVGEDENT\",\"isPartOf\":{\"@id\":\"https:\/\/devgedent.com\/#website\"},\"datePublished\":\"2016-07-15T11:19:13+00:00\",\"dateModified\":\"2024-03-22T10:09:49+00:00\",\"breadcrumb\":{\"@id\":\"https:\/\/devgedent.com\/en\/corporate\/our-team\/#breadcrumb\"},\"inLanguage\":\"en-US\",\"potentialAction\":[{\"@type\":\"ReadAction\",\"target\":[\"https:\/\/devgedent.com\/en\/corporate\/our-team\/\"]}]},{\"@type\":\"BreadcrumbList\",\"@id\":\"https:\/\/devgedent.com\/en\/corporate\/our-team\/#breadcrumb\",\"itemListElement\":[{\"@type\":\"ListItem\",\"position\":1,\"name\":\"Anasayfa\",\"item\":\"https:\/\/devgedent.com\/en\/homepage\/\"},{\"@type\":\"ListItem\",\"position\":2,\"name\":\"CORPORATE\",\"item\":\"https:\/\/devgedent.com\/en\/corporate\/\"},{\"@type\":\"ListItem\",\"position\":3,\"name\":\"Our Team\"}]},{\"@type\":\"WebSite\",\"@id\":\"https:\/\/devgedent.com\/#website\",\"url\":\"https:\/\/devgedent.com\/\",\"name\":\"DEVGEDENT\",\"description\":\"Devgedent - Umraniye - Agiz ve Dis Sagligi Poliklinigi - 2163356132 \/ 5347834164\",\"publisher\":{\"@id\":\"https:\/\/devgedent.com\/#organization\"},\"potentialAction\":[{\"@type\":\"SearchAction\",\"target\":{\"@type\":\"EntryPoint\",\"urlTemplate\":\"https:\/\/devgedent.com\/?s={search_term_string}\"},\"query-input\":\"required name=search_term_string\"}],\"inLanguage\":\"en-US\"},{\"@type\":\"Organization\",\"@id\":\"https:\/\/devgedent.com\/#organization\",\"name\":\"DEVGEDENT\",\"url\":\"https:\/\/devgedent.com\/\",\"logo\":{\"@type\":\"ImageObject\",\"inLanguage\":\"en-US\",\"@id\":\"https:\/\/devgedent.com\/#\/schema\/logo\/image\/\",\"url\":\"https:\/\/devgedent.com\/wp-content\/uploads\/2021\/02\/devgedent-logo.png\",\"contentUrl\":\"https:\/\/devgedent.com\/wp-content\/uploads\/2021\/02\/devgedent-logo.png\",\"width\":440,\"height\":156,\"caption\":\"DEVGEDENT\"},\"image\":{\"@id\":\"https:\/\/devgedent.com\/#\/schema\/logo\/image\/\"},\"sameAs\":[\"https:\/\/www.facebook.com\/devgedent\/\",\"https:\/\/www.instagram.com\/devgedent\/\"]}]}<\/script>\n<!-- \/ Yoast SEO plugin. -->","yoast_head_json":{"title":"Our Team - DEVGEDENT","robots":{"index":"index","follow":"follow","max-snippet":"max-snippet:-1","max-image-preview":"max-image-preview:large","max-video-preview":"max-video-preview:-1"},"canonical":"https:\/\/devgedent.com\/en\/corporate\/our-team\/","og_locale":"en_US","og_type":"article","og_title":"Our Team - DEVGEDENT","og_url":"https:\/\/devgedent.com\/en\/corporate\/our-team\/","og_site_name":"DEVGEDENT","article_publisher":"https:\/\/www.facebook.com\/devgedent\/","article_modified_time":"2024-03-22T10:09:49+00:00","twitter_card":"summary_large_image","twitter_misc":{"Est. reading time":"7 minutes"},"schema":{"@context":"https:\/\/schema.org","@graph":[{"@type":"WebPage","@id":"https:\/\/devgedent.com\/en\/corporate\/our-team\/","url":"https:\/\/devgedent.com\/en\/corporate\/our-team\/","name":"Our Team - DEVGEDENT","isPartOf":{"@id":"https:\/\/devgedent.com\/#website"},"datePublished":"2016-07-15T11:19:13+00:00","dateModified":"2024-03-22T10:09:49+00:00","breadcrumb":{"@id":"https:\/\/devgedent.com\/en\/corporate\/our-team\/#breadcrumb"},"inLanguage":"en-US","potentialAction":[{"@type":"ReadAction","target":["https:\/\/devgedent.com\/en\/corporate\/our-team\/"]}]},{"@type":"BreadcrumbList","@id":"https:\/\/devgedent.com\/en\/corporate\/our-team\/#breadcrumb","itemListElement":[{"@type":"ListItem","position":1,"name":"Anasayfa","item":"https:\/\/devgedent.com\/en\/homepage\/"},{"@type":"ListItem","position":2,"name":"CORPORATE","item":"https:\/\/devgedent.com\/en\/corporate\/"},{"@type":"ListItem","position":3,"name":"Our Team"}]},{"@type":"WebSite","@id":"https:\/\/devgedent.com\/#website","url":"https:\/\/devgedent.com\/","name":"DEVGEDENT","description":"Devgedent - Umraniye - Agiz ve Dis Sagligi Poliklinigi - 2163356132 \/ 5347834164","publisher":{"@id":"https:\/\/devgedent.com\/#organization"},"potentialAction":[{"@type":"SearchAction","target":{"@type":"EntryPoint","urlTemplate":"https:\/\/devgedent.com\/?s={search_term_string}"},"query-input":"required name=search_term_string"}],"inLanguage":"en-US"},{"@type":"Organization","@id":"https:\/\/devgedent.com\/#organization","name":"DEVGEDENT","url":"https:\/\/devgedent.com\/","logo":{"@type":"ImageObject","inLanguage":"en-US","@id":"https:\/\/devgedent.com\/#\/schema\/logo\/image\/","url":"https:\/\/devgedent.com\/wp-content\/uploads\/2021\/02\/devgedent-logo.png","contentUrl":"https:\/\/devgedent.com\/wp-content\/uploads\/2021\/02\/devgedent-logo.png","width":440,"height":156,"caption":"DEVGEDENT"},"image":{"@id":"https:\/\/devgedent.com\/#\/schema\/logo\/image\/"},"sameAs":["https:\/\/www.facebook.com\/devgedent\/","https:\/\/www.instagram.com\/devgedent\/"]}]}},"_links":{"self":[{"href":"https:\/\/devgedent.com\/en\/wp-json\/wp\/v2\/pages\/1756","targetHints":{"allow":["GET"]}}],"collection":[{"href":"https:\/\/devgedent.com\/en\/wp-json\/wp\/v2\/pages"}],"about":[{"href":"https:\/\/devgedent.com\/en\/wp-json\/wp\/v2\/types\/page"}],"author":[{"embeddable":true,"href":"https:\/\/devgedent.com\/en\/wp-json\/wp\/v2\/users\/1"}],"replies":[{"embeddable":true,"href":"https:\/\/devgedent.com\/en\/wp-json\/wp\/v2\/comments?post=1756"}],"version-history":[{"count":6,"href":"https:\/\/devgedent.com\/en\/wp-json\/wp\/v2\/pages\/1756\/revisions"}],"predecessor-version":[{"id":2053,"href":"https:\/\/devgedent.com\/en\/wp-json\/wp\/v2\/pages\/1756\/revisions\/2053"}],"up":[{"embeddable":true,"href":"https:\/\/devgedent.com\/en\/wp-json\/wp\/v2\/pages\/1755"}],"wp:attachment":[{"href":"https:\/\/devgedent.com\/en\/wp-json\/wp\/v2\/media?parent=1756"}],"curies":[{"name":"wp","href":"https:\/\/api.w.org\/{rel}","templated":true}]}}