{"id":1762,"date":"2021-10-01T15:38:07","date_gmt":"2021-10-01T12:38:07","guid":{"rendered":"https:\/\/devgedent.com\/root-canal-treatment\/"},"modified":"2023-09-12T14:58:11","modified_gmt":"2023-09-12T11:58:11","slug":"root-canal-treatment","status":"publish","type":"page","link":"https:\/\/devgedent.com\/en\/root-canal-treatment\/","title":{"rendered":"Root Canal Treatment"},"content":{"rendered":"<div id='av_section_1'  class='avia-section main_color avia-section-default avia-no-border-styling  avia-bg-style-scroll  avia-builder-el-0  el_before_av_section  avia-builder-el-first   container_wrap fullsize' style='background-color: #22689e; background-image: linear-gradient(45deg,#59a689,#678c8a); '  ><div class='container' ><main  role=\"main\" itemprop=\"mainContentOfPage\"  class='template-page content  av-content-full alpha units'><div class='post-entry post-entry-type-page post-entry-1762'><div class='entry-content-wrapper clearfix'>\n<div class='flex_column_table av-equal-height-column-flextable -flextable' ><div class=\"flex_column av_one_half  av-animated-generic left-to-right  flex_column_table_cell av-equal-height-column av-align-middle av-zero-column-padding first  avia-builder-el-1  el_before_av_one_half  avia-builder-el-first  \" style='border-radius:0px; '><p><div  style='padding-bottom:10px; color:#ffffff;font-size:40px;' class='av-special-heading av-special-heading-h1 custom-color-heading blockquote modern-quote  avia-builder-el-2  el_before_av_textblock  avia-builder-el-first  av-inherit-size '><h1 class='av-special-heading-tag '  itemprop=\"headline\"  >Root Canal Treatment<\/h1><div class='special-heading-border'><div class='special-heading-inner-border' style='border-color:#ffffff'><\/div><\/div><\/div><br \/>\n<section class=\"av_textblock_section \"  itemscope=\"itemscope\" itemtype=\"https:\/\/schema.org\/CreativeWork\" ><div class='avia_textblock  av_inherit_color '  style='color:#ffffff; '  itemprop=\"text\" ><p>Root canal treatment is often known as a painful procedure; however, during the treatment the patient&#8217;s tooth is numbed and a painless experience is provided.<\/p>\n<\/div><\/section><\/p><\/div><div class='av-flex-placeholder'><\/div><div class=\"flex_column av_one_half  av-animated-generic right-to-left  flex_column_table_cell av-equal-height-column av-align-middle av-zero-column-padding   avia-builder-el-4  el_after_av_one_half  avia-builder-el-last  \" style='border-radius:0px; '><div  class='avia-image-container  av-styling-    avia-builder-el-5  avia-builder-el-no-sibling  avia-align-center '  itemprop=\"image\" itemscope=\"itemscope\" itemtype=\"https:\/\/schema.org\/ImageObject\"  ><div class='avia-image-container-inner'><div class='avia-image-overlay-wrap'><img decoding=\"async\" class='wp-image-1907 avia-img-lazy-loading-not-1907 avia_image' src=\"https:\/\/devgedent.com\/wp-content\/uploads\/2023\/08\/4-845x684.png\" alt='' title='' height=\"684\" width=\"845\"  itemprop=\"thumbnailUrl\" srcset=\"https:\/\/devgedent.com\/wp-content\/uploads\/2023\/08\/4-845x684.png 845w, https:\/\/devgedent.com\/wp-content\/uploads\/2023\/08\/4-495x400.png 495w\" sizes=\"(max-width: 845px) 100vw, 845px\" \/><\/div><\/div><\/div><\/div><\/div><!--close column table wrapper. Autoclose: 1 --><\/div><\/div><\/main><!-- close content main element --><\/div><\/div><div id='av_section_2'  class='avia-section main_color avia-section-default avia-no-border-styling  avia-bg-style-scroll  avia-builder-el-6  el_after_av_section  avia-builder-el-last   container_wrap fullsize' style=' '  ><div class='container' ><div class='template-page content  av-content-full alpha units'><div class='post-entry post-entry-type-page post-entry-1762'><div class='entry-content-wrapper clearfix'>\n<div class=\"flex_column av_one_half  flex_column_div av-zero-column-padding first  avia-builder-el-7  el_before_av_one_half  avia-builder-el-first  \" style='border-radius:0px; '><p><div  style='padding-bottom:10px; ' class='av-special-heading av-special-heading-h3  blockquote modern-quote  avia-builder-el-8  el_before_av_textblock  avia-builder-el-first  '><h3 class='av-special-heading-tag '  itemprop=\"headline\"  >What is Root Canal Treatment?<\/h3><div class='special-heading-border'><div class='special-heading-inner-border' ><\/div><\/div><\/div><br \/>\n<section class=\"av_textblock_section \"  itemscope=\"itemscope\" itemtype=\"https:\/\/schema.org\/CreativeWork\" ><div class='avia_textblock  '   itemprop=\"text\" ><p>Root canal treatment involves the removal of the thread-like structure located inside the teeth.<br \/>\nThis tissue is called the dental pulp. Inflammation of this tissue causes pain. The process of removing the damaged pulp and filling the resulting space is defined as root canal treatment.<\/p>\n<p>Root canal treatment is often known as a painful procedure; however, during the treatment the patient&#8217;s tooth is numbed and a painless experience is provided.<\/p>\n<p>However, infections in the teeth can hinder numbness. In such cases, advanced techniques are used. Tedaviden sonra bireyler \u015funlar\u0131 yapabilir sa\u011fl\u0131kl\u0131 bir di\u015f yap\u0131s\u0131na sahip olur ve uzun y\u0131llar sorunsuz kullan\u0131r.<\/p>\n<\/div><\/section><\/p><\/div><div class=\"flex_column av_one_half  flex_column_div av-zero-column-padding   avia-builder-el-10  el_after_av_one_half  avia-builder-el-last  \" style='border-radius:0px; '><p><div  style='padding-bottom:10px; ' class='av-special-heading av-special-heading-h3  blockquote modern-quote  avia-builder-el-11  el_before_av_textblock  avia-builder-el-first  '><h3 class='av-special-heading-tag '  itemprop=\"headline\"  >How is Root Canal Treatment Performed?<\/h3><div class='special-heading-border'><div class='special-heading-inner-border' ><\/div><\/div><\/div><br \/>\n<section class=\"av_textblock_section \"  itemscope=\"itemscope\" itemtype=\"https:\/\/schema.org\/CreativeWork\" ><div class='avia_textblock  '   itemprop=\"text\" ><p>Root canal treatment involves the removal of the thread-like structure located inside the teeth.<br \/>\nThis tissue is called the dental pulp. Inflammation of this tissue causes pain. The process of removing the damaged pulp and filling the resulting space is defined as root canal treatment.<\/p>\n<p>Root canal treatment is often known as a painful procedure; however, during the treatment the patient&#8217;s tooth is numbed and a painless experience is provided.<\/p>\n<p>However, infections in the teeth can hinder numbness. In such cases, advanced techniques are used. Tedaviden sonra bireyler \u015funlar\u0131 yapabilir sa\u011fl\u0131kl\u0131 bir di\u015f yap\u0131s\u0131na sahip olur ve uzun y\u0131llar sorunsuz kullan\u0131r.<\/p>\n<\/div><\/section><\/p><\/div>\n<\/p>\n","protected":false},"excerpt":{"rendered":"","protected":false},"author":1,"featured_media":0,"parent":0,"menu_order":0,"comment_status":"closed","ping_status":"closed","template":"","meta":{"_joinchat":[],"footnotes":""},"class_list":["post-1762","page","type-page","status-publish","hentry"],"yoast_head":"<!-- This site is optimized with the Yoast SEO plugin v21.1 - https:\/\/yoast.com\/wordpress\/plugins\/seo\/ -->\n<title>Root Canal Treatment - DEVGEDENT<\/title>\n<meta name=\"robots\" content=\"index, follow, max-snippet:-1, max-image-preview:large, max-video-preview:-1\" \/>\n<link rel=\"canonical\" href=\"https:\/\/devgedent.com\/en\/root-canal-treatment\/\" \/>\n<meta property=\"og:locale\" content=\"en_US\" \/>\n<meta property=\"og:type\" content=\"article\" \/>\n<meta property=\"og:title\" content=\"Root Canal Treatment - DEVGEDENT\" \/>\n<meta property=\"og:url\" content=\"https:\/\/devgedent.com\/en\/root-canal-treatment\/\" \/>\n<meta property=\"og:site_name\" content=\"DEVGEDENT\" \/>\n<meta property=\"article:publisher\" content=\"https:\/\/www.facebook.com\/devgedent\/\" \/>\n<meta property=\"article:modified_time\" content=\"2023-09-12T11:58:11+00:00\" \/>\n<meta name=\"twitter:card\" content=\"summary_large_image\" \/>\n<meta name=\"twitter:label1\" content=\"Est. reading time\" \/>\n\t<meta name=\"twitter:data1\" content=\"4 minutes\" \/>\n<script type=\"application\/ld+json\" class=\"yoast-schema-graph\">{\"@context\":\"https:\/\/schema.org\",\"@graph\":[{\"@type\":\"WebPage\",\"@id\":\"https:\/\/devgedent.com\/en\/root-canal-treatment\/\",\"url\":\"https:\/\/devgedent.com\/en\/root-canal-treatment\/\",\"name\":\"Root Canal Treatment - DEVGEDENT\",\"isPartOf\":{\"@id\":\"https:\/\/devgedent.com\/#website\"},\"datePublished\":\"2021-10-01T12:38:07+00:00\",\"dateModified\":\"2023-09-12T11:58:11+00:00\",\"breadcrumb\":{\"@id\":\"https:\/\/devgedent.com\/en\/root-canal-treatment\/#breadcrumb\"},\"inLanguage\":\"en-US\",\"potentialAction\":[{\"@type\":\"ReadAction\",\"target\":[\"https:\/\/devgedent.com\/en\/root-canal-treatment\/\"]}]},{\"@type\":\"BreadcrumbList\",\"@id\":\"https:\/\/devgedent.com\/en\/root-canal-treatment\/#breadcrumb\",\"itemListElement\":[{\"@type\":\"ListItem\",\"position\":1,\"name\":\"Anasayfa\",\"item\":\"https:\/\/devgedent.com\/en\/homepage\/\"},{\"@type\":\"ListItem\",\"position\":2,\"name\":\"Root Canal Treatment\"}]},{\"@type\":\"WebSite\",\"@id\":\"https:\/\/devgedent.com\/#website\",\"url\":\"https:\/\/devgedent.com\/\",\"name\":\"DEVGEDENT\",\"description\":\"Devgedent - Umraniye - Agiz ve Dis Sagligi Poliklinigi - 2163356132 \/ 5347834164\",\"publisher\":{\"@id\":\"https:\/\/devgedent.com\/#organization\"},\"potentialAction\":[{\"@type\":\"SearchAction\",\"target\":{\"@type\":\"EntryPoint\",\"urlTemplate\":\"https:\/\/devgedent.com\/?s={search_term_string}\"},\"query-input\":\"required name=search_term_string\"}],\"inLanguage\":\"en-US\"},{\"@type\":\"Organization\",\"@id\":\"https:\/\/devgedent.com\/#organization\",\"name\":\"DEVGEDENT\",\"url\":\"https:\/\/devgedent.com\/\",\"logo\":{\"@type\":\"ImageObject\",\"inLanguage\":\"en-US\",\"@id\":\"https:\/\/devgedent.com\/#\/schema\/logo\/image\/\",\"url\":\"https:\/\/devgedent.com\/wp-content\/uploads\/2021\/02\/devgedent-logo.png\",\"contentUrl\":\"https:\/\/devgedent.com\/wp-content\/uploads\/2021\/02\/devgedent-logo.png\",\"width\":440,\"height\":156,\"caption\":\"DEVGEDENT\"},\"image\":{\"@id\":\"https:\/\/devgedent.com\/#\/schema\/logo\/image\/\"},\"sameAs\":[\"https:\/\/www.facebook.com\/devgedent\/\",\"https:\/\/www.instagram.com\/devgedent\/\"]}]}<\/script>\n<!-- \/ Yoast SEO plugin. -->","yoast_head_json":{"title":"Root Canal Treatment - DEVGEDENT","robots":{"index":"index","follow":"follow","max-snippet":"max-snippet:-1","max-image-preview":"max-image-preview:large","max-video-preview":"max-video-preview:-1"},"canonical":"https:\/\/devgedent.com\/en\/root-canal-treatment\/","og_locale":"en_US","og_type":"article","og_title":"Root Canal Treatment - DEVGEDENT","og_url":"https:\/\/devgedent.com\/en\/root-canal-treatment\/","og_site_name":"DEVGEDENT","article_publisher":"https:\/\/www.facebook.com\/devgedent\/","article_modified_time":"2023-09-12T11:58:11+00:00","twitter_card":"summary_large_image","twitter_misc":{"Est. reading time":"4 minutes"},"schema":{"@context":"https:\/\/schema.org","@graph":[{"@type":"WebPage","@id":"https:\/\/devgedent.com\/en\/root-canal-treatment\/","url":"https:\/\/devgedent.com\/en\/root-canal-treatment\/","name":"Root Canal Treatment - DEVGEDENT","isPartOf":{"@id":"https:\/\/devgedent.com\/#website"},"datePublished":"2021-10-01T12:38:07+00:00","dateModified":"2023-09-12T11:58:11+00:00","breadcrumb":{"@id":"https:\/\/devgedent.com\/en\/root-canal-treatment\/#breadcrumb"},"inLanguage":"en-US","potentialAction":[{"@type":"ReadAction","target":["https:\/\/devgedent.com\/en\/root-canal-treatment\/"]}]},{"@type":"BreadcrumbList","@id":"https:\/\/devgedent.com\/en\/root-canal-treatment\/#breadcrumb","itemListElement":[{"@type":"ListItem","position":1,"name":"Anasayfa","item":"https:\/\/devgedent.com\/en\/homepage\/"},{"@type":"ListItem","position":2,"name":"Root Canal Treatment"}]},{"@type":"WebSite","@id":"https:\/\/devgedent.com\/#website","url":"https:\/\/devgedent.com\/","name":"DEVGEDENT","description":"Devgedent - Umraniye - Agiz ve Dis Sagligi Poliklinigi - 2163356132 \/ 5347834164","publisher":{"@id":"https:\/\/devgedent.com\/#organization"},"potentialAction":[{"@type":"SearchAction","target":{"@type":"EntryPoint","urlTemplate":"https:\/\/devgedent.com\/?s={search_term_string}"},"query-input":"required name=search_term_string"}],"inLanguage":"en-US"},{"@type":"Organization","@id":"https:\/\/devgedent.com\/#organization","name":"DEVGEDENT","url":"https:\/\/devgedent.com\/","logo":{"@type":"ImageObject","inLanguage":"en-US","@id":"https:\/\/devgedent.com\/#\/schema\/logo\/image\/","url":"https:\/\/devgedent.com\/wp-content\/uploads\/2021\/02\/devgedent-logo.png","contentUrl":"https:\/\/devgedent.com\/wp-content\/uploads\/2021\/02\/devgedent-logo.png","width":440,"height":156,"caption":"DEVGEDENT"},"image":{"@id":"https:\/\/devgedent.com\/#\/schema\/logo\/image\/"},"sameAs":["https:\/\/www.facebook.com\/devgedent\/","https:\/\/www.instagram.com\/devgedent\/"]}]}},"_links":{"self":[{"href":"https:\/\/devgedent.com\/en\/wp-json\/wp\/v2\/pages\/1762","targetHints":{"allow":["GET"]}}],"collection":[{"href":"https:\/\/devgedent.com\/en\/wp-json\/wp\/v2\/pages"}],"about":[{"href":"https:\/\/devgedent.com\/en\/wp-json\/wp\/v2\/types\/page"}],"author":[{"embeddable":true,"href":"https:\/\/devgedent.com\/en\/wp-json\/wp\/v2\/users\/1"}],"replies":[{"embeddable":true,"href":"https:\/\/devgedent.com\/en\/wp-json\/wp\/v2\/comments?post=1762"}],"version-history":[{"count":3,"href":"https:\/\/devgedent.com\/en\/wp-json\/wp\/v2\/pages\/1762\/revisions"}],"predecessor-version":[{"id":1958,"href":"https:\/\/devgedent.com\/en\/wp-json\/wp\/v2\/pages\/1762\/revisions\/1958"}],"wp:attachment":[{"href":"https:\/\/devgedent.com\/en\/wp-json\/wp\/v2\/media?parent=1762"}],"curies":[{"name":"wp","href":"https:\/\/api.w.org\/{rel}","templated":true}]}}