{"id":1783,"date":"2016-07-15T14:19:56","date_gmt":"2016-07-15T11:19:56","guid":{"rendered":"https:\/\/devgedent.com\/contact\/"},"modified":"2023-09-12T13:32:21","modified_gmt":"2023-09-12T10:32:21","slug":"contact","status":"publish","type":"page","link":"https:\/\/devgedent.com\/en\/contact\/","title":{"rendered":"CONTACT"},"content":{"rendered":"<div id='av_section_1'  class='avia-section main_color avia-section-huge avia-no-border-styling  avia-bg-style-scroll  avia-builder-el-0  el_before_av_codeblock  avia-builder-el-first   container_wrap fullsize' style=' '  ><div class='container' ><main  role=\"main\" itemprop=\"mainContentOfPage\"  class='template-page content  av-content-full alpha units'><div class='post-entry post-entry-type-page post-entry-1783'><div class='entry-content-wrapper clearfix'>\n<div class=\"flex_column av_one_half  av-animated-generic bottom-to-top  flex_column_div av-zero-column-padding first  avia-builder-el-1  el_before_av_one_half  avia-builder-el-first  \" style='border-radius:0px; '><p><div  style='padding-bottom:20px; font-size:34px;' class='av-special-heading av-special-heading-h3  blockquote modern-quote  avia-builder-el-2  el_before_av_textblock  avia-builder-el-first  av-inherit-size '><h3 class='av-special-heading-tag '  itemprop=\"headline\"  >Contact Information<\/h3><div class='special-heading-border'><div class='special-heading-inner-border' ><\/div><\/div><\/div><br \/>\n<section class=\"av_textblock_section \"  itemscope=\"itemscope\" itemtype=\"https:\/\/schema.org\/CreativeWork\" ><div class='avia_textblock  '   itemprop=\"text\" ><p><strong>Address<\/strong><br \/>\nAtat\u00fcrk Mah., Alemda\u011f Cad. No: 144A<br \/>\n34764 \u00dcmraniye\/\u0130stanbul<\/p>\n<p><strong>Telephone<\/strong><br \/>\n+90 216 335 61 32<br \/>\n+90 534 783 41 64<\/p>\n<\/div><\/section><br \/>\n<section class=\"av_textblock_section \"  itemscope=\"itemscope\" itemtype=\"https:\/\/schema.org\/CreativeWork\" ><div class='avia_textblock  '   itemprop=\"text\" ><p>DEVGEDENT Dental Polyclinic is located at the bazaar entrance of Alemda\u011f Street in \u00dcmraniye.<\/p>\n<p>You can get off at \u00c7ar\u015f\u0131 stop on the <strong>M5 \u00dcsk\u00fcdar &#8211; \u00c7ekmek\u00f6y<\/strong> metro line.<\/p>\n<p>You can also reach <strong>\u00dcmraniye \u00c7ar\u015f\u0131 Metro<\/strong> bus station with the bus lines passing through it.<\/p>\n<p>If you have a private car, you can use the nearby on-street parking and <strong>IS-PARK.<\/strong><\/p>\n<p><strong>Bank accounts;<\/strong><\/p>\n<p>TL: TR17 0006 2000 1650 0006 2896 52<br \/>\nUSD: TR81 0006 2000 1650 0009 0570 74<br \/>\nEURO: TR38 0006 2000 1650 0009 0570 72<\/p>\n<\/div><\/section><\/p><\/div><div class=\"flex_column av_one_half  av-animated-generic bottom-to-top  flex_column_div av-zero-column-padding   avia-builder-el-5  el_after_av_one_half  avia-builder-el-last  \" style='border-radius:0px; '><p><div  style='padding-bottom:20px; font-size:34px;' class='av-special-heading av-special-heading-h3  blockquote modern-quote  avia-builder-el-6  el_before_av_contact  avia-builder-el-first  av-inherit-size '><h3 class='av-special-heading-tag '  itemprop=\"headline\"  >Make an appointment<\/h3><div class='special-heading-border'><div class='special-heading-inner-border' ><\/div><\/div><\/div><br \/>\n<form action=\"https:\/\/devgedent.com\/en\/contact\/\" method=\"post\"  class=\"avia_ajax_form av-form-labels-hidden   avia-builder-el-7  el_after_av_heading  avia-builder-el-last  av-custom-form-color av-dark-form \" data-avia-form-id=\"1\" data-avia-redirect='' ><fieldset><p class='  first_form  form_element form_element_half' id='element_avia_1_1'><label for=\"avia_1_1\">Name <abbr class=\"required\" title=\"required\">*<\/abbr><\/label> <input name=\"avia_1_1\" class=\"text_input is_empty\" type=\"text\" id=\"avia_1_1\" value=\"\"  placeholder='Name*'\/><\/p><p class='  form_element form_element_half' id='element_avia_2_1'><label for=\"avia_2_1\">E-Mail <abbr class=\"required\" title=\"required\">*<\/abbr><\/label> <input name=\"avia_2_1\" class=\"text_input is_email\" type=\"text\" id=\"avia_2_1\" value=\"\"  placeholder='E-Mail*'\/><\/p><p class=' first_form  form_element form_fullwidth' id='element_avia_3_1'><label for=\"avia_3_1\">Department <abbr class=\"required\" title=\"required\">*<\/abbr><\/label> <select  name=\"avia_3_1\" class=\"select is_empty\" id=\"avia_3_1\"><option  value =''>Department*<\/option><option  value ='Dentistry'>Dentistry<\/option><option  value ='Neurology'>Neurology<\/option><option  value ='Diagnostic Imaging'>Diagnostic Imaging<\/option><option  value ='Pediatrics'>Pediatrics<\/option><\/select><\/p><p class=' first_form  form_element form_fullwidth' id='element_avia_4_1'><label for=\"avia_4_1\">Desired time and date<\/label> <input name=\"avia_4_1\" class=\"avia_datepicker text_input \" type=\"text\" id=\"avia_4_1\" value=\"\" placeholder=\"Desired time and date\" \/><\/p><p class='  first_form  form_element form_fullwidth' id='element_avia_5_1'><label for=\"avia_5_1\">Subject <abbr class=\"required\" title=\"required\">*<\/abbr><\/label> <input name=\"avia_5_1\" class=\"text_input is_empty\" type=\"text\" id=\"avia_5_1\" value=\"\"  placeholder='Subject*'\/><\/p><p class='  first_form  form_element form_fullwidth av-last-visible-form-element' id='element_avia_6_1'><label for=\"avia_6_1\" class=\"textare_label hidden textare_label_avia_6_1\">Message <abbr class=\"required\" title=\"required\">*<\/abbr><\/label><textarea  placeholder='Message*' name=\"avia_6_1\" class=\"text_area is_empty\" cols=\"40\" rows=\"7\" id=\"avia_6_1\" ><\/textarea><\/p><p class=\"hidden\"><input type=\"text\" name=\"avia_7_1\" class=\"hidden \" id=\"avia_7_1\" value=\"\" \/><\/p><p class=\"form_element \"><input type=\"hidden\" value=\"1\" name=\"avia_generated_form1\" \/><input type=\"submit\" value=\"Submit\" class=\"button\"  data-sending-label=\"Sending\"\/><\/p><\/fieldset><\/form><div id=\"ajaxresponse_1\" class=\"ajaxresponse ajaxresponse_1 hidden\"><\/div><\/p><\/div>\n<\/div><\/div><\/main><!-- close content main element --><\/div><\/div><div id='after_section_1'  class='main_color av_default_container_wrap container_wrap fullsize' style=' '  ><div class='container' ><div class='template-page content  av-content-full alpha units'><div class='post-entry post-entry-type-page post-entry-1783'><div class='entry-content-wrapper clearfix'>\n\n<\/div><\/div><\/div><!-- close content main div --><\/div><\/div><div id='av_section_2'  class='avia-section main_color avia-section-default avia-no-border-styling  avia-bg-style-scroll  avia-builder-el-9  el_after_av_codeblock  el_before_av_layout_row   container_wrap fullsize' style=' '  ><div class='container' ><div class='template-page content  av-content-full alpha units'><div class='post-entry post-entry-type-page post-entry-1783'><div class='entry-content-wrapper clearfix'>\n<div class='flex_column_table av-equal-height-column-flextable -flextable' ><div class=\"flex_column av_one_third  no_margin flex_column_table_cell av-equal-height-column av-align-top first  avia-builder-el-10  el_before_av_one_third  avia-builder-el-first  \" style='padding:40px; border-radius:0px; '><\/div><div class=\"flex_column av_one_third  no_margin flex_column_table_cell av-equal-height-column av-align-top   avia-builder-el-11  el_after_av_one_third  el_before_av_one_third  \" style='background:linear-gradient(to right,#688b8a,#59a689); padding:40px; background-color:#379cd6; border-radius:0px; '><p><span  class=\"av_font_icon avia_animate_when_visible avia-icon-animate  av-icon-style-  avia-icon-pos-center \" style=\"color:#ffffff; border-color:#ffffff;\"><span class='av-icon-char' style='font-size:60px;line-height:60px;' aria-hidden='true' data-av_icon='\uf106' data-av_iconfont='medical' ><\/span><\/span><br \/>\n<div  style='height:20px' class='hr hr-invisible   avia-builder-el-13  el_after_av_font_icon  el_before_av_textblock '><span class='hr-inner ' ><span class='hr-inner-style'><\/span><\/span><\/div><br \/>\n<section class=\"av_textblock_section \"  itemscope=\"itemscope\" itemtype=\"https:\/\/schema.org\/CreativeWork\" ><div class='avia_textblock  av_inherit_color '  style='color:#ffffff; '  itemprop=\"text\" ><h4 style=\"text-align: center;\">CONTACT<\/h4>\n<p style=\"text-align: center;\">Atat\u00fcrk Neighborhood, Alemda\u011f Street. No: 144A 34764 Umraniye(district) \/\u0130stanbul<\/p>\n<\/div><\/section><br \/>\n<div  style='height:8px' class='hr hr-invisible   avia-builder-el-15  el_after_av_textblock  avia-builder-el-last '><span class='hr-inner ' ><span class='hr-inner-style'><\/span><\/span><\/div><\/p><\/div><div class=\"flex_column av_one_third  no_margin flex_column_table_cell av-equal-height-column av-align-top   avia-builder-el-16  el_after_av_one_third  avia-builder-el-last  \" style='padding:40px; border-radius:0px; '><\/div><\/div><!--close column table wrapper. Autoclose: 1 --><\/div><\/div><\/div><!-- close content main div --><\/div><\/div><div id='av-layout-grid-1'  class='av-layout-grid-container entry-content-wrapper main_color av-fixed-cells     avia-builder-el-17  el_after_av_section  avia-builder-el-last  submenu-not-first container_wrap fullsize' style=' '  >\n<div class=\"flex_cell no_margin av_one_half  avia-builder-el-18  el_before_av_cell_one_half  avia-builder-el-first   \"  style='background: #688b8a; vertical-align:top; padding:9px 0px 0px 0px ; background-color:#688b8a; ' ><div class='flex_cell_inner' ><\/div><\/div><div class=\"flex_cell no_margin av_one_half  avia-builder-el-19  el_after_av_cell_one_half  avia-builder-el-last   \"  style='background: #59a689; vertical-align:top; padding:9px 0px 0px 0px ; background-color:#59a689; ' ><div class='flex_cell_inner' ><\/div><\/div>\n<\/div><\/p>\n","protected":false},"excerpt":{"rendered":"","protected":false},"author":1,"featured_media":0,"parent":0,"menu_order":0,"comment_status":"closed","ping_status":"closed","template":"","meta":{"_joinchat":[],"footnotes":""},"class_list":["post-1783","page","type-page","status-publish","hentry"],"yoast_head":"<!-- This site is optimized with the Yoast SEO plugin v21.1 - https:\/\/yoast.com\/wordpress\/plugins\/seo\/ -->\n<title>CONTACT - DEVGEDENT<\/title>\n<meta name=\"robots\" content=\"index, follow, max-snippet:-1, max-image-preview:large, max-video-preview:-1\" \/>\n<link rel=\"canonical\" href=\"https:\/\/devgedent.com\/en\/contact\/\" \/>\n<meta property=\"og:locale\" content=\"en_US\" \/>\n<meta property=\"og:type\" content=\"article\" \/>\n<meta property=\"og:title\" content=\"CONTACT - DEVGEDENT\" \/>\n<meta property=\"og:url\" content=\"https:\/\/devgedent.com\/en\/contact\/\" \/>\n<meta property=\"og:site_name\" content=\"DEVGEDENT\" \/>\n<meta property=\"article:publisher\" content=\"https:\/\/www.facebook.com\/devgedent\/\" \/>\n<meta property=\"article:modified_time\" content=\"2023-09-12T10:32:21+00:00\" \/>\n<meta name=\"twitter:card\" content=\"summary_large_image\" \/>\n<meta name=\"twitter:label1\" content=\"Est. reading time\" \/>\n\t<meta name=\"twitter:data1\" content=\"4 minutes\" \/>\n<script type=\"application\/ld+json\" class=\"yoast-schema-graph\">{\"@context\":\"https:\/\/schema.org\",\"@graph\":[{\"@type\":\"WebPage\",\"@id\":\"https:\/\/devgedent.com\/en\/contact\/\",\"url\":\"https:\/\/devgedent.com\/en\/contact\/\",\"name\":\"CONTACT - DEVGEDENT\",\"isPartOf\":{\"@id\":\"https:\/\/devgedent.com\/#website\"},\"datePublished\":\"2016-07-15T11:19:56+00:00\",\"dateModified\":\"2023-09-12T10:32:21+00:00\",\"breadcrumb\":{\"@id\":\"https:\/\/devgedent.com\/en\/contact\/#breadcrumb\"},\"inLanguage\":\"en-US\",\"potentialAction\":[{\"@type\":\"ReadAction\",\"target\":[\"https:\/\/devgedent.com\/en\/contact\/\"]}]},{\"@type\":\"BreadcrumbList\",\"@id\":\"https:\/\/devgedent.com\/en\/contact\/#breadcrumb\",\"itemListElement\":[{\"@type\":\"ListItem\",\"position\":1,\"name\":\"Anasayfa\",\"item\":\"https:\/\/devgedent.com\/en\/homepage\/\"},{\"@type\":\"ListItem\",\"position\":2,\"name\":\"CONTACT\"}]},{\"@type\":\"WebSite\",\"@id\":\"https:\/\/devgedent.com\/#website\",\"url\":\"https:\/\/devgedent.com\/\",\"name\":\"DEVGEDENT\",\"description\":\"Devgedent - Umraniye - Agiz ve Dis Sagligi Poliklinigi - 2163356132 \/ 5347834164\",\"publisher\":{\"@id\":\"https:\/\/devgedent.com\/#organization\"},\"potentialAction\":[{\"@type\":\"SearchAction\",\"target\":{\"@type\":\"EntryPoint\",\"urlTemplate\":\"https:\/\/devgedent.com\/?s={search_term_string}\"},\"query-input\":\"required name=search_term_string\"}],\"inLanguage\":\"en-US\"},{\"@type\":\"Organization\",\"@id\":\"https:\/\/devgedent.com\/#organization\",\"name\":\"DEVGEDENT\",\"url\":\"https:\/\/devgedent.com\/\",\"logo\":{\"@type\":\"ImageObject\",\"inLanguage\":\"en-US\",\"@id\":\"https:\/\/devgedent.com\/#\/schema\/logo\/image\/\",\"url\":\"https:\/\/devgedent.com\/wp-content\/uploads\/2021\/02\/devgedent-logo.png\",\"contentUrl\":\"https:\/\/devgedent.com\/wp-content\/uploads\/2021\/02\/devgedent-logo.png\",\"width\":440,\"height\":156,\"caption\":\"DEVGEDENT\"},\"image\":{\"@id\":\"https:\/\/devgedent.com\/#\/schema\/logo\/image\/\"},\"sameAs\":[\"https:\/\/www.facebook.com\/devgedent\/\",\"https:\/\/www.instagram.com\/devgedent\/\"]}]}<\/script>\n<!-- \/ Yoast SEO plugin. -->","yoast_head_json":{"title":"CONTACT - DEVGEDENT","robots":{"index":"index","follow":"follow","max-snippet":"max-snippet:-1","max-image-preview":"max-image-preview:large","max-video-preview":"max-video-preview:-1"},"canonical":"https:\/\/devgedent.com\/en\/contact\/","og_locale":"en_US","og_type":"article","og_title":"CONTACT - DEVGEDENT","og_url":"https:\/\/devgedent.com\/en\/contact\/","og_site_name":"DEVGEDENT","article_publisher":"https:\/\/www.facebook.com\/devgedent\/","article_modified_time":"2023-09-12T10:32:21+00:00","twitter_card":"summary_large_image","twitter_misc":{"Est. reading time":"4 minutes"},"schema":{"@context":"https:\/\/schema.org","@graph":[{"@type":"WebPage","@id":"https:\/\/devgedent.com\/en\/contact\/","url":"https:\/\/devgedent.com\/en\/contact\/","name":"CONTACT - DEVGEDENT","isPartOf":{"@id":"https:\/\/devgedent.com\/#website"},"datePublished":"2016-07-15T11:19:56+00:00","dateModified":"2023-09-12T10:32:21+00:00","breadcrumb":{"@id":"https:\/\/devgedent.com\/en\/contact\/#breadcrumb"},"inLanguage":"en-US","potentialAction":[{"@type":"ReadAction","target":["https:\/\/devgedent.com\/en\/contact\/"]}]},{"@type":"BreadcrumbList","@id":"https:\/\/devgedent.com\/en\/contact\/#breadcrumb","itemListElement":[{"@type":"ListItem","position":1,"name":"Anasayfa","item":"https:\/\/devgedent.com\/en\/homepage\/"},{"@type":"ListItem","position":2,"name":"CONTACT"}]},{"@type":"WebSite","@id":"https:\/\/devgedent.com\/#website","url":"https:\/\/devgedent.com\/","name":"DEVGEDENT","description":"Devgedent - Umraniye - Agiz ve Dis Sagligi Poliklinigi - 2163356132 \/ 5347834164","publisher":{"@id":"https:\/\/devgedent.com\/#organization"},"potentialAction":[{"@type":"SearchAction","target":{"@type":"EntryPoint","urlTemplate":"https:\/\/devgedent.com\/?s={search_term_string}"},"query-input":"required name=search_term_string"}],"inLanguage":"en-US"},{"@type":"Organization","@id":"https:\/\/devgedent.com\/#organization","name":"DEVGEDENT","url":"https:\/\/devgedent.com\/","logo":{"@type":"ImageObject","inLanguage":"en-US","@id":"https:\/\/devgedent.com\/#\/schema\/logo\/image\/","url":"https:\/\/devgedent.com\/wp-content\/uploads\/2021\/02\/devgedent-logo.png","contentUrl":"https:\/\/devgedent.com\/wp-content\/uploads\/2021\/02\/devgedent-logo.png","width":440,"height":156,"caption":"DEVGEDENT"},"image":{"@id":"https:\/\/devgedent.com\/#\/schema\/logo\/image\/"},"sameAs":["https:\/\/www.facebook.com\/devgedent\/","https:\/\/www.instagram.com\/devgedent\/"]}]}},"_links":{"self":[{"href":"https:\/\/devgedent.com\/en\/wp-json\/wp\/v2\/pages\/1783","targetHints":{"allow":["GET"]}}],"collection":[{"href":"https:\/\/devgedent.com\/en\/wp-json\/wp\/v2\/pages"}],"about":[{"href":"https:\/\/devgedent.com\/en\/wp-json\/wp\/v2\/types\/page"}],"author":[{"embeddable":true,"href":"https:\/\/devgedent.com\/en\/wp-json\/wp\/v2\/users\/1"}],"replies":[{"embeddable":true,"href":"https:\/\/devgedent.com\/en\/wp-json\/wp\/v2\/comments?post=1783"}],"version-history":[{"count":5,"href":"https:\/\/devgedent.com\/en\/wp-json\/wp\/v2\/pages\/1783\/revisions"}],"predecessor-version":[{"id":1935,"href":"https:\/\/devgedent.com\/en\/wp-json\/wp\/v2\/pages\/1783\/revisions\/1935"}],"wp:attachment":[{"href":"https:\/\/devgedent.com\/en\/wp-json\/wp\/v2\/media?parent=1783"}],"curies":[{"name":"wp","href":"https:\/\/api.w.org\/{rel}","templated":true}]}}